{"id":169,"date":"2014-08-09T22:18:44","date_gmt":"2014-08-09T22:18:44","guid":{"rendered":"http:\/\/uxthemes.wpengine.com\/product\/all-star-canvas-hi-converse\/"},"modified":"2026-04-06T08:32:39","modified_gmt":"2026-04-06T08:32:39","slug":"all-star-canvas-hi-converse","status":"publish","type":"product","link":"https:\/\/khituoi.vn\/?product=all-star-canvas-hi-converse","title":{"rendered":"NAVA AIR ERV ENCORE \u2013 Gi\u1ea3i ph\u00e1p kh\u00ed t\u01b0\u01a1i c\u00f4ng su\u1ea5t l\u1edbn cho t\u1eebng ph\u00f2ng"},"content":{"rendered":"<article class=\"text-token-text-primary w-full focus:outline-none [--shadow-height:45px] has-data-writing-block:pointer-events-none has-data-writing-block:-mt-(--shadow-height) has-data-writing-block:pt-(--shadow-height) [&amp;:has([data-writing-block])&gt;*]:pointer-events-auto scroll-mt-(--header-height)\" dir=\"auto\" tabindex=\"-1\" data-turn-id=\"5c575e08-edbd-4071-b938-d7d95c269395\" data-testid=\"conversation-turn-233\" data-scroll-anchor=\"false\" data-turn=\"user\"><\/article>\n<article class=\"text-token-text-primary w-full focus:outline-none [--shadow-height:45px] has-data-writing-block:pointer-events-none has-data-writing-block:-mt-(--shadow-height) has-data-writing-block:pt-(--shadow-height) [&amp;:has([data-writing-block])&gt;*]:pointer-events-auto scroll-mt-[calc(var(--header-height)+min(200px,max(70px,20svh)))]\" dir=\"auto\" tabindex=\"-1\" data-turn-id=\"request-68cfdfb9-1d80-832b-8c9c-e261d7f46320-4\" data-testid=\"conversation-turn-234\" data-scroll-anchor=\"true\" data-turn=\"assistant\">\n<div class=\"text-base my-auto mx-auto pb-10 [--thread-content-margin:--spacing(4)] @w-sm\/main:[--thread-content-margin:--spacing(6)] @w-lg\/main:[--thread-content-margin:--spacing(16)] px-(--thread-content-margin)\">\n<div class=\"[--thread-content-max-width:40rem] @w-lg\/main:[--thread-content-max-width:48rem] mx-auto max-w-(--thread-content-max-width) flex-1 group\/turn-messages focus-visible:outline-hidden relative flex w-full min-w-0 flex-col agent-turn\" tabindex=\"-1\">\n<div class=\"flex max-w-full flex-col grow\">\n<div class=\"min-h-8 text-message relative flex w-full flex-col items-end gap-2 text-start break-words whitespace-normal [.text-message+&amp;]:mt-1\" dir=\"auto\" data-message-author-role=\"assistant\" data-message-id=\"ff4e6a1c-0deb-4408-b17f-c13ba513058c\" data-message-model-slug=\"gpt-5-2\">\n<div class=\"flex w-full flex-col gap-1 empty:hidden first:pt-[1px]\">\n<div class=\"markdown prose dark:prose-invert w-full wrap-break-word light markdown-new-styling\">\n<p data-start=\"0\" data-end=\"120\"><strong data-start=\"0\" data-end=\"120\"><span class=\"hover:entity-accent entity-underline inline cursor-pointer align-baseline\"><span class=\"whitespace-normal\">NAVA AIR<\/span><\/span> ERV ENCORE \u2013 Gi\u1ea3i ph\u00e1p kh\u00ed t\u01b0\u01a1i c\u00f4ng su\u1ea5t l\u1edbn cho ph\u00f2ng \u0111\u01a1n<\/strong><\/p>\n<p data-start=\"122\" data-end=\"494\">NAVA AIR ERV ENCORE l\u00e0 d\u00f2ng m\u00e1y c\u1ea5p kh\u00ed t\u01b0\u01a1i 2 chi\u1ec1u hi\u1ec7u su\u1ea5t cao, thi\u1ebft k\u1ebf t\u1ed1i \u01b0u cho c\u0103n h\u1ed9 l\u1edbn, v\u0103n ph\u00f2ng, showroom, spa v\u00e0 c\u00e1c kh\u00f4ng gian kinh doanh c\u00f3 di\u1ec7n t\u00edch t\u1eeb 20\u201380m\u00b2. Thi\u1ebft b\u1ecb kh\u00f4ng ch\u1ec9 cung c\u1ea5p kh\u00ed t\u01b0\u01a1i li\u00ean t\u1ee5c m\u00e0 c\u00f2n t\u00edch h\u1ee3p c\u00f4ng ngh\u1ec7 thu h\u1ed3i nhi\u1ec7t v\u00e0 h\u1ec7 th\u1ed1ng l\u1ecdc \u0111a t\u1ea7ng chu\u1ea9n ch\u00e2u \u00c2u, gi\u00fap duy tr\u00ec m\u00f4i tr\u01b0\u1eddng trong l\u00e0nh \u2013 \u1ed5n \u0111\u1ecbnh \u2013 ti\u1ebft ki\u1ec7m n\u0103ng l\u01b0\u1ee3ng.<\/p>\n<p data-start=\"122\" data-end=\"494\"><img loading=\"lazy\" decoding=\"async\" class=\"alignnone size-medium wp-image-474\" src=\"https:\/\/khituoi.vn\/wp-content\/uploads\/2014\/08\/Lap_chiec_may_202604061524-717x400.jpg\" alt=\"\" width=\"717\" height=\"400\" srcset=\"https:\/\/khituoi.vn\/wp-content\/uploads\/2014\/08\/Lap_chiec_may_202604061524-717x400.jpg 717w, https:\/\/khituoi.vn\/wp-content\/uploads\/2014\/08\/Lap_chiec_may_202604061524-1400x781.jpg 1400w, https:\/\/khituoi.vn\/wp-content\/uploads\/2014\/08\/Lap_chiec_may_202604061524-768x429.jpg 768w, https:\/\/khituoi.vn\/wp-content\/uploads\/2014\/08\/Lap_chiec_may_202604061524-1536x857.jpg 1536w, https:\/\/khituoi.vn\/wp-content\/uploads\/2014\/08\/Lap_chiec_may_202604061524-2048x1143.jpg 2048w, https:\/\/khituoi.vn\/wp-content\/uploads\/2014\/08\/Lap_chiec_may_202604061524-600x335.jpg 600w\" sizes=\"auto, (max-width: 717px) 100vw, 717px\" \/><\/p>\n<h3 data-start=\"501\" data-end=\"546\">\ud83c\udf2c C\u1ea5p kh\u00ed t\u01b0\u01a1i m\u1ea1nh m\u1ebd \u2013 V\u1eadn h\u00e0nh b\u1ec1n b\u1ec9<\/h3>\n<ul data-start=\"547\" data-end=\"1009\">\n<li data-start=\"547\" data-end=\"624\">\n<p data-start=\"549\" data-end=\"624\"><strong data-start=\"549\" data-end=\"574\">L\u01b0u l\u01b0\u1ee3ng gi\u00f3 180m\u00b3\/h<\/strong> \u2013 \u0111\u00e1p \u1ee9ng hi\u1ec7u qu\u1ea3 cho kh\u00f4ng gian di\u1ec7n t\u00edch l\u1edbn<\/p>\n<\/li>\n<li data-start=\"625\" data-end=\"711\">\n<p data-start=\"627\" data-end=\"711\"><strong data-start=\"627\" data-end=\"657\">H\u1ec7 th\u1ed1ng 2 chi\u1ec1u to\u00e0n di\u1ec7n<\/strong> \u2013 c\u1ea5p kh\u00ed s\u1ea1ch, \u0111\u1ed3ng th\u1eddi th\u1ea3i kh\u00ed \u00f4 nhi\u1ec5m ra ngo\u00e0i<\/p>\n<\/li>\n<li data-start=\"712\" data-end=\"793\">\n<p data-start=\"714\" data-end=\"793\"><strong data-start=\"714\" data-end=\"742\">Thu h\u1ed3i nhi\u1ec7t th\u00f4ng minh<\/strong> \u2013 gi\u1ea3m th\u1ea5t tho\u00e1t nhi\u1ec7t, ti\u1ebft ki\u1ec7m \u0111i\u1ec7n \u0111i\u1ec1u h\u00f2a<\/p>\n<\/li>\n<li data-start=\"794\" data-end=\"866\">\n<p data-start=\"796\" data-end=\"866\"><strong data-start=\"796\" data-end=\"817\">\u0110\u1ed9 \u1ed3n t\u1ed1i \u0111a 26 dB<\/strong> \u2013 t\u1ed1i \u01b0u cho m\u00f4i tr\u01b0\u1eddng l\u00e0m vi\u1ec7c v\u00e0 kinh doanh<\/p>\n<\/li>\n<li data-start=\"867\" data-end=\"940\">\n<p data-start=\"869\" data-end=\"940\"><strong data-start=\"869\" data-end=\"902\">5 c\u1ea5p l\u1ecdc + b\u1ed9 trao \u0111\u1ed5i nhi\u1ec7t<\/strong> \u2013 l\u1ecdc s\u1ea1ch kh\u00f4ng kh\u00ed l\u00ean \u0111\u1ebfn 99,98%<\/p>\n<\/li>\n<li data-start=\"941\" data-end=\"1009\">\n<p data-start=\"943\" data-end=\"1009\"><strong data-start=\"943\" data-end=\"973\">M\u00e0n h\u00ecnh hi\u1ec3n th\u1ecb hi\u1ec7n \u0111\u1ea1i<\/strong> \u2013 d\u1ec5 d\u00e0ng ki\u1ec3m so\u00e1t v\u00e0 \u0111i\u1ec1u ch\u1ec9nh<\/p>\n<\/li>\n<\/ul>\n<p><img loading=\"lazy\" decoding=\"async\" class=\"alignnone size-medium wp-image-444\" src=\"https:\/\/khituoi.vn\/wp-content\/uploads\/2014\/08\/Anh-man-hinh-2026-03-07-luc-16.21.57-402x400.png\" alt=\"\" width=\"402\" height=\"400\" srcset=\"https:\/\/khituoi.vn\/wp-content\/uploads\/2014\/08\/Anh-man-hinh-2026-03-07-luc-16.21.57-402x400.png 402w, https:\/\/khituoi.vn\/wp-content\/uploads\/2014\/08\/Anh-man-hinh-2026-03-07-luc-16.21.57-804x800.png 804w, https:\/\/khituoi.vn\/wp-content\/uploads\/2014\/08\/Anh-man-hinh-2026-03-07-luc-16.21.57-280x280.png 280w, https:\/\/khituoi.vn\/wp-content\/uploads\/2014\/08\/Anh-man-hinh-2026-03-07-luc-16.21.57-768x765.png 768w, https:\/\/khituoi.vn\/wp-content\/uploads\/2014\/08\/Anh-man-hinh-2026-03-07-luc-16.21.57-300x300.png 300w, https:\/\/khituoi.vn\/wp-content\/uploads\/2014\/08\/Anh-man-hinh-2026-03-07-luc-16.21.57-600x597.png 600w, https:\/\/khituoi.vn\/wp-content\/uploads\/2014\/08\/Anh-man-hinh-2026-03-07-luc-16.21.57-100x100.png 100w, https:\/\/khituoi.vn\/wp-content\/uploads\/2014\/08\/Anh-man-hinh-2026-03-07-luc-16.21.57.png 1368w\" sizes=\"auto, (max-width: 402px) 100vw, 402px\" \/><\/p>\n<h3 data-start=\"1016\" data-end=\"1081\">\u2b50 Chu\u1ea9n ch\u1ea5t l\u01b0\u1ee3ng ch\u00e2u \u00c2u \u2013 T\u1ed1i \u01b0u cho kh\u00f4ng gian th\u01b0\u01a1ng m\u1ea1i<\/h3>\n<p data-start=\"1082\" data-end=\"1336\">\u0110\u01b0\u1ee3c s\u1ea3n xu\u1ea5t theo ti\u00eau chu\u1ea9n ch\u1ea5t l\u01b0\u1ee3ng ch\u00e2u \u00c2u (EU GMP), NAVA AIR ERV ENCORE \u0111\u1ea3m b\u1ea3o hi\u1ec7u su\u1ea5t \u1ed5n \u0111\u1ecbnh, \u0111\u1ed9 b\u1ec1n cao v\u00e0 v\u1eadn h\u00e0nh an to\u00e0n trong th\u1eddi gian d\u00e0i. Thi\u1ebft k\u1ebf t\u1ed1i gi\u1ea3n, tinh t\u1ebf gi\u00fap thi\u1ebft b\u1ecb d\u1ec5 d\u00e0ng h\u00f2a h\u1ee3p v\u1edbi nhi\u1ec1u phong c\u00e1ch n\u1ed9i th\u1ea5t hi\u1ec7n \u0111\u1ea1i.<\/p>\n<h3 data-start=\"1343\" data-end=\"1362\">\ud83d\udcbc Ph\u00f9 h\u1ee3p cho:<\/h3>\n<p data-start=\"1363\" data-end=\"1492\">\u2714 C\u0103n h\u1ed9 di\u1ec7n t\u00edch l\u1edbn<br data-start=\"1385\" data-end=\"1388\" \/>\u2714 V\u0103n ph\u00f2ng l\u00e0m vi\u1ec7c<br data-start=\"1408\" data-end=\"1411\" \/>\u2714 Spa, ph\u00f2ng kh\u00e1m, showroom<br data-start=\"1438\" data-end=\"1441\" \/>\u2714 Kh\u00f4ng gian kinh doanh c\u1ea7n trao \u0111\u1ed5i kh\u00ed li\u00ean t\u1ee5c<\/p>\n<p data-start=\"1363\" data-end=\"1492\"><img loading=\"lazy\" decoding=\"async\" class=\"size-medium wp-image-475 alignnone\" src=\"https:\/\/khituoi.vn\/wp-content\/uploads\/2014\/08\/Lap_chiec_may_202604061525-717x400.jpg\" alt=\"\" width=\"717\" height=\"400\" srcset=\"https:\/\/khituoi.vn\/wp-content\/uploads\/2014\/08\/Lap_chiec_may_202604061525-717x400.jpg 717w, https:\/\/khituoi.vn\/wp-content\/uploads\/2014\/08\/Lap_chiec_may_202604061525-1400x781.jpg 1400w, https:\/\/khituoi.vn\/wp-content\/uploads\/2014\/08\/Lap_chiec_may_202604061525-768x429.jpg 768w, https:\/\/khituoi.vn\/wp-content\/uploads\/2014\/08\/Lap_chiec_may_202604061525-1536x857.jpg 1536w, https:\/\/khituoi.vn\/wp-content\/uploads\/2014\/08\/Lap_chiec_may_202604061525-2048x1143.jpg 2048w, https:\/\/khituoi.vn\/wp-content\/uploads\/2014\/08\/Lap_chiec_may_202604061525-600x335.jpg 600w\" sizes=\"auto, (max-width: 717px) 100vw, 717px\" \/><\/p>\n<p data-start=\"1494\" data-end=\"1661\" data-is-last-node=\"\" data-is-only-node=\"\"><strong data-start=\"1494\" data-end=\"1661\" data-is-last-node=\"\">NAVA AIR ERV ENCORE kh\u00f4ng ch\u1ec9 l\u00e0 thi\u1ebft b\u1ecb th\u00f4ng gi\u00f3, m\u00e0 l\u00e0 gi\u1ea3i ph\u00e1p ki\u1ec3m so\u00e1t ch\u1ea5t l\u01b0\u1ee3ng kh\u00f4ng kh\u00ed ch\u1ee7 \u0111\u1ed9ng \u2013 gi\u00fap n\u00e2ng t\u1ea7m tr\u1ea3i nghi\u1ec7m s\u1ed1ng v\u00e0 l\u00e0m vi\u1ec7c m\u1ed7i ng\u00e0y.<\/strong><\/p>\n<\/div>\n<\/div>\n<\/div>\n<\/div>\n<\/div>\n<\/div>\n<\/article>\n","protected":false},"excerpt":{"rendered":"<p>Vivamus semper adipiscing convallis. Etiam non euismod tellus. Maecenas accumsan mauris a erat interdum volutpat.<\/p>\n","protected":false},"featured_media":446,"comment_status":"open","ping_status":"closed","template":"","meta":[],"product_brand":[],"product_cat":[15],"product_tag":[29,30,31],"class_list":{"0":"post-169","1":"product","2":"type-product","3":"status-publish","4":"has-post-thumbnail","6":"product_cat-maygantuong","7":"product_tag-diesel","8":"product_tag-shoe","9":"product_tag-stars","11":"first","12":"instock","13":"shipping-taxable","14":"purchasable","15":"product-type-variable"},"jetpack_sharing_enabled":true,"_links":{"self":[{"href":"https:\/\/khituoi.vn\/index.php?rest_route=\/wp\/v2\/product\/169","targetHints":{"allow":["GET"]}}],"collection":[{"href":"https:\/\/khituoi.vn\/index.php?rest_route=\/wp\/v2\/product"}],"about":[{"href":"https:\/\/khituoi.vn\/index.php?rest_route=\/wp\/v2\/types\/product"}],"replies":[{"embeddable":true,"href":"https:\/\/khituoi.vn\/index.php?rest_route=%2Fwp%2Fv2%2Fcomments&post=169"}],"wp:featuredmedia":[{"embeddable":true,"href":"https:\/\/khituoi.vn\/index.php?rest_route=\/wp\/v2\/media\/446"}],"wp:attachment":[{"href":"https:\/\/khituoi.vn\/index.php?rest_route=%2Fwp%2Fv2%2Fmedia&parent=169"}],"wp:term":[{"taxonomy":"product_brand","embeddable":true,"href":"https:\/\/khituoi.vn\/index.php?rest_route=%2Fwp%2Fv2%2Fproduct_brand&post=169"},{"taxonomy":"product_cat","embeddable":true,"href":"https:\/\/khituoi.vn\/index.php?rest_route=%2Fwp%2Fv2%2Fproduct_cat&post=169"},{"taxonomy":"product_tag","embeddable":true,"href":"https:\/\/khituoi.vn\/index.php?rest_route=%2Fwp%2Fv2%2Fproduct_tag&post=169"}],"curies":[{"name":"wp","href":"https:\/\/api.w.org\/{rel}","templated":true}]}}