{"id":170,"date":"2014-08-09T21:11:51","date_gmt":"2014-08-09T21:11:51","guid":{"rendered":"http:\/\/uxthemes.wpengine.com\/product\/fluro-big-pullover-designers-remix\/"},"modified":"2026-03-04T09:43:10","modified_gmt":"2026-03-04T09:43:10","slug":"fluro-big-pullover-designers-remix","status":"publish","type":"product","link":"https:\/\/khituoi.vn\/?product=fluro-big-pullover-designers-remix","title":{"rendered":"NAVA AIR KT 250 \u2013 Gi\u1ea3i ph\u00e1p c\u1ea5p kh\u00ed t\u01b0\u01a1i &#038; h\u00fat m\u00f9i t\u1ed1i \u01b0u cho kh\u00f4ng gian 50\u201389m\u00b2"},"content":{"rendered":"<article class=\"text-token-text-primary w-full focus:outline-none [--shadow-height:45px] has-data-writing-block:pointer-events-none has-data-writing-block:-mt-(--shadow-height) has-data-writing-block:pt-(--shadow-height) [&amp;:has([data-writing-block])&gt;*]:pointer-events-auto scroll-mt-(--header-height)\" dir=\"auto\" tabindex=\"-1\" data-turn-id=\"ecbcec60-a196-4166-be0a-5536cee0cc3e\" data-testid=\"conversation-turn-255\" data-scroll-anchor=\"false\" data-turn=\"user\"><\/article>\n<article class=\"text-token-text-primary w-full focus:outline-none [--shadow-height:45px] has-data-writing-block:pointer-events-none has-data-writing-block:-mt-(--shadow-height) has-data-writing-block:pt-(--shadow-height) [&amp;:has([data-writing-block])&gt;*]:pointer-events-auto scroll-mt-[calc(var(--header-height)+min(200px,max(70px,20svh)))]\" dir=\"auto\" tabindex=\"-1\" data-turn-id=\"request-68cfdfb9-1d80-832b-8c9c-e261d7f46320-15\" data-testid=\"conversation-turn-256\" data-scroll-anchor=\"true\" data-turn=\"assistant\">\n<div class=\"text-base my-auto mx-auto pb-10 [--thread-content-margin:--spacing(4)] @w-sm\/main:[--thread-content-margin:--spacing(6)] @w-lg\/main:[--thread-content-margin:--spacing(16)] px-(--thread-content-margin)\">\n<div class=\"[--thread-content-max-width:40rem] @w-lg\/main:[--thread-content-max-width:48rem] mx-auto max-w-(--thread-content-max-width) flex-1 group\/turn-messages focus-visible:outline-hidden relative flex w-full min-w-0 flex-col agent-turn\" tabindex=\"-1\">\n<div class=\"flex max-w-full flex-col grow\">\n<div class=\"min-h-8 text-message relative flex w-full flex-col items-end gap-2 text-start break-words whitespace-normal [.text-message+&amp;]:mt-1\" dir=\"auto\" data-message-author-role=\"assistant\" data-message-id=\"b08244c7-54e4-4275-890c-ec602ff1005b\" data-message-model-slug=\"gpt-5-2\">\n<div class=\"flex w-full flex-col gap-1 empty:hidden first:pt-[1px]\">\n<div class=\"markdown prose dark:prose-invert w-full wrap-break-word light markdown-new-styling\">\n<p data-start=\"0\" data-end=\"113\"><strong data-start=\"0\" data-end=\"113\"><span class=\"hover:entity-accent entity-underline inline cursor-pointer align-baseline\"><span class=\"whitespace-normal\">NAVA AIR<\/span><\/span> KT 250 \u2013 Gi\u1ea3i ph\u00e1p c\u1ea5p kh\u00ed t\u01b0\u01a1i &amp; h\u00fat m\u00f9i t\u1ed1i \u01b0u cho kh\u00f4ng gian 50\u201389m\u00b2<\/strong><\/p>\n<p data-start=\"115\" data-end=\"413\">Trong c\u00e1c c\u0103n h\u1ed9, v\u0103n ph\u00f2ng nh\u1ecf hay kh\u00f4ng gian kinh doanh di\u1ec7n t\u00edch v\u1eeba, kh\u00f4ng kh\u00ed t\u00f9 \u0111\u1ecdng, m\u00f9i kh\u00f3 ch\u1ecbu v\u00e0 b\u1ee5i m\u1ecbn l\u00e0 nh\u1eefng v\u1ea5n \u0111\u1ec1 th\u01b0\u1eddng g\u1eb7p. NAVA AIR KT 250 \u0111\u01b0\u1ee3c thi\u1ebft k\u1ebf nh\u01b0 m\u1ed9t gi\u1ea3i ph\u00e1p \u201c2 trong 1\u201d: v\u1eeba si\u00eau h\u00fat m\u00f9i \u2013 h\u00fat b\u1ee5i m\u1ecbn, v\u1eeba c\u1ea5p kh\u00ed t\u01b0\u01a1i hi\u1ec7u qu\u1ea3, t\u1ed1i \u01b0u chi ph\u00ed \u0111\u1ea7u t\u01b0 v\u00e0 v\u1eadn h\u00e0nh.<\/p>\n<h2 data-start=\"420\" data-end=\"461\">\ud83c\udf2c L\u01b0u l\u01b0\u1ee3ng 250m\u00b3\/h \u2013 Ph\u00f9 h\u1ee3p 50\u201389m\u00b2<\/h2>\n<ul data-start=\"462\" data-end=\"646\">\n<li data-start=\"462\" data-end=\"519\">\n<p data-start=\"464\" data-end=\"519\">\u0110\u1ea3m b\u1ea3o cung c\u1ea5p kh\u00ed t\u01b0\u01a1i li\u00ean t\u1ee5c cho kh\u00f4ng gian k\u00edn<\/p>\n<\/li>\n<li data-start=\"520\" data-end=\"575\">\n<p data-start=\"522\" data-end=\"575\">H\u1ed7 tr\u1ee3 gi\u1ea3m n\u1ed3ng \u0111\u1ed9 CO\u2082, lo\u1ea1i b\u1ecf c\u1ea3m gi\u00e1c ng\u1ed9t ng\u1ea1t<\/p>\n<\/li>\n<li data-start=\"576\" data-end=\"646\">\n<p data-start=\"578\" data-end=\"646\">Ph\u00f9 h\u1ee3p c\u0103n h\u1ed9 chung c\u01b0, v\u0103n ph\u00f2ng nh\u1ecf, spa mini, c\u1eeda h\u00e0ng d\u1ecbch v\u1ee5<\/p>\n<\/li>\n<\/ul>\n<h2 data-start=\"653\" data-end=\"701\">\ud83c\udf3f H\u00fat m\u00f9i m\u1ea1nh m\u1ebd \u2013 L\u1ecdc kh\u00ed chuy\u00ean s\u00e2u 3 c\u1ea5p<\/h2>\n<p data-start=\"702\" data-end=\"724\">H\u1ec7 th\u1ed1ng l\u1ecdc t\u00edch h\u1ee3p:<\/p>\n<ul data-start=\"725\" data-end=\"900\">\n<li data-start=\"725\" data-end=\"769\">\n<p data-start=\"727\" data-end=\"769\"><strong data-start=\"727\" data-end=\"738\">L\u1ecdc th\u00f4<\/strong>: gi\u1eef l\u1ea1i b\u1ee5i l\u1edbn v\u00e0 t\u1ea1p ch\u1ea5t<\/p>\n<\/li>\n<li data-start=\"770\" data-end=\"826\">\n<p data-start=\"772\" data-end=\"826\"><strong data-start=\"772\" data-end=\"794\">L\u1ecdc than ho\u1ea1t t\u00ednh<\/strong>: kh\u1eed m\u00f9i, h\u1ea5p th\u1ee5 kh\u00ed \u0111\u1ed9c h\u1ea1i<\/p>\n<\/li>\n<li data-start=\"827\" data-end=\"900\">\n<p data-start=\"829\" data-end=\"900\"><strong data-start=\"829\" data-end=\"841\">L\u1ecdc HEPA<\/strong>: lo\u1ea1i b\u1ecf b\u1ee5i si\u00eau m\u1ecbn PM2.5 v\u1edbi hi\u1ec7u su\u1ea5t l\u00ean \u0111\u1ebfn 99,97%<\/p>\n<\/li>\n<\/ul>\n<p data-start=\"902\" data-end=\"1016\">Kh\u00f4ng kh\u00ed tr\u01b0\u1edbc khi \u0111\u01b0a v\u00e0o ph\u00f2ng \u0111\u01b0\u1ee3c x\u1eed l\u00fd s\u1ea1ch s\u00e2u, gi\u00fap b\u1ea3o v\u1ec7 h\u1ec7 h\u00f4 h\u1ea5p v\u00e0 n\u00e2ng cao ch\u1ea5t l\u01b0\u1ee3ng s\u1ed1ng m\u1ed7i ng\u00e0y.<\/p>\n<h2 data-start=\"1023\" data-end=\"1063\">\ud83d\udd07 V\u1eadn h\u00e0nh \u00eam \u00e1i \u2013 \u0110\u1ed9 \u1ed3n t\u1ed1i \u0111a 27dB<\/h2>\n<p data-start=\"1064\" data-end=\"1192\">Ho\u1ea1t \u0111\u1ed9ng \u1ed5n \u0111\u1ecbnh v\u1edbi \u0111\u1ed9 \u1ed3n ch\u1ec9 27dB \u2013 y\u00ean t\u0129nh h\u01a1n ti\u1ebfng l\u00e1 r\u01a1i, ph\u00f9 h\u1ee3p cho kh\u00f4ng gian l\u00e0m vi\u1ec7c v\u00e0 ngh\u1ec9 ng\u01a1i c\u1ea7n s\u1ef1 t\u0129nh l\u1eb7ng.<\/p>\n<h2 data-start=\"1199\" data-end=\"1235\">\u2b50 S\u1ea3n xu\u1ea5t theo ti\u00eau chu\u1ea9n EU GMP<\/h2>\n<p data-start=\"1236\" data-end=\"1302\">NAVA AIR KT 250 \u0111\u01b0\u1ee3c s\u1ea3n xu\u1ea5t theo ti\u00eau chu\u1ea9n <strong data-start=\"1282\" data-end=\"1292\">EU GMP<\/strong>, \u0111\u1ea3m b\u1ea3o:<\/p>\n<ul data-start=\"1303\" data-end=\"1389\">\n<li data-start=\"1303\" data-end=\"1335\">\n<p data-start=\"1305\" data-end=\"1335\">Ch\u1ea5t l\u01b0\u1ee3ng linh ki\u1ec7n \u0111\u1ed3ng b\u1ed9<\/p>\n<\/li>\n<li data-start=\"1336\" data-end=\"1350\">\n<p data-start=\"1338\" data-end=\"1350\">\u0110\u1ed9 b\u1ec1n cao<\/p>\n<\/li>\n<li data-start=\"1351\" data-end=\"1389\">\n<p data-start=\"1353\" data-end=\"1389\">Hi\u1ec7u su\u1ea5t v\u1eadn h\u00e0nh \u1ed5n \u0111\u1ecbnh l\u00e2u d\u00e0i<\/p>\n<\/li>\n<\/ul>\n<h3 data-start=\"1396\" data-end=\"1465\">\ud83c\udfaf NAVA AIR KT 250 \u2013 Gi\u1ea3i ph\u00e1p th\u00f4ng minh cho kh\u00f4ng gian hi\u1ec7n \u0111\u1ea1i<\/h3>\n<p data-start=\"1466\" data-end=\"1646\" data-is-last-node=\"\" data-is-only-node=\"\">Kh\u00f4ng ch\u1ec9 l\u00e0 m\u00e1y c\u1ea5p kh\u00ed t\u01b0\u01a1i, KT 250 c\u00f2n l\u00e0 h\u1ec7 th\u1ed1ng ki\u1ec3m so\u00e1t m\u00f9i v\u00e0 b\u1ee5i m\u1ecbn hi\u1ec7u qu\u1ea3, gi\u00fap m\u1ed7i m\u00e9t vu\u00f4ng kh\u00f4ng gian tr\u1edf n\u00ean trong l\u00e0nh, chuy\u00ean nghi\u1ec7p v\u00e0 t\u1ed1i \u01b0u chi ph\u00ed v\u1eadn h\u00e0nh.<\/p>\n<\/div>\n<\/div>\n<\/div>\n<\/div>\n<\/div>\n<\/div>\n<\/article>\n","protected":false},"excerpt":{"rendered":"<p>Lorem ipsum dolor sit amet, consectetur adipiscing elit. Duis condimentum pretium turpis, vel pulvinar diam vulputate quis. Donec porttitor volutpat rutrum.\u00a0Fluro Big Pullover NOK 1795, Designers Remix &#8211; Nelly.com<\/p>\n","protected":false},"featured_media":339,"comment_status":"open","ping_status":"closed","template":"","meta":[],"product_brand":[],"product_cat":[60],"product_tag":[],"class_list":{"0":"post-170","1":"product","2":"type-product","3":"status-publish","4":"has-post-thumbnail","6":"product_cat-maycapkhituoihaichieu","8":"first","9":"instock","10":"shipping-taxable","11":"product-type-simple"},"jetpack_sharing_enabled":true,"_links":{"self":[{"href":"https:\/\/khituoi.vn\/index.php?rest_route=\/wp\/v2\/product\/170","targetHints":{"allow":["GET"]}}],"collection":[{"href":"https:\/\/khituoi.vn\/index.php?rest_route=\/wp\/v2\/product"}],"about":[{"href":"https:\/\/khituoi.vn\/index.php?rest_route=\/wp\/v2\/types\/product"}],"replies":[{"embeddable":true,"href":"https:\/\/khituoi.vn\/index.php?rest_route=%2Fwp%2Fv2%2Fcomments&post=170"}],"wp:featuredmedia":[{"embeddable":true,"href":"https:\/\/khituoi.vn\/index.php?rest_route=\/wp\/v2\/media\/339"}],"wp:attachment":[{"href":"https:\/\/khituoi.vn\/index.php?rest_route=%2Fwp%2Fv2%2Fmedia&parent=170"}],"wp:term":[{"taxonomy":"product_brand","embeddable":true,"href":"https:\/\/khituoi.vn\/index.php?rest_route=%2Fwp%2Fv2%2Fproduct_brand&post=170"},{"taxonomy":"product_cat","embeddable":true,"href":"https:\/\/khituoi.vn\/index.php?rest_route=%2Fwp%2Fv2%2Fproduct_cat&post=170"},{"taxonomy":"product_tag","embeddable":true,"href":"https:\/\/khituoi.vn\/index.php?rest_route=%2Fwp%2Fv2%2Fproduct_tag&post=170"}],"curies":[{"name":"wp","href":"https:\/\/api.w.org\/{rel}","templated":true}]}}