{"id":171,"date":"2014-08-08T20:57:29","date_gmt":"2014-08-08T20:57:29","guid":{"rendered":"http:\/\/uxthemes.wpengine.com\/?post_type=product&#038;p=132"},"modified":"2026-03-04T09:40:45","modified_gmt":"2026-03-04T09:40:45","slug":"varanise-cn-tee-hilfiger-denim","status":"publish","type":"product","link":"https:\/\/khituoi.vn\/?product=varanise-cn-tee-hilfiger-denim","title":{"rendered":"NAVA AIR KT 350 \u2013 Gi\u1ea3i ph\u00e1p c\u1ea5p kh\u00ed t\u01b0\u01a1i &#038; h\u00fat m\u00f9i m\u1ea1nh m\u1ebd cho kh\u00f4ng gian 90\u2013125m\u00b2"},"content":{"rendered":"<article class=\"text-token-text-primary w-full focus:outline-none [--shadow-height:45px] has-data-writing-block:pointer-events-none has-data-writing-block:-mt-(--shadow-height) has-data-writing-block:pt-(--shadow-height) [&amp;:has([data-writing-block])&gt;*]:pointer-events-auto scroll-mt-(--header-height)\" dir=\"auto\" tabindex=\"-1\" data-turn-id=\"ce2a2de7-9e1a-4ec0-8a88-2a159c4f0893\" data-testid=\"conversation-turn-257\" data-scroll-anchor=\"false\" data-turn=\"user\"><\/article>\n<article class=\"text-token-text-primary w-full focus:outline-none [--shadow-height:45px] has-data-writing-block:pointer-events-none has-data-writing-block:-mt-(--shadow-height) has-data-writing-block:pt-(--shadow-height) [&amp;:has([data-writing-block])&gt;*]:pointer-events-auto scroll-mt-[calc(var(--header-height)+min(200px,max(70px,20svh)))]\" dir=\"auto\" tabindex=\"-1\" data-turn-id=\"request-68cfdfb9-1d80-832b-8c9c-e261d7f46320-16\" data-testid=\"conversation-turn-258\" data-scroll-anchor=\"true\" data-turn=\"assistant\">\n<div class=\"text-base my-auto mx-auto pb-10 [--thread-content-margin:--spacing(4)] @w-sm\/main:[--thread-content-margin:--spacing(6)] @w-lg\/main:[--thread-content-margin:--spacing(16)] px-(--thread-content-margin)\">\n<div class=\"[--thread-content-max-width:40rem] @w-lg\/main:[--thread-content-max-width:48rem] mx-auto max-w-(--thread-content-max-width) flex-1 group\/turn-messages focus-visible:outline-hidden relative flex w-full min-w-0 flex-col agent-turn\" tabindex=\"-1\">\n<div class=\"flex max-w-full flex-col grow\">\n<div class=\"min-h-8 text-message relative flex w-full flex-col items-end gap-2 text-start break-words whitespace-normal [.text-message+&amp;]:mt-1\" dir=\"auto\" data-message-author-role=\"assistant\" data-message-id=\"7aa8418c-5b26-4769-8811-8c126f78c1f5\" data-message-model-slug=\"gpt-5-2\">\n<div class=\"flex w-full flex-col gap-1 empty:hidden first:pt-[1px]\">\n<div class=\"markdown prose dark:prose-invert w-full wrap-break-word light markdown-new-styling\">\n<p data-start=\"0\" data-end=\"115\"><strong data-start=\"0\" data-end=\"115\"><span class=\"hover:entity-accent entity-underline inline cursor-pointer align-baseline\"><span class=\"whitespace-normal\">NAVA AIR<\/span><\/span> KT 350 \u2013 Gi\u1ea3i ph\u00e1p c\u1ea5p kh\u00ed t\u01b0\u01a1i &amp; h\u00fat m\u00f9i m\u1ea1nh m\u1ebd cho kh\u00f4ng gian 90\u2013125m\u00b2<\/strong><\/p>\n<p data-start=\"117\" data-end=\"442\">Trong c\u00e1c kh\u00f4ng gian kinh doanh v\u00e0 sinh ho\u1ea1t di\u1ec7n t\u00edch trung b\u00ecnh, vi\u1ec7c ki\u1ec3m so\u00e1t m\u00f9i, b\u1ee5i m\u1ecbn v\u00e0 \u0111\u1ea3m b\u1ea3o ngu\u1ed3n kh\u00ed t\u01b0\u01a1i li\u00ean t\u1ee5c l\u00e0 y\u1ebfu t\u1ed1 quy\u1ebft \u0111\u1ecbnh s\u1ef1 tho\u1ea3i m\u00e1i v\u00e0 chuy\u00ean nghi\u1ec7p. NAVA AIR KT 350 \u0111\u01b0\u1ee3c thi\u1ebft k\u1ebf theo \u0111\u1ecbnh h\u01b0\u1edbng t\u1ed1i \u01b0u hi\u1ec7u qu\u1ea3 \u2013 t\u1ed1i \u01b0u chi ph\u00ed, mang l\u1ea1i gi\u1ea3i ph\u00e1p th\u00f4ng gi\u00f3 to\u00e0n di\u1ec7n cho kh\u00f4ng gian hi\u1ec7n \u0111\u1ea1i.<\/p>\n<h2 data-start=\"449\" data-end=\"491\">\ud83c\udf2c L\u01b0u l\u01b0\u1ee3ng 350m\u00b3\/h \u2013 Ph\u00f9 h\u1ee3p 90\u2013125m\u00b2<\/h2>\n<ul data-start=\"492\" data-end=\"691\">\n<li data-start=\"492\" data-end=\"540\">\n<p data-start=\"494\" data-end=\"540\">Cung c\u1ea5p kh\u00ed t\u01b0\u01a1i \u1ed5n \u0111\u1ecbnh cho kh\u00f4ng gian k\u00edn<\/p>\n<\/li>\n<li data-start=\"541\" data-end=\"596\">\n<p data-start=\"543\" data-end=\"596\">H\u1ed7 tr\u1ee3 gi\u1ea3m n\u1ed3ng \u0111\u1ed9 CO\u2082, h\u1ea1n ch\u1ebf c\u1ea3m gi\u00e1c ng\u1ed9t ng\u1ea1t<\/p>\n<\/li>\n<li data-start=\"597\" data-end=\"691\">\n<p data-start=\"599\" data-end=\"691\">\u0110\u00e1p \u1ee9ng t\u1ed1t nhu c\u1ea7u t\u1ea1i v\u0103n ph\u00f2ng, spa, ph\u00f2ng kh\u00e1m, c\u1eeda h\u00e0ng d\u1ecbch v\u1ee5, c\u0103n h\u1ed9 di\u1ec7n t\u00edch l\u1edbn<\/p>\n<\/li>\n<\/ul>\n<h2 data-start=\"698\" data-end=\"745\">\ud83c\udf3f Si\u00eau h\u00fat m\u00f9i \u2013 L\u1ecdc b\u1ee5i m\u1ecbn hi\u1ec7u qu\u1ea3 3 c\u1ea5p<\/h2>\n<p data-start=\"746\" data-end=\"779\">H\u1ec7 th\u1ed1ng l\u1ecdc t\u00edch h\u1ee3p chuy\u00ean s\u00e2u:<\/p>\n<ul data-start=\"780\" data-end=\"955\">\n<li data-start=\"780\" data-end=\"824\">\n<p data-start=\"782\" data-end=\"824\"><strong data-start=\"782\" data-end=\"793\">L\u1ecdc th\u00f4<\/strong>: gi\u1eef l\u1ea1i b\u1ee5i l\u1edbn v\u00e0 t\u1ea1p ch\u1ea5t<\/p>\n<\/li>\n<li data-start=\"825\" data-end=\"881\">\n<p data-start=\"827\" data-end=\"881\"><strong data-start=\"827\" data-end=\"849\">L\u1ecdc than ho\u1ea1t t\u00ednh<\/strong>: kh\u1eed m\u00f9i, h\u1ea5p th\u1ee5 kh\u00ed \u0111\u1ed9c h\u1ea1i<\/p>\n<\/li>\n<li data-start=\"882\" data-end=\"955\">\n<p data-start=\"884\" data-end=\"955\"><strong data-start=\"884\" data-end=\"896\">L\u1ecdc HEPA<\/strong>: lo\u1ea1i b\u1ecf b\u1ee5i si\u00eau m\u1ecbn PM2.5 v\u1edbi hi\u1ec7u su\u1ea5t l\u00ean t\u1edbi 99,97%<\/p>\n<\/li>\n<\/ul>\n<p data-start=\"957\" data-end=\"1075\">Kh\u00f4ng kh\u00ed \u0111\u01b0\u1ee3c x\u1eed l\u00fd s\u1ea1ch tr\u01b0\u1edbc khi c\u1ea5p v\u00e0o kh\u00f4ng gian, g\u00f3p ph\u1ea7n b\u1ea3o v\u1ec7 h\u1ec7 h\u00f4 h\u1ea5p v\u00e0 n\u00e2ng cao ch\u1ea5t l\u01b0\u1ee3ng s\u1ed1ng l\u00e2u d\u00e0i.<\/p>\n<h2 data-start=\"1082\" data-end=\"1122\">\ud83d\udd07 V\u1eadn h\u00e0nh \u00eam \u00e1i \u2013 \u0110\u1ed9 \u1ed3n t\u1ed1i \u0111a 29dB<\/h2>\n<p data-start=\"1123\" data-end=\"1242\">D\u00f9 s\u1edf h\u1eefu c\u00f4ng su\u1ea5t l\u1edbn h\u01a1n, KT 350 v\u1eabn duy tr\u00ec \u0111\u1ed9 \u1ed3n ch\u1ec9 29dB \u2013 \u0111\u1ea3m b\u1ea3o m\u00f4i tr\u01b0\u1eddng y\u00ean t\u0129nh cho l\u00e0m vi\u1ec7c v\u00e0 ngh\u1ec9 ng\u01a1i.<\/p>\n<h2 data-start=\"1249\" data-end=\"1285\">\u2b50 S\u1ea3n xu\u1ea5t theo ti\u00eau chu\u1ea9n EU GMP<\/h2>\n<p data-start=\"1286\" data-end=\"1343\">KT 350 \u0111\u01b0\u1ee3c s\u1ea3n xu\u1ea5t theo ti\u00eau chu\u1ea9n <strong data-start=\"1323\" data-end=\"1333\">EU GMP<\/strong>, \u0111\u1ea3m b\u1ea3o:<\/p>\n<ul data-start=\"1344\" data-end=\"1454\">\n<li data-start=\"1344\" data-end=\"1376\">\n<p data-start=\"1346\" data-end=\"1376\">Ch\u1ea5t l\u01b0\u1ee3ng linh ki\u1ec7n \u0111\u1ed3ng b\u1ed9<\/p>\n<\/li>\n<li data-start=\"1377\" data-end=\"1409\">\n<p data-start=\"1379\" data-end=\"1409\">\u0110\u1ed9 b\u1ec1n cao, v\u1eadn h\u00e0nh \u1ed5n \u0111\u1ecbnh<\/p>\n<\/li>\n<li data-start=\"1410\" data-end=\"1454\">\n<p data-start=\"1412\" data-end=\"1454\">Hi\u1ec7u su\u1ea5t l\u00e2u d\u00e0i, t\u1ed1i \u01b0u chi ph\u00ed \u0111\u1ea7u t\u01b0<\/p>\n<\/li>\n<\/ul>\n<h3 data-start=\"1461\" data-end=\"1539\">\ud83c\udfaf NAVA AIR KT 350 \u2013 Ki\u1ec3m so\u00e1t kh\u00f4ng kh\u00ed to\u00e0n di\u1ec7n cho kh\u00f4ng gian hi\u1ec7n \u0111\u1ea1i<\/h3>\n<p data-start=\"1540\" data-end=\"1731\" data-is-last-node=\"\" data-is-only-node=\"\">Kh\u00f4ng ch\u1ec9 l\u00e0 m\u00e1y c\u1ea5p kh\u00ed t\u01b0\u01a1i, KT 350 c\u00f2n l\u00e0 gi\u1ea3i ph\u00e1p h\u00fat m\u00f9i \u2013 l\u1ecdc b\u1ee5i m\u1ecbn chuy\u00ean nghi\u1ec7p, gi\u00fap m\u1ed7i kh\u00f4ng gian tr\u1edf n\u00ean trong l\u00e0nh, tho\u00e1ng \u0111\u00e3ng v\u00e0 \u0111\u1ea1t chu\u1ea9n s\u1ed1ng xanh theo ti\u00eau chu\u1ea9n ch\u00e2u \u00c2u.<\/p>\n<\/div>\n<\/div>\n<\/div>\n<\/div>\n<\/div>\n<\/div>\n<\/article>\n","protected":false},"excerpt":{"rendered":"<p>Varanise CN Tee NOK 449, Hilfiger Denim &#8211; NELLY.COM.\u00a0Marfa authentic High Life veniam.\u00a0Tumblr post-ironic typewriter, sriracha tote bag kogi you. Direct trade Banksy Carles pop-up. Marfa authentic High Life veniam.<\/p>\n","protected":false},"featured_media":340,"comment_status":"open","ping_status":"closed","template":"","meta":[],"product_brand":[],"product_cat":[60],"product_tag":[],"class_list":{"0":"post-171","1":"product","2":"type-product","3":"status-publish","4":"has-post-thumbnail","6":"product_cat-maycapkhituoihaichieu","8":"first","9":"instock","10":"shipping-taxable","11":"product-type-simple"},"jetpack_sharing_enabled":true,"_links":{"self":[{"href":"https:\/\/khituoi.vn\/index.php?rest_route=\/wp\/v2\/product\/171","targetHints":{"allow":["GET"]}}],"collection":[{"href":"https:\/\/khituoi.vn\/index.php?rest_route=\/wp\/v2\/product"}],"about":[{"href":"https:\/\/khituoi.vn\/index.php?rest_route=\/wp\/v2\/types\/product"}],"replies":[{"embeddable":true,"href":"https:\/\/khituoi.vn\/index.php?rest_route=%2Fwp%2Fv2%2Fcomments&post=171"}],"wp:featuredmedia":[{"embeddable":true,"href":"https:\/\/khituoi.vn\/index.php?rest_route=\/wp\/v2\/media\/340"}],"wp:attachment":[{"href":"https:\/\/khituoi.vn\/index.php?rest_route=%2Fwp%2Fv2%2Fmedia&parent=171"}],"wp:term":[{"taxonomy":"product_brand","embeddable":true,"href":"https:\/\/khituoi.vn\/index.php?rest_route=%2Fwp%2Fv2%2Fproduct_brand&post=171"},{"taxonomy":"product_cat","embeddable":true,"href":"https:\/\/khituoi.vn\/index.php?rest_route=%2Fwp%2Fv2%2Fproduct_cat&post=171"},{"taxonomy":"product_tag","embeddable":true,"href":"https:\/\/khituoi.vn\/index.php?rest_route=%2Fwp%2Fv2%2Fproduct_tag&post=171"}],"curies":[{"name":"wp","href":"https:\/\/api.w.org\/{rel}","templated":true}]}}