{"id":173,"date":"2014-06-09T21:48:15","date_gmt":"2014-06-09T21:48:15","guid":{"rendered":"http:\/\/uxthemes.wpengine.com\/?post_type=product&#038;p=229"},"modified":"2026-03-04T09:40:58","modified_gmt":"2026-03-04T09:40:58","slug":"lucy-slim-jeans-nok-379-noisy-may","status":"publish","type":"product","link":"https:\/\/khituoi.vn\/?product=lucy-slim-jeans-nok-379-noisy-may","title":{"rendered":"NAVA AIR KT 500 \u2013 Gi\u1ea3i ph\u00e1p c\u1ea5p kh\u00ed t\u01b0\u01a1i &#038; h\u00fat m\u00f9i c\u00f4ng su\u1ea5t l\u1edbn cho kh\u00f4ng gian 125\u2013179m\u00b2"},"content":{"rendered":"<article class=\"text-token-text-primary w-full focus:outline-none [--shadow-height:45px] has-data-writing-block:pointer-events-none has-data-writing-block:-mt-(--shadow-height) has-data-writing-block:pt-(--shadow-height) [&amp;:has([data-writing-block])&gt;*]:pointer-events-auto scroll-mt-(--header-height)\" dir=\"auto\" tabindex=\"-1\" data-turn-id=\"891d8f14-42bb-4eac-af4a-3bcf3bfb9043\" data-testid=\"conversation-turn-259\" data-scroll-anchor=\"false\" data-turn=\"user\"><\/article>\n<article class=\"text-token-text-primary w-full focus:outline-none [--shadow-height:45px] has-data-writing-block:pointer-events-none has-data-writing-block:-mt-(--shadow-height) has-data-writing-block:pt-(--shadow-height) [&amp;:has([data-writing-block])&gt;*]:pointer-events-auto scroll-mt-[calc(var(--header-height)+min(200px,max(70px,20svh)))]\" dir=\"auto\" tabindex=\"-1\" data-turn-id=\"request-68cfdfb9-1d80-832b-8c9c-e261d7f46320-17\" data-testid=\"conversation-turn-260\" data-scroll-anchor=\"true\" data-turn=\"assistant\">\n<div class=\"text-base my-auto mx-auto pb-10 [--thread-content-margin:--spacing(4)] @w-sm\/main:[--thread-content-margin:--spacing(6)] @w-lg\/main:[--thread-content-margin:--spacing(16)] px-(--thread-content-margin)\">\n<div class=\"[--thread-content-max-width:40rem] @w-lg\/main:[--thread-content-max-width:48rem] mx-auto max-w-(--thread-content-max-width) flex-1 group\/turn-messages focus-visible:outline-hidden relative flex w-full min-w-0 flex-col agent-turn\" tabindex=\"-1\">\n<div class=\"flex max-w-full flex-col grow\">\n<div class=\"min-h-8 text-message relative flex w-full flex-col items-end gap-2 text-start break-words whitespace-normal [.text-message+&amp;]:mt-1\" dir=\"auto\" data-message-author-role=\"assistant\" data-message-id=\"c8b16a49-3e4e-47a3-8896-03bb6aaa99ea\" data-message-model-slug=\"gpt-5-2\">\n<div class=\"flex w-full flex-col gap-1 empty:hidden first:pt-[1px]\">\n<div class=\"markdown prose dark:prose-invert w-full wrap-break-word light markdown-new-styling\">\n<p data-start=\"0\" data-end=\"122\"><strong data-start=\"0\" data-end=\"122\"><span class=\"hover:entity-accent entity-underline inline cursor-pointer align-baseline\"><span class=\"whitespace-normal\">NAVA AIR<\/span><\/span> KT 500 \u2013 Gi\u1ea3i ph\u00e1p c\u1ea5p kh\u00ed t\u01b0\u01a1i &amp; h\u00fat m\u00f9i c\u00f4ng su\u1ea5t l\u1edbn cho kh\u00f4ng gian 125\u2013179m\u00b2<\/strong><\/p>\n<p data-start=\"124\" data-end=\"446\">Trong b\u1ed1i c\u1ea3nh \u00f4 nhi\u1ec5m kh\u00f4ng kh\u00ed v\u00e0 kh\u00f4ng gian k\u00edn ng\u00e0y c\u00e0ng ph\u1ed5 bi\u1ebfn, vi\u1ec7c \u0111\u1ea7u t\u01b0 m\u1ed9t h\u1ec7 th\u1ed1ng c\u1ea5p kh\u00ed t\u01b0\u01a1i ch\u1ea5t l\u01b0\u1ee3ng cao l\u00e0 l\u1ef1a ch\u1ecdn th\u00f4ng minh cho doanh nghi\u1ec7p v\u00e0 gia \u0111\u00ecnh hi\u1ec7n \u0111\u1ea1i. NAVA AIR KT 500 mang \u0111\u1ebfn kh\u1ea3 n\u0103ng c\u1ea5p kh\u00ed \u2013 h\u00fat m\u00f9i \u2013 l\u1ecdc b\u1ee5i m\u1ecbn m\u1ea1nh m\u1ebd, \u0111\u1ea3m b\u1ea3o m\u00f4i tr\u01b0\u1eddng s\u1ed1ng v\u00e0 l\u00e0m vi\u1ec7c lu\u00f4n trong l\u00e0nh, an to\u00e0n.<\/p>\n<h2 data-start=\"453\" data-end=\"506\">\ud83c\udf2c L\u01b0u l\u01b0\u1ee3ng 500m\u00b3\/h \u2013 Ph\u00f9 h\u1ee3p di\u1ec7n t\u00edch 125\u2013179m\u00b2<\/h2>\n<ul data-start=\"507\" data-end=\"707\">\n<li data-start=\"507\" data-end=\"562\">\n<p data-start=\"509\" data-end=\"562\">Cung c\u1ea5p ngu\u1ed3n kh\u00ed t\u01b0\u01a1i li\u00ean t\u1ee5c cho kh\u00f4ng gian l\u1edbn<\/p>\n<\/li>\n<li data-start=\"563\" data-end=\"601\">\n<p data-start=\"565\" data-end=\"601\">Gi\u1ea3m t\u00edch t\u1ee5 CO\u2082, kh\u1eed m\u00f9i hi\u1ec7u qu\u1ea3<\/p>\n<\/li>\n<li data-start=\"602\" data-end=\"707\">\n<p data-start=\"604\" data-end=\"707\">Th\u00edch h\u1ee3p cho v\u0103n ph\u00f2ng, showroom, spa, ph\u00f2ng kh\u00e1m, c\u0103n h\u1ed9 cao c\u1ea5p ho\u1eb7c kh\u00f4ng gian kinh doanh d\u1ecbch v\u1ee5<\/p>\n<\/li>\n<\/ul>\n<h2 data-start=\"714\" data-end=\"760\">\ud83c\udf3f H\u1ec7 th\u1ed1ng l\u1ecdc 3 c\u1ea5p \u2013 S\u1ea1ch s\u00e2u \u0111\u1ebfn 99,97%<\/h2>\n<p data-start=\"761\" data-end=\"806\">KT 500 \u0111\u01b0\u1ee3c trang b\u1ecb h\u1ec7 th\u1ed1ng l\u1ecdc chuy\u00ean s\u00e2u:<\/p>\n<ul data-start=\"807\" data-end=\"1000\">\n<li data-start=\"807\" data-end=\"862\">\n<p data-start=\"809\" data-end=\"862\"><strong data-start=\"809\" data-end=\"820\">L\u1ecdc th\u00f4<\/strong>: Gi\u1eef l\u1ea1i b\u1ee5i l\u1edbn, c\u00f4n tr\u00f9ng v\u00e0 t\u1ea1p ch\u1ea5t<\/p>\n<\/li>\n<li data-start=\"863\" data-end=\"926\">\n<p data-start=\"865\" data-end=\"926\"><strong data-start=\"865\" data-end=\"887\">L\u1ecdc than ho\u1ea1t t\u00ednh<\/strong>: H\u1ea5p th\u1ee5 m\u00f9i kh\u00f3 ch\u1ecbu v\u00e0 kh\u00ed \u0111\u1ed9c h\u1ea1i<\/p>\n<\/li>\n<li data-start=\"927\" data-end=\"1000\">\n<p data-start=\"929\" data-end=\"1000\"><strong data-start=\"929\" data-end=\"941\">L\u1ecdc HEPA<\/strong>: Lo\u1ea1i b\u1ecf b\u1ee5i si\u00eau m\u1ecbn PM2.5 v\u1edbi hi\u1ec7u su\u1ea5t l\u00ean t\u1edbi 99,97%<\/p>\n<\/li>\n<\/ul>\n<p data-start=\"1002\" data-end=\"1102\">Nh\u1edd \u0111\u00f3, kh\u00f4ng kh\u00ed tr\u01b0\u1edbc khi \u0111\u01b0a v\u00e0o kh\u00f4ng gian \u0111\u01b0\u1ee3c x\u1eed l\u00fd to\u00e0n di\u1ec7n, b\u1ea3o v\u1ec7 s\u1ee9c kh\u1ecfe h\u00f4 h\u1ea5p l\u00e2u d\u00e0i.<\/p>\n<h2 data-start=\"1109\" data-end=\"1153\">\ud83d\udd07 V\u1eadn h\u00e0nh \u00eam \u00e1i \u2013 \u0110\u1ed9 \u1ed3n t\u1ed1i \u0111a ch\u1ec9 32dB<\/h2>\n<p data-start=\"1154\" data-end=\"1285\">D\u00f9 s\u1edf h\u1eefu c\u00f4ng su\u1ea5t 500m\u00b3\/h, m\u00e1y v\u1eabn duy tr\u00ec \u0111\u1ed9 \u1ed3n th\u1ea5p, y\u00ean t\u0129nh h\u01a1n ti\u1ebfng l\u00e1 r\u01a1i, kh\u00f4ng g\u00e2y \u1ea3nh h\u01b0\u1edfng \u0111\u1ebfn l\u00e0m vi\u1ec7c hay ngh\u1ec9 ng\u01a1i.<\/p>\n<h2 data-start=\"1292\" data-end=\"1328\">\u2b50 S\u1ea3n xu\u1ea5t theo ti\u00eau chu\u1ea9n EU GMP<\/h2>\n<p data-start=\"1329\" data-end=\"1388\">S\u1ea3n ph\u1ea9m \u0111\u01b0\u1ee3c s\u1ea3n xu\u1ea5t theo ti\u00eau chu\u1ea9n <strong data-start=\"1368\" data-end=\"1378\">EU GMP<\/strong>, \u0111\u1ea3m b\u1ea3o:<\/p>\n<ul data-start=\"1389\" data-end=\"1519\">\n<li data-start=\"1389\" data-end=\"1435\">\n<p data-start=\"1391\" data-end=\"1435\">Quy tr\u00ecnh ki\u1ec3m so\u00e1t ch\u1ea5t l\u01b0\u1ee3ng nghi\u00eam ng\u1eb7t<\/p>\n<\/li>\n<li data-start=\"1436\" data-end=\"1474\">\n<p data-start=\"1438\" data-end=\"1474\">Linh ki\u1ec7n b\u1ec1n b\u1ec9, v\u1eadn h\u00e0nh \u1ed5n \u0111\u1ecbnh<\/p>\n<\/li>\n<li data-start=\"1475\" data-end=\"1519\">\n<p data-start=\"1477\" data-end=\"1519\">Hi\u1ec7u su\u1ea5t cao, ti\u1ebft ki\u1ec7m chi ph\u00ed l\u00e2u d\u00e0i<\/p>\n<\/li>\n<\/ul>\n<h3 data-start=\"1526\" data-end=\"1592\">\ud83c\udfaf NAVA AIR KT 500 \u2013 T\u1ed1i \u01b0u hi\u1ec7u qu\u1ea3, n\u00e2ng t\u1ea7m ch\u1ea5t l\u01b0\u1ee3ng s\u1ed1ng<\/h3>\n<p data-start=\"1593\" data-end=\"1822\" data-is-last-node=\"\" data-is-only-node=\"\">Kh\u00f4ng ch\u1ec9 l\u00e0 m\u00e1y c\u1ea5p kh\u00ed t\u01b0\u01a1i, KT 500 l\u00e0 gi\u1ea3i ph\u00e1p to\u00e0n di\u1ec7n gi\u00fap ki\u1ec3m so\u00e1t ch\u1ea5t l\u01b0\u1ee3ng kh\u00f4ng kh\u00ed, n\u00e2ng cao h\u00ecnh \u1ea3nh chuy\u00ean nghi\u1ec7p cho kh\u00f4ng gian kinh doanh v\u00e0 mang l\u1ea1i m\u00f4i tr\u01b0\u1eddng s\u1ed1ng chu\u1ea9n xanh \u2013 s\u1ea1ch \u2013 an to\u00e0n cho m\u1ecdi gia \u0111\u00ecnh.<\/p>\n<\/div>\n<\/div>\n<\/div>\n<\/div>\n<\/div>\n<\/div>\n<\/article>\n","protected":false},"excerpt":{"rendered":"<p>Lorem ipsum dolor sit amet, consectetur adipiscing elit. Vel pulvinar diam vulputate quis ,vel pulvinar diam vulputate quis. Donec porttitor volutpat rutrum.\u00a0\u00a0Vulputate quis. Donec porttitor volutpat rutrum. Donec porttitor volutpat rutrum.\u00a0\u00a0Vulputate quis.<\/p>\n","protected":false},"featured_media":342,"comment_status":"open","ping_status":"closed","template":"","meta":[],"product_brand":[],"product_cat":[60],"product_tag":[37,24,38,39,40,41],"class_list":{"0":"post-173","1":"product","2":"type-product","3":"status-publish","4":"has-post-thumbnail","6":"product_cat-maycapkhituoihaichieu","7":"product_tag-fit","8":"product_tag-jeans-2","9":"product_tag-levis","10":"product_tag-party","11":"product_tag-washed-out","12":"product_tag-women-2","14":"first","15":"instock","16":"shipping-taxable","17":"product-type-simple"},"jetpack_sharing_enabled":true,"_links":{"self":[{"href":"https:\/\/khituoi.vn\/index.php?rest_route=\/wp\/v2\/product\/173","targetHints":{"allow":["GET"]}}],"collection":[{"href":"https:\/\/khituoi.vn\/index.php?rest_route=\/wp\/v2\/product"}],"about":[{"href":"https:\/\/khituoi.vn\/index.php?rest_route=\/wp\/v2\/types\/product"}],"replies":[{"embeddable":true,"href":"https:\/\/khituoi.vn\/index.php?rest_route=%2Fwp%2Fv2%2Fcomments&post=173"}],"wp:featuredmedia":[{"embeddable":true,"href":"https:\/\/khituoi.vn\/index.php?rest_route=\/wp\/v2\/media\/342"}],"wp:attachment":[{"href":"https:\/\/khituoi.vn\/index.php?rest_route=%2Fwp%2Fv2%2Fmedia&parent=173"}],"wp:term":[{"taxonomy":"product_brand","embeddable":true,"href":"https:\/\/khituoi.vn\/index.php?rest_route=%2Fwp%2Fv2%2Fproduct_brand&post=173"},{"taxonomy":"product_cat","embeddable":true,"href":"https:\/\/khituoi.vn\/index.php?rest_route=%2Fwp%2Fv2%2Fproduct_cat&post=173"},{"taxonomy":"product_tag","embeddable":true,"href":"https:\/\/khituoi.vn\/index.php?rest_route=%2Fwp%2Fv2%2Fproduct_tag&post=173"}],"curies":[{"name":"wp","href":"https:\/\/api.w.org\/{rel}","templated":true}]}}