{"id":174,"date":"2013-08-10T10:26:25","date_gmt":"2013-08-10T10:26:25","guid":{"rendered":"http:\/\/uxthemes.wpengine.com\/?post_type=product&#038;p=432"},"modified":"2026-03-04T09:39:43","modified_gmt":"2026-03-04T09:39:43","slug":"ss-crew-california-sub-river-island","status":"publish","type":"product","link":"https:\/\/khituoi.vn\/?product=ss-crew-california-sub-river-island","title":{"rendered":"NAVA AIR KT 800 \u2013 H\u1ec7 th\u1ed1ng c\u1ea5p kh\u00ed t\u01b0\u01a1i c\u00f4ng su\u1ea5t l\u1edbn, chu\u1ea9n Ch\u00e2u \u00c2u cho kh\u00f4ng gian 179\u2013285m\u00b2"},"content":{"rendered":"<article class=\"text-token-text-primary w-full focus:outline-none [--shadow-height:45px] has-data-writing-block:pointer-events-none has-data-writing-block:-mt-(--shadow-height) has-data-writing-block:pt-(--shadow-height) [&amp;:has([data-writing-block])&gt;*]:pointer-events-auto scroll-mt-(--header-height)\" dir=\"auto\" tabindex=\"-1\" data-turn-id=\"f4fcd226-d4d6-47de-8701-65e098a3d1e6\" data-testid=\"conversation-turn-261\" data-scroll-anchor=\"false\" data-turn=\"user\"><\/article>\n<article class=\"text-token-text-primary w-full focus:outline-none [--shadow-height:45px] has-data-writing-block:pointer-events-none has-data-writing-block:-mt-(--shadow-height) has-data-writing-block:pt-(--shadow-height) [&amp;:has([data-writing-block])&gt;*]:pointer-events-auto scroll-mt-[calc(var(--header-height)+min(200px,max(70px,20svh)))]\" dir=\"auto\" tabindex=\"-1\" data-turn-id=\"request-68cfdfb9-1d80-832b-8c9c-e261d7f46320-18\" data-testid=\"conversation-turn-262\" data-scroll-anchor=\"true\" data-turn=\"assistant\">\n<div class=\"text-base my-auto mx-auto pb-10 [--thread-content-margin:--spacing(4)] @w-sm\/main:[--thread-content-margin:--spacing(6)] @w-lg\/main:[--thread-content-margin:--spacing(16)] px-(--thread-content-margin)\">\n<div class=\"[--thread-content-max-width:40rem] @w-lg\/main:[--thread-content-max-width:48rem] mx-auto max-w-(--thread-content-max-width) flex-1 group\/turn-messages focus-visible:outline-hidden relative flex w-full min-w-0 flex-col agent-turn\" tabindex=\"-1\">\n<div class=\"flex max-w-full flex-col grow\">\n<div class=\"min-h-8 text-message relative flex w-full flex-col items-end gap-2 text-start break-words whitespace-normal [.text-message+&amp;]:mt-1\" dir=\"auto\" data-message-author-role=\"assistant\" data-message-id=\"71201f22-6950-4176-9be1-ce30754f0c89\" data-message-model-slug=\"gpt-5-2\">\n<div class=\"flex w-full flex-col gap-1 empty:hidden first:pt-[1px]\">\n<div class=\"markdown prose dark:prose-invert w-full wrap-break-word light markdown-new-styling\">\n<p data-start=\"0\" data-end=\"126\"><strong data-start=\"0\" data-end=\"126\"><span class=\"hover:entity-accent entity-underline inline cursor-pointer align-baseline\"><span class=\"whitespace-normal\">NAVA AIR<\/span><\/span> KT 800 \u2013 H\u1ec7 th\u1ed1ng c\u1ea5p kh\u00ed t\u01b0\u01a1i c\u00f4ng su\u1ea5t l\u1edbn, chu\u1ea9n Ch\u00e2u \u00c2u cho kh\u00f4ng gian 179\u2013285m\u00b2<\/strong><\/p>\n<p data-start=\"128\" data-end=\"433\">Kh\u00f4ng gian r\u1ed9ng, \u0111\u00f4ng ng\u01b0\u1eddi \u0111\u1ed3ng ngh\u0129a v\u1edbi nhu c\u1ea7u trao \u0111\u1ed5i kh\u00f4ng kh\u00ed l\u1edbn h\u01a1n, m\u1ea1nh m\u1ebd h\u01a1n v\u00e0 \u1ed5n \u0111\u1ecbnh h\u01a1n. NAVA AIR KT 800 \u0111\u01b0\u1ee3c thi\u1ebft k\u1ebf chuy\u00ean bi\u1ec7t cho c\u00e1c khu v\u1ef1c di\u1ec7n t\u00edch l\u1edbn, \u0111\u1ea3m b\u1ea3o lu\u1ed3ng kh\u00ed t\u01b0\u01a1i d\u1ed3i d\u00e0o, l\u1ecdc s\u1ea1ch b\u1ee5i m\u1ecbn v\u00e0 kh\u1eed m\u00f9i hi\u1ec7u qu\u1ea3, mang l\u1ea1i m\u00f4i tr\u01b0\u1eddng trong l\u00e0nh \u0111\u1ea1t chu\u1ea9n s\u1ed1ng hi\u1ec7n \u0111\u1ea1i.<\/p>\n<h2 data-start=\"440\" data-end=\"496\">\ud83c\udf2c L\u01b0u l\u01b0\u1ee3ng 800m\u00b3\/h \u2013 T\u1ed1i \u01b0u cho di\u1ec7n t\u00edch 179\u2013285m\u00b2<\/h2>\n<ul data-start=\"497\" data-end=\"693\">\n<li data-start=\"497\" data-end=\"551\">\n<p data-start=\"499\" data-end=\"551\">C\u1ea5p kh\u00ed t\u01b0\u01a1i li\u00ean t\u1ee5c, duy tr\u00ec n\u1ed3ng \u0111\u1ed9 oxy \u1ed5n \u0111\u1ecbnh<\/p>\n<\/li>\n<li data-start=\"552\" data-end=\"593\">\n<p data-start=\"554\" data-end=\"593\">Gi\u1ea3m t\u00edch t\u1ee5 CO\u2082 trong kh\u00f4ng gian k\u00edn<\/p>\n<\/li>\n<li data-start=\"594\" data-end=\"693\">\n<p data-start=\"596\" data-end=\"693\">Ph\u00f9 h\u1ee3p cho v\u0103n ph\u00f2ng l\u1edbn, showroom, nh\u00e0 h\u00e0ng, spa, ph\u00f2ng gym, bi\u1ec7t th\u1ef1, khu kinh doanh d\u1ecbch v\u1ee5<\/p>\n<\/li>\n<\/ul>\n<h2 data-start=\"700\" data-end=\"756\">\ud83c\udf3f H\u1ec7 th\u1ed1ng l\u1ecdc 3 c\u1ea5p \u2013 L\u00e0m s\u1ea1ch kh\u00f4ng kh\u00ed \u0111\u1ebfn 99,97%<\/h2>\n<p data-start=\"757\" data-end=\"800\">KT 800 \u0111\u01b0\u1ee3c trang b\u1ecb b\u1ed9 l\u1ecdc chuy\u00ean s\u00e2u g\u1ed3m:<\/p>\n<ul data-start=\"801\" data-end=\"999\">\n<li data-start=\"801\" data-end=\"856\">\n<p data-start=\"803\" data-end=\"856\"><strong data-start=\"803\" data-end=\"814\">L\u1ecdc th\u00f4<\/strong>: Gi\u1eef l\u1ea1i b\u1ee5i l\u1edbn, c\u00f4n tr\u00f9ng v\u00e0 t\u1ea1p ch\u1ea5t<\/p>\n<\/li>\n<li data-start=\"857\" data-end=\"925\">\n<p data-start=\"859\" data-end=\"925\"><strong data-start=\"859\" data-end=\"881\">L\u1ecdc than ho\u1ea1t t\u00ednh<\/strong>: Kh\u1eed m\u00f9i, h\u1ea5p th\u1ee5 kh\u00ed \u0111\u1ed9c v\u00e0 m\u00f9i kh\u00f3 ch\u1ecbu<\/p>\n<\/li>\n<li data-start=\"926\" data-end=\"999\">\n<p data-start=\"928\" data-end=\"999\"><strong data-start=\"928\" data-end=\"940\">L\u1ecdc HEPA<\/strong>: Lo\u1ea1i b\u1ecf b\u1ee5i si\u00eau m\u1ecbn PM2.5 v\u1edbi hi\u1ec7u su\u1ea5t l\u00ean \u0111\u1ebfn 99,97%<\/p>\n<\/li>\n<\/ul>\n<p data-start=\"1001\" data-end=\"1115\">Kh\u00f4ng kh\u00ed tr\u01b0\u1edbc khi c\u1ea5p v\u00e0o ph\u00f2ng \u0111\u01b0\u1ee3c x\u1eed l\u00fd to\u00e0n di\u1ec7n, gi\u00fap b\u1ea3o v\u1ec7 h\u1ec7 h\u00f4 h\u1ea5p v\u00e0 n\u00e2ng cao ch\u1ea5t l\u01b0\u1ee3ng s\u1ed1ng l\u00e2u d\u00e0i.<\/p>\n<h2 data-start=\"1122\" data-end=\"1166\">\ud83d\udd07 V\u1eadn h\u00e0nh \u00eam \u00e1i \u2013 \u0110\u1ed9 \u1ed3n t\u1ed1i \u0111a ch\u1ec9 35dB<\/h2>\n<p data-start=\"1167\" data-end=\"1304\">D\u00f9 ho\u1ea1t \u0111\u1ed9ng v\u1edbi c\u00f4ng su\u1ea5t l\u1edbn 800m\u00b3\/h, m\u00e1y v\u1eabn duy tr\u00ec \u0111\u1ed9 \u1ed3n th\u1ea5p, y\u00ean t\u0129nh h\u01a1n ti\u1ebfng l\u00e1 r\u01a1i, kh\u00f4ng \u1ea3nh h\u01b0\u1edfng \u0111\u1ebfn sinh ho\u1ea1t v\u00e0 l\u00e0m vi\u1ec7c.<\/p>\n<h2 data-start=\"1311\" data-end=\"1367\">\u2b50 S\u1ea3n xu\u1ea5t theo ti\u00eau chu\u1ea9n EU GMP \u2013 Chu\u1ea9n m\u00e1y Ch\u00e2u \u00c2u<\/h2>\n<p data-start=\"1368\" data-end=\"1425\">KT 800 \u0111\u01b0\u1ee3c s\u1ea3n xu\u1ea5t theo ti\u00eau chu\u1ea9n <strong data-start=\"1405\" data-end=\"1415\">EU GMP<\/strong>, \u0111\u1ea3m b\u1ea3o:<\/p>\n<ul data-start=\"1426\" data-end=\"1574\">\n<li data-start=\"1426\" data-end=\"1472\">\n<p data-start=\"1428\" data-end=\"1472\">Quy tr\u00ecnh ki\u1ec3m so\u00e1t ch\u1ea5t l\u01b0\u1ee3ng nghi\u00eam ng\u1eb7t<\/p>\n<\/li>\n<li data-start=\"1473\" data-end=\"1519\">\n<p data-start=\"1475\" data-end=\"1519\">Linh ki\u1ec7n b\u1ec1n b\u1ec9, v\u1eadn h\u00e0nh \u1ed5n \u0111\u1ecbnh l\u00e2u d\u00e0i<\/p>\n<\/li>\n<li data-start=\"1520\" data-end=\"1574\">\n<p data-start=\"1522\" data-end=\"1574\">Hi\u1ec7u su\u1ea5t cao, ti\u1ebft ki\u1ec7m chi ph\u00ed \u0111\u1ea7u t\u01b0 v\u00e0 b\u1ea3o tr\u00ec<\/p>\n<\/li>\n<\/ul>\n<h3 data-start=\"1581\" data-end=\"1653\">\ud83c\udfaf NAVA AIR KT 800 \u2013 Gi\u1ea3i ph\u00e1p kh\u00ed t\u01b0\u01a1i to\u00e0n di\u1ec7n cho kh\u00f4ng gian l\u1edbn<\/h3>\n<p data-start=\"1654\" data-end=\"1886\" data-is-last-node=\"\" data-is-only-node=\"\">Kh\u00f4ng ch\u1ec9 \u0111\u01a1n thu\u1ea7n l\u00e0 m\u00e1y c\u1ea5p kh\u00ed t\u01b0\u01a1i, KT 800 l\u00e0 h\u1ec7 th\u1ed1ng ki\u1ec3m so\u00e1t ch\u1ea5t l\u01b0\u1ee3ng kh\u00f4ng kh\u00ed chuy\u00ean nghi\u1ec7p, gi\u00fap kh\u00f4ng gian lu\u00f4n th\u00f4ng tho\u00e1ng \u2013 s\u1ea1ch khu\u1ea9n \u2013 gi\u1ea3m m\u00f9i \u2013 gi\u1ea3m b\u1ee5i m\u1ecbn, mang \u0111\u1ebfn tr\u1ea3i nghi\u1ec7m s\u1ed1ng v\u00e0 l\u00e0m vi\u1ec7c chu\u1ea9n ch\u00e2u \u00c2u.<\/p>\n<\/div>\n<\/div>\n<\/div>\n<\/div>\n<\/div>\n<\/div>\n<\/article>\n","protected":false},"excerpt":{"rendered":"<p>Lorem ipsum dolor sit amet, consectetur adipiscing elit. Vestibulum iaculis massa nec velit commodo lobortis. Quisque diam lacus, tincidunt vitae eros porta, sagittis rhoncus est. Quisque sed justo a erat lobortis gravida.<\/p>\n","protected":false},"featured_media":343,"comment_status":"open","ping_status":"closed","template":"","meta":[],"product_brand":[],"product_cat":[60],"product_tag":[25,42,26],"class_list":{"0":"post-174","1":"product","2":"type-product","3":"status-publish","4":"has-post-thumbnail","6":"product_cat-maycapkhituoihaichieu","7":"product_tag-man","8":"product_tag-river-island","9":"product_tag-t-shirt","11":"first","12":"instock","13":"shipping-taxable","14":"product-type-simple"},"jetpack_sharing_enabled":true,"_links":{"self":[{"href":"https:\/\/khituoi.vn\/index.php?rest_route=\/wp\/v2\/product\/174","targetHints":{"allow":["GET"]}}],"collection":[{"href":"https:\/\/khituoi.vn\/index.php?rest_route=\/wp\/v2\/product"}],"about":[{"href":"https:\/\/khituoi.vn\/index.php?rest_route=\/wp\/v2\/types\/product"}],"replies":[{"embeddable":true,"href":"https:\/\/khituoi.vn\/index.php?rest_route=%2Fwp%2Fv2%2Fcomments&post=174"}],"wp:featuredmedia":[{"embeddable":true,"href":"https:\/\/khituoi.vn\/index.php?rest_route=\/wp\/v2\/media\/343"}],"wp:attachment":[{"href":"https:\/\/khituoi.vn\/index.php?rest_route=%2Fwp%2Fv2%2Fmedia&parent=174"}],"wp:term":[{"taxonomy":"product_brand","embeddable":true,"href":"https:\/\/khituoi.vn\/index.php?rest_route=%2Fwp%2Fv2%2Fproduct_brand&post=174"},{"taxonomy":"product_cat","embeddable":true,"href":"https:\/\/khituoi.vn\/index.php?rest_route=%2Fwp%2Fv2%2Fproduct_cat&post=174"},{"taxonomy":"product_tag","embeddable":true,"href":"https:\/\/khituoi.vn\/index.php?rest_route=%2Fwp%2Fv2%2Fproduct_tag&post=174"}],"curies":[{"name":"wp","href":"https:\/\/api.w.org\/{rel}","templated":true}]}}