{"id":176,"date":"2013-08-10T10:19:20","date_gmt":"2013-08-10T10:19:20","guid":{"rendered":"http:\/\/uxthemes.wpengine.com\/?post_type=product&#038;p=422"},"modified":"2026-03-04T09:41:06","modified_gmt":"2026-03-04T09:41:06","slug":"bjorn-tee-ss-jack-jones","status":"publish","type":"product","link":"https:\/\/khituoi.vn\/?product=bjorn-tee-ss-jack-jones","title":{"rendered":"NAVA AIR ERV 250 \u2013 H\u1ec7 th\u1ed1ng c\u1ea5p kh\u00ed t\u01b0\u01a1i c\u00f4ng su\u1ea5t l\u1edbn cho kh\u00f4ng gian 55\u201390m\u00b2"},"content":{"rendered":"<div class=\"flex flex-col text-sm pb-25\">\n<article class=\"text-token-text-primary w-full focus:outline-none [--shadow-height:45px] has-data-writing-block:pointer-events-none has-data-writing-block:-mt-(--shadow-height) has-data-writing-block:pt-(--shadow-height) [&amp;:has([data-writing-block])&gt;*]:pointer-events-auto scroll-mt-(--header-height)\" dir=\"auto\" tabindex=\"-1\" data-turn-id=\"becb8354-296a-4d7d-88e9-44da99ad2208\" data-testid=\"conversation-turn-237\" data-scroll-anchor=\"false\" data-turn=\"user\"><\/article>\n<article class=\"text-token-text-primary w-full focus:outline-none [--shadow-height:45px] has-data-writing-block:pointer-events-none has-data-writing-block:-mt-(--shadow-height) has-data-writing-block:pt-(--shadow-height) [&amp;:has([data-writing-block])&gt;*]:pointer-events-auto scroll-mt-[calc(var(--header-height)+min(200px,max(70px,20svh)))]\" dir=\"auto\" tabindex=\"-1\" data-turn-id=\"request-68cfdfb9-1d80-832b-8c9c-e261d7f46320-6\" data-testid=\"conversation-turn-238\" data-scroll-anchor=\"true\" data-turn=\"assistant\">\n<div class=\"text-base my-auto mx-auto pb-10 [--thread-content-margin:--spacing(4)] @w-sm\/main:[--thread-content-margin:--spacing(6)] @w-lg\/main:[--thread-content-margin:--spacing(16)] px-(--thread-content-margin)\">\n<div class=\"[--thread-content-max-width:40rem] @w-lg\/main:[--thread-content-max-width:48rem] mx-auto max-w-(--thread-content-max-width) flex-1 group\/turn-messages focus-visible:outline-hidden relative flex w-full min-w-0 flex-col agent-turn\" tabindex=\"-1\">\n<div class=\"flex max-w-full flex-col grow\">\n<div class=\"min-h-8 text-message relative flex w-full flex-col items-end gap-2 text-start break-words whitespace-normal [.text-message+&amp;]:mt-1\" dir=\"auto\" data-message-author-role=\"assistant\" data-message-id=\"8d543c79-49fb-4d8d-8932-c8365cc023cc\" data-message-model-slug=\"gpt-5-2\">\n<div class=\"flex w-full flex-col gap-1 empty:hidden first:pt-[1px]\">\n<div class=\"markdown prose dark:prose-invert w-full wrap-break-word light markdown-new-styling\">\n<p data-start=\"0\" data-end=\"110\"><strong data-start=\"0\" data-end=\"110\"><span class=\"hover:entity-accent entity-underline inline cursor-pointer align-baseline\"><span class=\"whitespace-normal\">NAVA AIR<\/span><\/span> ERV 250 \u2013 H\u1ec7 th\u1ed1ng c\u1ea5p kh\u00ed t\u01b0\u01a1i c\u00f4ng su\u1ea5t l\u1edbn cho kh\u00f4ng gian 55\u201390m\u00b2<\/strong><\/p>\n<p data-start=\"112\" data-end=\"411\">Kh\u00f4ng kh\u00ed trong nh\u00e0 t\u01b0\u1edfng s\u1ea1ch nh\u01b0ng th\u1ef1c t\u1ebf lu\u00f4n t\u1ed3n t\u1ea1i CO\u2082, b\u1ee5i m\u1ecbn v\u00e0 m\u00f9i t\u00edch t\u1ee5 do \u0111\u00f3ng k\u00edn c\u1eeda, s\u1eed d\u1ee5ng \u0111i\u1ec1u h\u00f2a th\u01b0\u1eddng xuy\u00ean. NAVA AIR ERV 250 mang \u0111\u1ebfn gi\u1ea3i ph\u00e1p c\u1ea5p kh\u00ed t\u01b0\u01a1i 2 chi\u1ec1u chu\u1ea9n ch\u00e2u \u00c2u, gi\u00fap kh\u00f4ng gian r\u1ed9ng lu\u00f4n \u0111\u01b0\u1ee3c trao \u0111\u1ed5i kh\u00f4ng kh\u00ed li\u00ean t\u1ee5c, s\u1ea1ch s\u00e2u v\u00e0 ti\u1ebft ki\u1ec7m n\u0103ng l\u01b0\u1ee3ng.<\/p>\n<h3 data-start=\"418\" data-end=\"455\">\ud83c\udf2c Hi\u1ec7u su\u1ea5t m\u1ea1nh \u2013 L\u01b0u l\u01b0\u1ee3ng l\u1edbn<\/h3>\n<ul data-start=\"456\" data-end=\"684\">\n<li data-start=\"456\" data-end=\"517\">\n<p data-start=\"458\" data-end=\"517\"><strong data-start=\"458\" data-end=\"483\">L\u01b0u l\u01b0\u1ee3ng gi\u00f3 250m\u00b3\/h<\/strong> \u2013 ph\u00f9 h\u1ee3p cho di\u1ec7n t\u00edch 55\u201390m\u00b2<\/p>\n<\/li>\n<li data-start=\"518\" data-end=\"601\">\n<p data-start=\"520\" data-end=\"601\"><strong data-start=\"520\" data-end=\"553\">H\u1ec7 th\u1ed1ng trao \u0111\u1ed5i kh\u00ed 2 chi\u1ec1u<\/strong> \u2013 c\u1ea5p kh\u00ed gi\u00e0u oxy, th\u1ea3i kh\u00ed \u00f4 nhi\u1ec5m ra ngo\u00e0i<\/p>\n<\/li>\n<li data-start=\"602\" data-end=\"684\">\n<p data-start=\"604\" data-end=\"684\"><strong data-start=\"604\" data-end=\"631\">C\u00f4ng ngh\u1ec7 thu h\u1ed3i nhi\u1ec7t<\/strong> \u2013 duy tr\u00ec nhi\u1ec7t \u0111\u1ed9 \u1ed5n \u0111\u1ecbnh, gi\u1ea3m hao ph\u00ed \u0111i\u1ec7n n\u0103ng<\/p>\n<\/li>\n<\/ul>\n<h3 data-start=\"691\" data-end=\"723\">\ud83c\udf3f L\u1ecdc s\u1ea1ch chuy\u00ean s\u00e2u 3 l\u1edbp<\/h3>\n<ul data-start=\"724\" data-end=\"880\">\n<li data-start=\"724\" data-end=\"765\">\n<p data-start=\"726\" data-end=\"765\"><strong data-start=\"726\" data-end=\"737\">L\u1ecdc th\u00f4<\/strong> \u2013 gi\u1eef b\u1ee5i l\u1edbn v\u00e0 t\u1ea1p ch\u1ea5t<\/p>\n<\/li>\n<li data-start=\"766\" data-end=\"819\">\n<p data-start=\"768\" data-end=\"819\"><strong data-start=\"768\" data-end=\"790\">L\u1ecdc than ho\u1ea1t t\u00ednh<\/strong> \u2013 kh\u1eed m\u00f9i, h\u1ea5p th\u1ee5 kh\u00ed \u0111\u1ed9c<\/p>\n<\/li>\n<li data-start=\"820\" data-end=\"880\">\n<p data-start=\"822\" data-end=\"880\"><strong data-start=\"822\" data-end=\"834\">L\u1ecdc HEPA<\/strong> \u2013 lo\u1ea1i b\u1ecf b\u1ee5i si\u00eau m\u1ecbn PM2.5 l\u00ean \u0111\u1ebfn 99,97%<\/p>\n<\/li>\n<\/ul>\n<p data-start=\"882\" data-end=\"958\">Kh\u00f4ng kh\u00ed tr\u01b0\u1edbc khi v\u00e0o ph\u00f2ng lu\u00f4n \u0111\u01b0\u1ee3c x\u1eed l\u00fd s\u1ea1ch v\u00e0 an to\u00e0n cho h\u1ec7 h\u00f4 h\u1ea5p.<\/p>\n<h3 data-start=\"965\" data-end=\"999\">\ud83d\udd07 V\u1eadn h\u00e0nh si\u00eau \u00eam \u2013 Ch\u1ec9 24dB<\/h3>\n<p data-start=\"1000\" data-end=\"1140\">\u0110\u1ed9 \u1ed3n t\u1ed1i \u0111a ch\u1ec9 24dB, \u00eam \u00e1i h\u01a1n ti\u1ebfng l\u00e1 r\u01a1i, ph\u00f9 h\u1ee3p cho ph\u00f2ng ng\u1ee7 l\u1edbn, ph\u00f2ng kh\u00e1ch, v\u0103n ph\u00f2ng ho\u1eb7c kh\u00f4ng gian kinh doanh c\u1ea7n s\u1ef1 y\u00ean t\u0129nh.<\/p>\n<p data-start=\"1000\" data-end=\"1140\">\u2b50 Chu\u1ea9n ch\u1ea5t l\u01b0\u1ee3ng Ch\u00e2u \u00c2u (EU GMP)<\/p>\n<p data-start=\"1187\" data-end=\"1415\">S\u1ea3n ph\u1ea9m \u0111\u01b0\u1ee3c s\u1ea3n xu\u1ea5t theo ti\u00eau chu\u1ea9n ch\u1ea5t l\u01b0\u1ee3ng ch\u00e2u \u00c2u, \u0111\u1ea3m b\u1ea3o \u0111\u1ed9 b\u1ec1n, hi\u1ec7u su\u1ea5t \u1ed5n \u0111\u1ecbnh v\u00e0 v\u1eadn h\u00e0nh an to\u00e0n l\u00e2u d\u00e0i. Thi\u1ebft k\u1ebf d\u1ea1ng h\u1ed9p k\u1ef9 thu\u1eadt ch\u1eafc ch\u1eafn, d\u1ec5 d\u00e0ng l\u1eafp \u0111\u1eb7t \u00e2m tr\u1ea7n ho\u1eb7c trong h\u1ec7 th\u1ed1ng k\u1ef9 thu\u1eadt c\u1ee7a c\u00f4ng tr\u00ecnh.<\/p>\n<h3 data-start=\"1422\" data-end=\"1446\">\ud83c\udfaf \u1ee8ng d\u1ee5ng l\u00fd t\u01b0\u1edfng<\/h3>\n<p data-start=\"1447\" data-end=\"1570\">\u2714 C\u0103n h\u1ed9 di\u1ec7n t\u00edch l\u1edbn<br data-start=\"1469\" data-end=\"1472\" \/>\u2714 Nh\u00e0 ph\u1ed1, bi\u1ec7t th\u1ef1<br data-start=\"1491\" data-end=\"1494\" \/>\u2714 V\u0103n ph\u00f2ng, ph\u00f2ng h\u1ecdp<br data-start=\"1516\" data-end=\"1519\" \/>\u2714 Kh\u00f4ng gian kinh doanh c\u1ea7n trao \u0111\u1ed5i kh\u00ed li\u00ean t\u1ee5c<\/p>\n<p data-start=\"1572\" data-end=\"1747\" data-is-last-node=\"\" data-is-only-node=\"\"><strong data-start=\"1572\" data-end=\"1747\" data-is-last-node=\"\">NAVA AIR ERV 250 kh\u00f4ng ch\u1ec9 l\u00e0 thi\u1ebft b\u1ecb th\u00f4ng gi\u00f3 m\u00e0 l\u00e0 h\u1ec7 th\u1ed1ng ki\u1ec3m so\u00e1t ch\u1ea5t l\u01b0\u1ee3ng kh\u00f4ng kh\u00ed ch\u1ee7 \u0111\u1ed9ng \u2013 gi\u00fap n\u00e2ng cao ti\u00eau chu\u1ea9n s\u1ed1ng v\u00e0 b\u1ea3o v\u1ec7 s\u1ee9c kh\u1ecfe cho c\u1ea3 gia \u0111\u00ecnh.<\/strong><\/p>\n<\/div>\n<\/div>\n<\/div>\n<\/div>\n<div class=\"z-0 flex min-h-[46px] justify-start\"><\/div>\n<div class=\"mt-3 w-full empty:hidden\">\n<div class=\"text-center\"><\/div>\n<\/div>\n<\/div>\n<\/div>\n<\/article>\n<\/div>\n<div class=\"pointer-events-none h-px w-px absolute bottom-0\" aria-hidden=\"true\" data-edge=\"true\"><\/div>\n","protected":false},"excerpt":{"rendered":"<p>Lorem ipsum dolor sit amet, consectetur adipiscing elit. Vestibulum iaculis massa nec velit commodo lobortis. Quisque diam lacus, tincidunt vitae eros porta, sagittis rhoncus est. Quisque sed justo a erat lobortis gravida.<\/p>\n","protected":false},"featured_media":324,"comment_status":"open","ping_status":"closed","template":"","meta":[],"product_brand":[],"product_cat":[45],"product_tag":[43,25,26],"class_list":{"0":"post-176","1":"product","2":"type-product","3":"status-publish","4":"has-post-thumbnail","6":"product_cat-maytraodoinhiet","7":"product_tag-jack-and-jones","8":"product_tag-man","9":"product_tag-t-shirt","11":"first","12":"instock","13":"shipping-taxable","14":"product-type-simple"},"jetpack_sharing_enabled":true,"_links":{"self":[{"href":"https:\/\/khituoi.vn\/index.php?rest_route=\/wp\/v2\/product\/176","targetHints":{"allow":["GET"]}}],"collection":[{"href":"https:\/\/khituoi.vn\/index.php?rest_route=\/wp\/v2\/product"}],"about":[{"href":"https:\/\/khituoi.vn\/index.php?rest_route=\/wp\/v2\/types\/product"}],"replies":[{"embeddable":true,"href":"https:\/\/khituoi.vn\/index.php?rest_route=%2Fwp%2Fv2%2Fcomments&post=176"}],"wp:featuredmedia":[{"embeddable":true,"href":"https:\/\/khituoi.vn\/index.php?rest_route=\/wp\/v2\/media\/324"}],"wp:attachment":[{"href":"https:\/\/khituoi.vn\/index.php?rest_route=%2Fwp%2Fv2%2Fmedia&parent=176"}],"wp:term":[{"taxonomy":"product_brand","embeddable":true,"href":"https:\/\/khituoi.vn\/index.php?rest_route=%2Fwp%2Fv2%2Fproduct_brand&post=176"},{"taxonomy":"product_cat","embeddable":true,"href":"https:\/\/khituoi.vn\/index.php?rest_route=%2Fwp%2Fv2%2Fproduct_cat&post=176"},{"taxonomy":"product_tag","embeddable":true,"href":"https:\/\/khituoi.vn\/index.php?rest_route=%2Fwp%2Fv2%2Fproduct_tag&post=176"}],"curies":[{"name":"wp","href":"https:\/\/api.w.org\/{rel}","templated":true}]}}