{"id":178,"date":"2013-08-10T10:15:29","date_gmt":"2013-08-10T10:15:29","guid":{"rendered":"http:\/\/uxthemes.wpengine.com\/?post_type=product&#038;p=411"},"modified":"2026-03-04T09:42:43","modified_gmt":"2026-03-04T09:42:43","slug":"lawrance-polo-tee-jack-jones","status":"publish","type":"product","link":"https:\/\/khituoi.vn\/?product=lawrance-polo-tee-jack-jones","title":{"rendered":"NAVA AIR KT 1000 \u2013 H\u1ec7 th\u1ed1ng c\u1ea5p kh\u00ed t\u01b0\u01a1i c\u00f4ng su\u1ea5t l\u1edbn, chu\u1ea9n Ch\u00e2u \u00c2u cho kh\u00f4ng gian 285\u2013350m\u00b2"},"content":{"rendered":"<article class=\"text-token-text-primary w-full focus:outline-none [--shadow-height:45px] has-data-writing-block:pointer-events-none has-data-writing-block:-mt-(--shadow-height) has-data-writing-block:pt-(--shadow-height) [&amp;:has([data-writing-block])&gt;*]:pointer-events-auto scroll-mt-(--header-height)\" dir=\"auto\" tabindex=\"-1\" data-turn-id=\"6d65358f-eece-4cb4-a23d-91dfed492fa2\" data-testid=\"conversation-turn-263\" data-scroll-anchor=\"false\" data-turn=\"user\"><\/article>\n<article class=\"text-token-text-primary w-full focus:outline-none [--shadow-height:45px] has-data-writing-block:pointer-events-none has-data-writing-block:-mt-(--shadow-height) has-data-writing-block:pt-(--shadow-height) [&amp;:has([data-writing-block])&gt;*]:pointer-events-auto scroll-mt-[calc(var(--header-height)+min(200px,max(70px,20svh)))]\" dir=\"auto\" tabindex=\"-1\" data-turn-id=\"request-68cfdfb9-1d80-832b-8c9c-e261d7f46320-19\" data-testid=\"conversation-turn-264\" data-scroll-anchor=\"true\" data-turn=\"assistant\">\n<div class=\"text-base my-auto mx-auto pb-10 [--thread-content-margin:--spacing(4)] @w-sm\/main:[--thread-content-margin:--spacing(6)] @w-lg\/main:[--thread-content-margin:--spacing(16)] px-(--thread-content-margin)\">\n<div class=\"[--thread-content-max-width:40rem] @w-lg\/main:[--thread-content-max-width:48rem] mx-auto max-w-(--thread-content-max-width) flex-1 group\/turn-messages focus-visible:outline-hidden relative flex w-full min-w-0 flex-col agent-turn\" tabindex=\"-1\">\n<div class=\"flex max-w-full flex-col grow\">\n<div class=\"min-h-8 text-message relative flex w-full flex-col items-end gap-2 text-start break-words whitespace-normal [.text-message+&amp;]:mt-1\" dir=\"auto\" data-message-author-role=\"assistant\" data-message-id=\"1650f0d7-b214-4325-97e7-af138ad95b1e\" data-message-model-slug=\"gpt-5-2\">\n<div class=\"flex w-full flex-col gap-1 empty:hidden first:pt-[1px]\">\n<div class=\"markdown prose dark:prose-invert w-full wrap-break-word light markdown-new-styling\">\n<p data-start=\"0\" data-end=\"127\"><strong data-start=\"0\" data-end=\"127\"><span class=\"hover:entity-accent entity-underline inline cursor-pointer align-baseline\"><span class=\"whitespace-normal\">NAVA AIR<\/span><\/span> KT 1000 \u2013 H\u1ec7 th\u1ed1ng c\u1ea5p kh\u00ed t\u01b0\u01a1i c\u00f4ng su\u1ea5t l\u1edbn, chu\u1ea9n Ch\u00e2u \u00c2u cho kh\u00f4ng gian 285\u2013350m\u00b2<\/strong><\/p>\n<p data-start=\"129\" data-end=\"473\">V\u1edbi nh\u1eefng kh\u00f4ng gian di\u1ec7n t\u00edch l\u1edbn, m\u1eadt \u0111\u1ed9 ng\u01b0\u1eddi cao nh\u01b0 v\u0103n ph\u00f2ng, nh\u00e0 h\u00e0ng, showroom hay khu d\u1ecbch v\u1ee5 cao c\u1ea5p, m\u1ed9t h\u1ec7 th\u1ed1ng c\u1ea5p kh\u00ed t\u01b0\u01a1i m\u1ea1nh m\u1ebd v\u00e0 \u1ed5n \u0111\u1ecbnh l\u00e0 y\u1ebfu t\u1ed1 b\u1eaft bu\u1ed9c. NAVA AIR KT 1000 ra \u0111\u1eddi nh\u1eb1m \u0111\u00e1p \u1ee9ng nhu c\u1ea7u \u0111\u00f3 \u2013 cung c\u1ea5p l\u01b0u l\u01b0\u1ee3ng kh\u00ed t\u01b0\u01a1i v\u01b0\u1ee3t tr\u1ed9i, l\u1ecdc s\u1ea1ch b\u1ee5i m\u1ecbn v\u00e0 kh\u1eed m\u00f9i hi\u1ec7u qu\u1ea3, n\u00e2ng t\u1ea7m ch\u1ea5t l\u01b0\u1ee3ng kh\u00f4ng kh\u00ed to\u00e0n di\u1ec7n.<\/p>\n<h2 data-start=\"480\" data-end=\"537\">\ud83c\udf2c L\u01b0u l\u01b0\u1ee3ng 1000m\u00b3\/h \u2013 T\u1ed1i \u01b0u cho di\u1ec7n t\u00edch 285\u2013350m\u00b2<\/h2>\n<ul data-start=\"538\" data-end=\"761\">\n<li data-start=\"538\" data-end=\"599\">\n<p data-start=\"540\" data-end=\"599\">C\u1ea5p kh\u00ed t\u01b0\u01a1i li\u00ean t\u1ee5c, \u0111\u1ea3m b\u1ea3o trao \u0111\u1ed5i kh\u00f4ng kh\u00ed m\u1ea1nh m\u1ebd<\/p>\n<\/li>\n<li data-start=\"600\" data-end=\"644\">\n<p data-start=\"602\" data-end=\"644\">H\u1ea1n ch\u1ebf t\u00edch t\u1ee5 CO\u2082 trong kh\u00f4ng gian k\u00edn<\/p>\n<\/li>\n<li data-start=\"645\" data-end=\"761\">\n<p data-start=\"647\" data-end=\"761\">Ph\u00f9 h\u1ee3p cho v\u0103n ph\u00f2ng l\u1edbn, nh\u00e0 h\u00e0ng, ph\u00f2ng gym, trung t\u00e2m \u0111\u00e0o t\u1ea1o, bi\u1ec7t th\u1ef1 v\u00e0 khu kinh doanh d\u1ecbch v\u1ee5 quy m\u00f4 l\u1edbn<\/p>\n<\/li>\n<\/ul>\n<h2 data-start=\"768\" data-end=\"824\">\ud83c\udf3f H\u1ec7 th\u1ed1ng l\u1ecdc 3 c\u1ea5p \u2013 L\u00e0m s\u1ea1ch kh\u00f4ng kh\u00ed \u0111\u1ebfn 99,97%<\/h2>\n<p data-start=\"825\" data-end=\"865\">KT 1000 \u0111\u01b0\u1ee3c trang b\u1ecb b\u1ed9 l\u1ecdc chuy\u00ean s\u00e2u:<\/p>\n<ul data-start=\"866\" data-end=\"1051\">\n<li data-start=\"866\" data-end=\"919\">\n<p data-start=\"868\" data-end=\"919\"><strong data-start=\"868\" data-end=\"879\">L\u1ecdc th\u00f4<\/strong>: Lo\u1ea1i b\u1ecf b\u1ee5i l\u1edbn, c\u00f4n tr\u00f9ng, t\u1ea1p ch\u1ea5t<\/p>\n<\/li>\n<li data-start=\"920\" data-end=\"976\">\n<p data-start=\"922\" data-end=\"976\"><strong data-start=\"922\" data-end=\"944\">L\u1ecdc than ho\u1ea1t t\u00ednh<\/strong>: Kh\u1eed m\u00f9i, h\u1ea5p th\u1ee5 kh\u00ed \u0111\u1ed9c h\u1ea1i<\/p>\n<\/li>\n<li data-start=\"977\" data-end=\"1051\">\n<p data-start=\"979\" data-end=\"1051\"><strong data-start=\"979\" data-end=\"991\">L\u1ecdc HEPA<\/strong>: L\u1ecdc s\u1ea1ch b\u1ee5i si\u00eau m\u1ecbn PM2.5 v\u1edbi hi\u1ec7u su\u1ea5t l\u00ean t\u1edbi 99,97%<\/p>\n<\/li>\n<\/ul>\n<p data-start=\"1053\" data-end=\"1181\">Kh\u00f4ng kh\u00ed tr\u01b0\u1edbc khi \u0111\u01b0a v\u00e0o ph\u00f2ng \u0111\u01b0\u1ee3c x\u1eed l\u00fd k\u1ef9 l\u01b0\u1ee1ng, g\u00f3p ph\u1ea7n b\u1ea3o v\u1ec7 h\u1ec7 h\u00f4 h\u1ea5p v\u00e0 duy tr\u00ec m\u00f4i tr\u01b0\u1eddng s\u1ed1ng an to\u00e0n, trong l\u00e0nh.<\/p>\n<h2 data-start=\"1188\" data-end=\"1232\">\ud83d\udd07 V\u1eadn h\u00e0nh \u00eam \u00e1i \u2013 \u0110\u1ed9 \u1ed3n t\u1ed1i \u0111a ch\u1ec9 39dB<\/h2>\n<p data-start=\"1233\" data-end=\"1369\">D\u00f9 s\u1edf h\u1eefu c\u00f4ng su\u1ea5t 1000m\u00b3\/h, m\u00e1y v\u1eabn duy tr\u00ec \u0111\u1ed9 \u1ed3n th\u1ea5p, thu\u1ed9c top y\u00ean t\u0129nh trong ph\u00e2n kh\u00fac, kh\u00f4ng \u1ea3nh h\u01b0\u1edfng \u0111\u1ebfn sinh ho\u1ea1t v\u00e0 l\u00e0m vi\u1ec7c.<\/p>\n<h2 data-start=\"1376\" data-end=\"1432\">\u2b50 S\u1ea3n xu\u1ea5t theo ti\u00eau chu\u1ea9n EU GMP \u2013 Chu\u1ea9n m\u00e1y Ch\u00e2u \u00c2u<\/h2>\n<p data-start=\"1433\" data-end=\"1492\">S\u1ea3n ph\u1ea9m \u0111\u01b0\u1ee3c s\u1ea3n xu\u1ea5t theo ti\u00eau chu\u1ea9n <strong data-start=\"1472\" data-end=\"1482\">EU GMP<\/strong>, \u0111\u1ea3m b\u1ea3o:<\/p>\n<ul data-start=\"1493\" data-end=\"1638\">\n<li data-start=\"1493\" data-end=\"1539\">\n<p data-start=\"1495\" data-end=\"1539\">Quy tr\u00ecnh ki\u1ec3m so\u00e1t ch\u1ea5t l\u01b0\u1ee3ng nghi\u00eam ng\u1eb7t<\/p>\n<\/li>\n<li data-start=\"1540\" data-end=\"1580\">\n<p data-start=\"1542\" data-end=\"1580\">\u0110\u1ed9 b\u1ec1n cao, v\u1eadn h\u00e0nh \u1ed5n \u0111\u1ecbnh l\u00e2u d\u00e0i<\/p>\n<\/li>\n<li data-start=\"1581\" data-end=\"1638\">\n<p data-start=\"1583\" data-end=\"1638\">Hi\u1ec7u su\u1ea5t t\u1ed1i \u01b0u, ti\u1ebft ki\u1ec7m chi ph\u00ed \u0111\u1ea7u t\u01b0 v\u00e0 b\u1ea3o tr\u00ec<\/p>\n<\/li>\n<\/ul>\n<h3 data-start=\"1645\" data-end=\"1718\">\ud83c\udfaf NAVA AIR KT 1000 \u2013 Gi\u1ea3i ph\u00e1p kh\u00ed t\u01b0\u01a1i to\u00e0n di\u1ec7n cho kh\u00f4ng gian l\u1edbn<\/h3>\n<p data-start=\"1719\" data-end=\"1952\" data-is-last-node=\"\" data-is-only-node=\"\">Kh\u00f4ng ch\u1ec9 l\u00e0 m\u00e1y c\u1ea5p kh\u00ed t\u01b0\u01a1i, KT 1000 l\u00e0 h\u1ec7 th\u1ed1ng ki\u1ec3m so\u00e1t ch\u1ea5t l\u01b0\u1ee3ng kh\u00f4ng kh\u00ed chuy\u00ean nghi\u1ec7p, gi\u00fap kh\u00f4ng gian lu\u00f4n th\u00f4ng tho\u00e1ng \u2013 s\u1ea1ch b\u1ee5i m\u1ecbn \u2013 gi\u1ea3m m\u00f9i \u2013 an to\u00e0n cho s\u1ee9c kh\u1ecfe, mang l\u1ea1i tr\u1ea3i nghi\u1ec7m s\u1ed1ng v\u00e0 l\u00e0m vi\u1ec7c chu\u1ea9n ch\u00e2u \u00c2u.<\/p>\n<\/div>\n<\/div>\n<\/div>\n<\/div>\n<\/div>\n<\/div>\n<\/article>\n","protected":false},"excerpt":{"rendered":"<p>Lorem ipsum dolor sit amet, consectetur adipiscing elit. Vestibulum iaculis massa nec velit commodo lobortis. Quisque diam lacus, tincidunt vitae eros porta, sagittis rhoncus est. Quisque sed justo a erat lobortis gravida.<\/p>\n","protected":false},"featured_media":344,"comment_status":"open","ping_status":"closed","template":"","meta":[],"product_brand":[],"product_cat":[60],"product_tag":[43,25,26],"class_list":{"0":"post-178","1":"product","2":"type-product","3":"status-publish","4":"has-post-thumbnail","6":"product_cat-maycapkhituoihaichieu","7":"product_tag-jack-and-jones","8":"product_tag-man","9":"product_tag-t-shirt","11":"first","12":"instock","13":"shipping-taxable","14":"product-type-simple"},"jetpack_sharing_enabled":true,"_links":{"self":[{"href":"https:\/\/khituoi.vn\/index.php?rest_route=\/wp\/v2\/product\/178","targetHints":{"allow":["GET"]}}],"collection":[{"href":"https:\/\/khituoi.vn\/index.php?rest_route=\/wp\/v2\/product"}],"about":[{"href":"https:\/\/khituoi.vn\/index.php?rest_route=\/wp\/v2\/types\/product"}],"replies":[{"embeddable":true,"href":"https:\/\/khituoi.vn\/index.php?rest_route=%2Fwp%2Fv2%2Fcomments&post=178"}],"wp:featuredmedia":[{"embeddable":true,"href":"https:\/\/khituoi.vn\/index.php?rest_route=\/wp\/v2\/media\/344"}],"wp:attachment":[{"href":"https:\/\/khituoi.vn\/index.php?rest_route=%2Fwp%2Fv2%2Fmedia&parent=178"}],"wp:term":[{"taxonomy":"product_brand","embeddable":true,"href":"https:\/\/khituoi.vn\/index.php?rest_route=%2Fwp%2Fv2%2Fproduct_brand&post=178"},{"taxonomy":"product_cat","embeddable":true,"href":"https:\/\/khituoi.vn\/index.php?rest_route=%2Fwp%2Fv2%2Fproduct_cat&post=178"},{"taxonomy":"product_tag","embeddable":true,"href":"https:\/\/khituoi.vn\/index.php?rest_route=%2Fwp%2Fv2%2Fproduct_tag&post=178"}],"curies":[{"name":"wp","href":"https:\/\/api.w.org\/{rel}","templated":true}]}}