{"id":180,"date":"2013-08-10T10:09:03","date_gmt":"2013-08-10T10:09:03","guid":{"rendered":"http:\/\/uxthemes.wpengine.com\/?post_type=product&#038;p=400"},"modified":"2026-03-05T03:48:59","modified_gmt":"2026-03-05T03:48:59","slug":"jeansmaker-tee-lee-jeans","status":"publish","type":"product","link":"https:\/\/khituoi.vn\/?product=jeansmaker-tee-lee-jeans","title":{"rendered":"NAVA AIR ERV 150 &#8211; cho kh\u00f4ng gian 30\u201355m\u00b2"},"content":{"rendered":"<article class=\"text-token-text-primary w-full focus:outline-none [--shadow-height:45px] has-data-writing-block:pointer-events-none has-data-writing-block:-mt-(--shadow-height) has-data-writing-block:pt-(--shadow-height) [&amp;:has([data-writing-block])&gt;*]:pointer-events-auto scroll-mt-(--header-height)\" dir=\"auto\" tabindex=\"-1\" data-turn-id=\"7e84e9f1-8bd8-4452-b993-e9c8bf69e492\" data-testid=\"conversation-turn-235\" data-scroll-anchor=\"false\" data-turn=\"user\"><\/article>\n<article class=\"text-token-text-primary w-full focus:outline-none [--shadow-height:45px] has-data-writing-block:pointer-events-none has-data-writing-block:-mt-(--shadow-height) has-data-writing-block:pt-(--shadow-height) [&amp;:has([data-writing-block])&gt;*]:pointer-events-auto scroll-mt-[calc(var(--header-height)+min(200px,max(70px,20svh)))]\" dir=\"auto\" tabindex=\"-1\" data-turn-id=\"request-68cfdfb9-1d80-832b-8c9c-e261d7f46320-5\" data-testid=\"conversation-turn-236\" data-scroll-anchor=\"true\" data-turn=\"assistant\">\n<div class=\"text-base my-auto mx-auto pb-10 [--thread-content-margin:--spacing(4)] @w-sm\/main:[--thread-content-margin:--spacing(6)] @w-lg\/main:[--thread-content-margin:--spacing(16)] px-(--thread-content-margin)\">\n<div class=\"[--thread-content-max-width:40rem] @w-lg\/main:[--thread-content-max-width:48rem] mx-auto max-w-(--thread-content-max-width) flex-1 group\/turn-messages focus-visible:outline-hidden relative flex w-full min-w-0 flex-col agent-turn\" tabindex=\"-1\">\n<div class=\"flex max-w-full flex-col grow\">\n<div class=\"min-h-8 text-message relative flex w-full flex-col items-end gap-2 text-start break-words whitespace-normal [.text-message+&amp;]:mt-1\" dir=\"auto\" data-message-author-role=\"assistant\" data-message-id=\"11873caf-2d1a-4bc6-9191-e93f161ccf82\" data-message-model-slug=\"gpt-5-2\">\n<div class=\"flex w-full flex-col gap-1 empty:hidden first:pt-[1px]\">\n<div class=\"markdown prose dark:prose-invert w-full wrap-break-word light markdown-new-styling\">\n<p data-start=\"0\" data-end=\"118\"><strong data-start=\"0\" data-end=\"118\"><span class=\"hover:entity-accent entity-underline inline cursor-pointer align-baseline\"><span class=\"whitespace-normal\">NAVA AIR<\/span><\/span> ERV 150 \u2013 H\u1ec7 th\u1ed1ng c\u1ea5p kh\u00ed t\u01b0\u01a1i 2 chi\u1ec1u chu\u1ea9n Ch\u00e2u \u00c2u cho kh\u00f4ng gian 30\u201355m\u00b2<\/strong><\/p>\n<p data-start=\"120\" data-end=\"455\">Trong b\u1ed1i c\u1ea3nh kh\u00f4ng kh\u00ed \u0111\u00f4 th\u1ecb ng\u00e0y c\u00e0ng \u00f4 nhi\u1ec5m, vi\u1ec7c ch\u1ee7 \u0111\u1ed9ng ki\u1ec3m so\u00e1t ch\u1ea5t l\u01b0\u1ee3ng kh\u00f4ng kh\u00ed trong nh\u00e0 tr\u1edf th\u00e0nh y\u1ebfu t\u1ed1 quan tr\u1ecdng \u0111\u1ec3 b\u1ea3o v\u1ec7 s\u1ee9c kh\u1ecfe. NAVA AIR ERV 150 ra \u0111\u1eddi nh\u01b0 m\u1ed9t gi\u1ea3i ph\u00e1p c\u1ea5p kh\u00ed t\u01b0\u01a1i \u2013 l\u1ecdc s\u1ea1ch \u2013 trao \u0111\u1ed5i nhi\u1ec7t to\u00e0n di\u1ec7n, gi\u00fap kh\u00f4ng gian s\u1ed1ng v\u00e0 l\u00e0m vi\u1ec7c lu\u00f4n th\u00f4ng tho\u00e1ng, trong l\u00e0nh v\u00e0 ti\u1ebft ki\u1ec7m n\u0103ng l\u01b0\u1ee3ng.<\/p>\n<h3 data-start=\"462\" data-end=\"505\">\ud83c\udf2c Hi\u1ec7u su\u1ea5t m\u1ea1nh m\u1ebd \u2013 V\u1eadn h\u00e0nh si\u00eau \u00eam<\/h3>\n<ul data-start=\"506\" data-end=\"835\">\n<li data-start=\"506\" data-end=\"567\">\n<p data-start=\"508\" data-end=\"567\"><strong data-start=\"508\" data-end=\"533\">L\u01b0u l\u01b0\u1ee3ng gi\u00f3 150m\u00b3\/h<\/strong> \u2013 ph\u00f9 h\u1ee3p cho di\u1ec7n t\u00edch 30\u201355m\u00b2<\/p>\n<\/li>\n<li data-start=\"568\" data-end=\"664\">\n<p data-start=\"570\" data-end=\"664\"><strong data-start=\"570\" data-end=\"601\">Gi\u1ea3i ph\u00e1p 2 chi\u1ec1u to\u00e0n di\u1ec7n<\/strong> \u2013 c\u1ea5p kh\u00ed t\u01b0\u01a1i li\u00ean t\u1ee5c, \u0111\u1ed3ng th\u1eddi th\u1ea3i kh\u00ed t\u00f9 \u0111\u1ecdng ra ngo\u00e0i<\/p>\n<\/li>\n<li data-start=\"665\" data-end=\"747\">\n<p data-start=\"667\" data-end=\"747\"><strong data-start=\"667\" data-end=\"695\">Thu h\u1ed3i nhi\u1ec7t th\u00f4ng minh<\/strong> \u2013 duy tr\u00ec nhi\u1ec7t \u0111\u1ed9 \u1ed5n \u0111\u1ecbnh, gi\u1ea3m t\u1ea3i cho \u0111i\u1ec1u h\u00f2a<\/p>\n<\/li>\n<li data-start=\"748\" data-end=\"835\">\n<p data-start=\"750\" data-end=\"835\"><strong data-start=\"750\" data-end=\"775\">\u0110\u1ed9 \u1ed3n t\u1ed1i \u0111a ch\u1ec9 22dB<\/strong> \u2013 \u00eam h\u01a1n ti\u1ebfng l\u00e1 r\u01a1i, l\u00fd t\u01b0\u1edfng cho ph\u00f2ng ng\u1ee7 &amp; v\u0103n ph\u00f2ng<\/p>\n<\/li>\n<\/ul>\n<h3 data-start=\"842\" data-end=\"878\">\ud83c\udf3f H\u1ec7 th\u1ed1ng l\u1ecdc 3 l\u1edbp chuy\u00ean s\u00e2u<\/h3>\n<ul data-start=\"879\" data-end=\"1033\">\n<li data-start=\"879\" data-end=\"924\">\n<p data-start=\"881\" data-end=\"924\"><strong data-start=\"881\" data-end=\"892\">L\u1ecdc th\u00f4<\/strong> \u2013 gi\u1eef l\u1ea1i b\u1ee5i l\u1edbn v\u00e0 t\u1ea1p ch\u1ea5t<\/p>\n<\/li>\n<li data-start=\"925\" data-end=\"982\">\n<p data-start=\"927\" data-end=\"982\"><strong data-start=\"927\" data-end=\"949\">L\u1ecdc than ho\u1ea1t t\u00ednh<\/strong> \u2013 kh\u1eed m\u00f9i, h\u1ea5p th\u1ee5 kh\u00ed \u0111\u1ed9c h\u1ea1i<\/p>\n<\/li>\n<li data-start=\"983\" data-end=\"1033\">\n<p data-start=\"985\" data-end=\"1033\"><strong data-start=\"985\" data-end=\"997\">L\u1ecdc HEPA<\/strong> \u2013 lo\u1ea1i b\u1ecf b\u1ee5i si\u00eau m\u1ecbn \u0111\u1ebfn 99,97%<\/p>\n<\/li>\n<\/ul>\n<p data-start=\"1035\" data-end=\"1136\">Kh\u00f4ng kh\u00ed tr\u01b0\u1edbc khi v\u00e0o ph\u00f2ng lu\u00f4n \u0111\u01b0\u1ee3c x\u1eed l\u00fd s\u1ea1ch s\u1ebd, \u0111\u1ea3m b\u1ea3o an to\u00e0n cho h\u1ec7 h\u00f4 h\u1ea5p c\u1ee7a c\u1ea3 gia \u0111\u00ecnh.<\/p>\n<h3 data-start=\"1143\" data-end=\"1197\">\u2b50 Chu\u1ea9n ch\u1ea5t l\u01b0\u1ee3ng Ch\u00e2u \u00c2u \u2013 B\u1ec1n b\u1ec9 theo th\u1eddi gian<\/h3>\n<p data-start=\"1198\" data-end=\"1436\">S\u1ea3n ph\u1ea9m \u0111\u01b0\u1ee3c s\u1ea3n xu\u1ea5t theo ti\u00eau chu\u1ea9n ch\u1ea5t l\u01b0\u1ee3ng ch\u00e2u \u00c2u (EU GMP), \u0111\u1ea3m b\u1ea3o \u0111\u1ed9 b\u1ec1n cao, v\u1eadn h\u00e0nh \u1ed5n \u0111\u1ecbnh v\u00e0 an to\u00e0n l\u00e2u d\u00e0i. Thi\u1ebft k\u1ebf d\u1ea1ng h\u1ed9p ch\u1eafc ch\u1eafn, d\u1ec5 d\u00e0ng l\u1eafp \u0111\u1eb7t \u00e2m tr\u1ea7n ho\u1eb7c trong h\u1ec7 th\u1ed1ng k\u1ef9 thu\u1eadt, t\u1ed1i \u01b0u th\u1ea9m m\u1ef9 cho c\u00f4ng tr\u00ecnh.<\/p>\n<h3 data-start=\"1443\" data-end=\"1467\">\ud83c\udfaf \u1ee8ng d\u1ee5ng l\u00fd t\u01b0\u1edfng<\/h3>\n<p data-start=\"1468\" data-end=\"1578\">\u2714 C\u0103n h\u1ed9 chung c\u01b0<br data-start=\"1485\" data-end=\"1488\" \/>\u2714 Nh\u00e0 ph\u1ed1, bi\u1ec7t th\u1ef1<br data-start=\"1507\" data-end=\"1510\" \/>\u2714 V\u0103n ph\u00f2ng l\u00e0m vi\u1ec7c<br data-start=\"1530\" data-end=\"1533\" \/>\u2714 Ph\u00f2ng h\u1ecdp, ph\u00f2ng ng\u1ee7 di\u1ec7n t\u00edch trung b\u00ecnh<\/p>\n<p data-start=\"1580\" data-end=\"1768\" data-is-last-node=\"\" data-is-only-node=\"\"><strong data-start=\"1580\" data-end=\"1768\" data-is-last-node=\"\">NAVA AIR ERV 150 kh\u00f4ng ch\u1ec9 l\u00e0 thi\u1ebft b\u1ecb th\u00f4ng gi\u00f3, m\u00e0 l\u00e0 h\u1ec7 th\u1ed1ng ki\u1ec3m so\u00e1t kh\u00f4ng kh\u00ed ch\u1ee7 \u0111\u1ed9ng \u2013 mang \u0111\u1ebfn m\u00f4i tr\u01b0\u1eddng s\u1ed1ng s\u1ea1ch, \u00eam \u00e1i v\u00e0 chu\u1ea9n m\u1ef1c ch\u1ea5t l\u01b0\u1ee3ng Ch\u00e2u \u00c2u cho m\u1ecdi kh\u00f4ng gian.<\/strong><\/p>\n<\/div>\n<\/div>\n<\/div>\n<\/div>\n<\/div>\n<\/div>\n<\/article>\n","protected":false},"excerpt":{"rendered":"<p>Lorem ipsum dolor sit amet, consectetur adipiscing elit. Vestibulum iaculis massa nec velit commodo lobortis. Quisque diam lacus, tincidunt vitae eros porta, sagittis rhoncus est. Quisque sed justo a erat lobortis gravida.<\/p>\n","protected":false},"featured_media":322,"comment_status":"open","ping_status":"closed","template":"","meta":[],"product_brand":[],"product_cat":[45],"product_tag":[44,25,26],"class_list":{"0":"post-180","1":"product","2":"type-product","3":"status-publish","4":"has-post-thumbnail","6":"product_cat-maytraodoinhiet","7":"product_tag-lee","8":"product_tag-man","9":"product_tag-t-shirt","11":"first","12":"instock","13":"shipping-taxable","14":"product-type-simple"},"jetpack_sharing_enabled":true,"_links":{"self":[{"href":"https:\/\/khituoi.vn\/index.php?rest_route=\/wp\/v2\/product\/180","targetHints":{"allow":["GET"]}}],"collection":[{"href":"https:\/\/khituoi.vn\/index.php?rest_route=\/wp\/v2\/product"}],"about":[{"href":"https:\/\/khituoi.vn\/index.php?rest_route=\/wp\/v2\/types\/product"}],"replies":[{"embeddable":true,"href":"https:\/\/khituoi.vn\/index.php?rest_route=%2Fwp%2Fv2%2Fcomments&post=180"}],"wp:featuredmedia":[{"embeddable":true,"href":"https:\/\/khituoi.vn\/index.php?rest_route=\/wp\/v2\/media\/322"}],"wp:attachment":[{"href":"https:\/\/khituoi.vn\/index.php?rest_route=%2Fwp%2Fv2%2Fmedia&parent=180"}],"wp:term":[{"taxonomy":"product_brand","embeddable":true,"href":"https:\/\/khituoi.vn\/index.php?rest_route=%2Fwp%2Fv2%2Fproduct_brand&post=180"},{"taxonomy":"product_cat","embeddable":true,"href":"https:\/\/khituoi.vn\/index.php?rest_route=%2Fwp%2Fv2%2Fproduct_cat&post=180"},{"taxonomy":"product_tag","embeddable":true,"href":"https:\/\/khituoi.vn\/index.php?rest_route=%2Fwp%2Fv2%2Fproduct_tag&post=180"}],"curies":[{"name":"wp","href":"https:\/\/api.w.org\/{rel}","templated":true}]}}