{"id":181,"date":"2013-08-10T10:01:52","date_gmt":"2013-08-10T10:01:52","guid":{"rendered":"http:\/\/uxthemes.wpengine.com\/?post_type=product&#038;p=389"},"modified":"2026-03-04T09:42:18","modified_gmt":"2026-03-04T09:42:18","slug":"pima-ss-o-neck-noos-selected-homme","status":"publish","type":"product","link":"https:\/\/khituoi.vn\/?product=pima-ss-o-neck-noos-selected-homme","title":{"rendered":"NAVA AIR GO 250 \u2013 Gi\u1ea3i ph\u00e1p c\u1ea5p kh\u00ed t\u01b0\u01a1i t\u1ed1i \u01b0u cho kh\u00f4ng gian kinh doanh &#038; d\u1ecbch v\u1ee5"},"content":{"rendered":"<div class=\"flex flex-col text-sm pb-25\">\n<article class=\"text-token-text-primary w-full focus:outline-none [--shadow-height:45px] has-data-writing-block:pointer-events-none has-data-writing-block:-mt-(--shadow-height) has-data-writing-block:pt-(--shadow-height) [&amp;:has([data-writing-block])&gt;*]:pointer-events-auto scroll-mt-[calc(var(--header-height)+min(200px,max(70px,20svh)))]\" dir=\"auto\" tabindex=\"-1\" data-turn-id=\"request-68cfdfb9-1d80-832b-8c9c-e261d7f46320-11\" data-testid=\"conversation-turn-248\" data-scroll-anchor=\"true\" data-turn=\"assistant\">\n<div class=\"text-base my-auto mx-auto pb-10 [--thread-content-margin:--spacing(4)] @w-sm\/main:[--thread-content-margin:--spacing(6)] @w-lg\/main:[--thread-content-margin:--spacing(16)] px-(--thread-content-margin)\">\n<div class=\"[--thread-content-max-width:40rem] @w-lg\/main:[--thread-content-max-width:48rem] mx-auto max-w-(--thread-content-max-width) flex-1 group\/turn-messages focus-visible:outline-hidden relative flex w-full min-w-0 flex-col agent-turn\" tabindex=\"-1\">\n<div class=\"flex max-w-full flex-col grow\">\n<div class=\"min-h-8 text-message relative flex w-full flex-col items-end gap-2 text-start break-words whitespace-normal [.text-message+&amp;]:mt-1\" dir=\"auto\" data-message-author-role=\"assistant\" data-message-id=\"67b50bf8-f3ed-471e-bc90-976e0cd6ab33\" data-message-model-slug=\"gpt-5-2\">\n<div class=\"flex w-full flex-col gap-1 empty:hidden first:pt-[1px]\">\n<div class=\"markdown prose dark:prose-invert w-full wrap-break-word light markdown-new-styling\">\n<p data-start=\"0\" data-end=\"116\"><strong data-start=\"0\" data-end=\"116\"><span class=\"hover:entity-accent entity-underline inline cursor-pointer align-baseline\"><span class=\"whitespace-normal\">NAVA AIR<\/span><\/span> GO 250 \u2013 Gi\u1ea3i ph\u00e1p c\u1ea5p kh\u00ed t\u01b0\u01a1i t\u1ed1i \u01b0u cho kh\u00f4ng gian kinh doanh &amp; d\u1ecbch v\u1ee5<\/strong><\/p>\n<p data-start=\"118\" data-end=\"457\">Trong c\u00e1c kh\u00f4ng gian nh\u01b0 v\u0103n ph\u00f2ng nh\u1ecf, spa, ph\u00f2ng kh\u00e1m, c\u1eeda h\u00e0ng hay c\u0103n h\u1ed9 di\u1ec7n t\u00edch v\u1eeba, vi\u1ec7c \u0111\u1ea3m b\u1ea3o l\u01b0u th\u00f4ng kh\u00f4ng kh\u00ed li\u00ean t\u1ee5c l\u00e0 y\u1ebfu t\u1ed1 then ch\u1ed1t \u0111\u1ec3 duy tr\u00ec s\u1ef1 tho\u1ea3i m\u00e1i v\u00e0 chuy\u00ean nghi\u1ec7p. NAVA AIR GO 250 \u0111\u01b0\u1ee3c thi\u1ebft k\u1ebf chuy\u00ean bi\u1ec7t cho ph\u00e2n kh\u00fac di\u1ec7n t\u00edch 55\u201390m\u00b2, mang \u0111\u1ebfn hi\u1ec7u qu\u1ea3 c\u1ea5p kh\u00ed t\u01b0\u01a1i m\u1ea1nh m\u1ebd nh\u01b0ng v\u1eabn ti\u1ebft ki\u1ec7m v\u00e0 \u00eam \u00e1i.<\/p>\n<h2 data-start=\"464\" data-end=\"505\">\ud83c\udf2c L\u01b0u l\u01b0\u1ee3ng 250m\u00b3\/h \u2013 Ph\u00f9 h\u1ee3p 55\u201390m\u00b2<\/h2>\n<ul data-start=\"506\" data-end=\"687\">\n<li data-start=\"506\" data-end=\"567\">\n<p data-start=\"508\" data-end=\"567\">Cung c\u1ea5p l\u01b0\u1ee3ng kh\u00ed t\u01b0\u01a1i \u1ed5n \u0111\u1ecbnh cho kh\u00f4ng gian v\u1eeba v\u00e0 nh\u1ecf<\/p>\n<\/li>\n<li data-start=\"568\" data-end=\"625\">\n<p data-start=\"570\" data-end=\"625\">Gi\u1ea3m n\u1ed3ng \u0111\u1ed9 CO\u2082, lo\u1ea1i b\u1ecf m\u00f9i b\u00ed b\u00e1ch trong ph\u00f2ng k\u00edn<\/p>\n<\/li>\n<li data-start=\"626\" data-end=\"687\">\n<p data-start=\"628\" data-end=\"687\">Duy tr\u00ec m\u00f4i tr\u01b0\u1eddng trong l\u00e0nh cho kh\u00e1ch h\u00e0ng v\u00e0 nh\u00e2n vi\u00ean<\/p>\n<\/li>\n<\/ul>\n<h2 data-start=\"694\" data-end=\"740\">\ud83c\udf3f H\u1ec7 th\u1ed1ng l\u1ecdc 3 c\u1ea5p \u2013 L\u1ecdc s\u1ea1ch \u0111\u1ebfn 99,97%<\/h2>\n<ul data-start=\"741\" data-end=\"916\">\n<li data-start=\"741\" data-end=\"785\">\n<p data-start=\"743\" data-end=\"785\"><strong data-start=\"743\" data-end=\"754\">L\u1ecdc th\u00f4<\/strong>: lo\u1ea1i b\u1ecf b\u1ee5i l\u1edbn v\u00e0 t\u1ea1p ch\u1ea5t<\/p>\n<\/li>\n<li data-start=\"786\" data-end=\"842\">\n<p data-start=\"788\" data-end=\"842\"><strong data-start=\"788\" data-end=\"810\">L\u1ecdc than ho\u1ea1t t\u00ednh<\/strong>: kh\u1eed m\u00f9i, h\u1ea5p th\u1ee5 kh\u00ed \u0111\u1ed9c h\u1ea1i<\/p>\n<\/li>\n<li data-start=\"843\" data-end=\"916\">\n<p data-start=\"845\" data-end=\"916\"><strong data-start=\"845\" data-end=\"857\">L\u1ecdc HEPA<\/strong>: lo\u1ea1i b\u1ecf b\u1ee5i si\u00eau m\u1ecbn PM2.5 v\u1edbi hi\u1ec7u su\u1ea5t l\u00ean t\u1edbi 99,97%<\/p>\n<\/li>\n<\/ul>\n<p data-start=\"918\" data-end=\"1025\">Kh\u00f4ng kh\u00ed tr\u01b0\u1edbc khi \u0111\u01b0\u1ee3c \u0111\u01b0a v\u00e0o kh\u00f4ng gian \u0111\u00e3 \u0111\u01b0\u1ee3c x\u1eed l\u00fd s\u1ea1ch s\u00e2u, b\u1ea3o v\u1ec7 s\u1ee9c kh\u1ecfe ng\u01b0\u1eddi s\u1eed d\u1ee5ng m\u1ed7i ng\u00e0y.<\/p>\n<h2 data-start=\"1032\" data-end=\"1065\">\ud83d\udd07 V\u1eadn h\u00e0nh si\u00eau \u00eam \u2013 Ch\u1ec9 22dB<\/h2>\n<p data-start=\"1066\" data-end=\"1207\">\u0110\u1ed9 \u1ed3n t\u1ed1i \u0111a 22dB \u2013 g\u1ea7n nh\u01b0 kh\u00f4ng g\u00e2y ti\u1ebfng \u0111\u1ed9ng, l\u00fd t\u01b0\u1edfng cho ph\u00f2ng l\u00e0m vi\u1ec7c, ph\u00f2ng tr\u1ecb li\u1ec7u, ph\u00f2ng ng\u1ee7 ho\u1eb7c kh\u00f4ng gian c\u1ea7n s\u1ef1 y\u00ean t\u0129nh cao.<\/p>\n<h2 data-start=\"1214\" data-end=\"1250\">\u2b50 S\u1ea3n xu\u1ea5t theo ti\u00eau chu\u1ea9n EU GMP<\/h2>\n<p data-start=\"1251\" data-end=\"1317\">NAVA AIR GO 250 \u0111\u01b0\u1ee3c s\u1ea3n xu\u1ea5t theo ti\u00eau chu\u1ea9n <strong data-start=\"1297\" data-end=\"1307\">EU GMP<\/strong>, \u0111\u1ea3m b\u1ea3o:<\/p>\n<ul data-start=\"1318\" data-end=\"1403\">\n<li data-start=\"1318\" data-end=\"1346\">\n<p data-start=\"1320\" data-end=\"1346\">Linh ki\u1ec7n ch\u1ea5t l\u01b0\u1ee3ng cao<\/p>\n<\/li>\n<li data-start=\"1347\" data-end=\"1373\">\n<p data-start=\"1349\" data-end=\"1373\">\u0110\u1ed9 b\u1ec1n \u1ed5n \u0111\u1ecbnh l\u00e2u d\u00e0i<\/p>\n<\/li>\n<li data-start=\"1374\" data-end=\"1403\">\n<p data-start=\"1376\" data-end=\"1403\">Hi\u1ec7u su\u1ea5t v\u1eadn h\u00e0nh t\u1ed1i \u01b0u<\/p>\n<\/li>\n<\/ul>\n<h3 data-start=\"1410\" data-end=\"1434\">\ud83c\udfaf \u1ee8ng d\u1ee5ng l\u00fd t\u01b0\u1edfng<\/h3>\n<p data-start=\"1435\" data-end=\"1544\">\u2714 C\u0103n h\u1ed9 chung c\u01b0<br data-start=\"1452\" data-end=\"1455\" \/>\u2714 Spa, th\u1ea9m m\u1ef9 vi\u1ec7n<br data-start=\"1474\" data-end=\"1477\" \/>\u2714 Ph\u00f2ng kh\u00e1m, ph\u00f2ng t\u01b0 v\u1ea5n<br data-start=\"1503\" data-end=\"1506\" \/>\u2714 V\u0103n ph\u00f2ng nh\u1ecf, c\u1eeda h\u00e0ng kinh doanh<\/p>\n<p data-start=\"1546\" data-end=\"1717\" data-is-last-node=\"\" data-is-only-node=\"\"><strong data-start=\"1546\" data-end=\"1717\" data-is-last-node=\"\">NAVA AIR GO 250 kh\u00f4ng ch\u1ec9 l\u00e0 m\u00e1y c\u1ea5p kh\u00ed t\u01b0\u01a1i \u2013 m\u00e0 l\u00e0 gi\u1ea3i ph\u00e1p n\u00e2ng cao tr\u1ea3i nghi\u1ec7m kh\u00f4ng gian, gi\u00fap m\u1ed7i m\u00e9t vu\u00f4ng \u0111\u1ec1u tr\u00e0n \u0111\u1ea7y kh\u00f4ng kh\u00ed s\u1ea1ch v\u00e0 n\u0103ng l\u01b0\u1ee3ng t\u00edch c\u1ef1c.<\/strong><\/p>\n<\/div>\n<\/div>\n<\/div>\n<\/div>\n<\/div>\n<\/div>\n<\/article>\n<\/div>\n","protected":false},"excerpt":{"rendered":"<p>Marfa authentic High Life veniam.\u00a0Tumblr post-ironic typewriter, sriracha tote bag kogi you.\u00a0Pima SS O-Neck NOOS NOK Selected Homme &#8211; NELLY.COM<\/p>\n","protected":false},"featured_media":335,"comment_status":"open","ping_status":"closed","template":"","meta":[],"product_brand":[],"product_cat":[35],"product_tag":[24,25,26,27],"class_list":{"0":"post-181","1":"product","2":"type-product","3":"status-publish","4":"has-post-thumbnail","6":"product_cat-maycapkhituoimotchieu","7":"product_tag-jeans-2","8":"product_tag-man","9":"product_tag-t-shirt","10":"product_tag-white","12":"first","13":"instock","14":"shipping-taxable","15":"product-type-simple"},"jetpack_sharing_enabled":true,"_links":{"self":[{"href":"https:\/\/khituoi.vn\/index.php?rest_route=\/wp\/v2\/product\/181","targetHints":{"allow":["GET"]}}],"collection":[{"href":"https:\/\/khituoi.vn\/index.php?rest_route=\/wp\/v2\/product"}],"about":[{"href":"https:\/\/khituoi.vn\/index.php?rest_route=\/wp\/v2\/types\/product"}],"replies":[{"embeddable":true,"href":"https:\/\/khituoi.vn\/index.php?rest_route=%2Fwp%2Fv2%2Fcomments&post=181"}],"wp:featuredmedia":[{"embeddable":true,"href":"https:\/\/khituoi.vn\/index.php?rest_route=\/wp\/v2\/media\/335"}],"wp:attachment":[{"href":"https:\/\/khituoi.vn\/index.php?rest_route=%2Fwp%2Fv2%2Fmedia&parent=181"}],"wp:term":[{"taxonomy":"product_brand","embeddable":true,"href":"https:\/\/khituoi.vn\/index.php?rest_route=%2Fwp%2Fv2%2Fproduct_brand&post=181"},{"taxonomy":"product_cat","embeddable":true,"href":"https:\/\/khituoi.vn\/index.php?rest_route=%2Fwp%2Fv2%2Fproduct_cat&post=181"},{"taxonomy":"product_tag","embeddable":true,"href":"https:\/\/khituoi.vn\/index.php?rest_route=%2Fwp%2Fv2%2Fproduct_tag&post=181"}],"curies":[{"name":"wp","href":"https:\/\/api.w.org\/{rel}","templated":true}]}}