{"id":182,"date":"2013-08-10T09:34:34","date_gmt":"2013-08-10T09:34:34","guid":{"rendered":"http:\/\/uxthemes.wpengine.com\/?post_type=product&#038;p=331"},"modified":"2026-03-04T09:42:05","modified_gmt":"2026-03-04T09:42:05","slug":"classic-bag-svea","status":"publish","type":"product","link":"https:\/\/khituoi.vn\/?product=classic-bag-svea","title":{"rendered":"NAVA AIR GO 350 \u2013 Gi\u1ea3i ph\u00e1p kh\u00ed t\u01b0\u01a1i hi\u1ec7u su\u1ea5t cao cho kh\u00f4ng gian 95\u2013125m\u00b2"},"content":{"rendered":"<p data-start=\"0\" data-end=\"107\"><strong data-start=\"0\" data-end=\"107\"><span class=\"hover:entity-accent entity-underline inline cursor-pointer align-baseline\"><span class=\"whitespace-normal\">NAVA AIR<\/span><\/span> GO 350 \u2013 Gi\u1ea3i ph\u00e1p kh\u00ed t\u01b0\u01a1i hi\u1ec7u su\u1ea5t cao cho kh\u00f4ng gian 95\u2013125m\u00b2<\/strong><\/p>\n<p data-start=\"109\" data-end=\"424\">Trong c\u00e1c kh\u00f4ng gian kinh doanh, d\u1ecbch v\u1ee5 hay c\u0103n h\u1ed9 di\u1ec7n t\u00edch trung b\u00ecnh, ch\u1ea5t l\u01b0\u1ee3ng kh\u00f4ng kh\u00ed \u1ea3nh h\u01b0\u1edfng tr\u1ef1c ti\u1ebfp \u0111\u1ebfn tr\u1ea3i nghi\u1ec7m kh\u00e1ch h\u00e0ng v\u00e0 s\u1ee9c kh\u1ecfe ng\u01b0\u1eddi s\u1eed d\u1ee5ng. NAVA AIR GO 350 \u0111\u01b0\u1ee3c thi\u1ebft k\u1ebf \u0111\u1ec3 \u0111\u1ea3m b\u1ea3o l\u01b0u th\u00f4ng kh\u00ed li\u00ean t\u1ee5c, l\u1ecdc s\u1ea1ch t\u1ed1i \u01b0u v\u00e0 v\u1eadn h\u00e0nh \u00eam \u00e1i \u2013 mang l\u1ea1i m\u00f4i tr\u01b0\u1eddng trong l\u00e0nh chu\u1ea9n ch\u00e2u \u00c2u.<\/p>\n<h2 data-start=\"431\" data-end=\"473\">\ud83c\udf2c L\u01b0u l\u01b0\u1ee3ng 350m\u00b3\/h \u2013 Ph\u00f9 h\u1ee3p 95\u2013125m\u00b2<\/h2>\n<ul data-start=\"474\" data-end=\"655\">\n<li data-start=\"474\" data-end=\"547\">\n<p data-start=\"476\" data-end=\"547\">\u0110\u00e1p \u1ee9ng hi\u1ec7u qu\u1ea3 cho v\u0103n ph\u00f2ng, spa, ph\u00f2ng kh\u00e1m, c\u1eeda h\u00e0ng, c\u0103n h\u1ed9 l\u1edbn<\/p>\n<\/li>\n<li data-start=\"548\" data-end=\"598\">\n<p data-start=\"550\" data-end=\"598\">Duy tr\u00ec l\u01b0\u1ee3ng oxy \u1ed5n \u0111\u1ecbnh trong kh\u00f4ng gian k\u00edn<\/p>\n<\/li>\n<li data-start=\"599\" data-end=\"655\">\n<p data-start=\"601\" data-end=\"655\">Gi\u1ea3m t\u00ecnh tr\u1ea1ng b\u00ed b\u00e1ch, t\u00edch t\u1ee5 CO\u2082 v\u00e0 m\u00f9i kh\u00f3 ch\u1ecbu<\/p>\n<\/li>\n<\/ul>\n<h2 data-start=\"662\" data-end=\"708\">\ud83c\udf3f H\u1ec7 th\u1ed1ng l\u1ecdc 3 c\u1ea5p \u2013 L\u1ecdc s\u1ea1ch \u0111\u1ebfn 99,97%<\/h2>\n<ul data-start=\"709\" data-end=\"871\">\n<li data-start=\"709\" data-end=\"752\">\n<p data-start=\"711\" data-end=\"752\"><strong data-start=\"711\" data-end=\"722\">L\u1ecdc th\u00f4<\/strong>: gi\u1eef l\u1ea1i b\u1ee5i l\u1edbn, c\u00f4n tr\u00f9ng<\/p>\n<\/li>\n<li data-start=\"753\" data-end=\"805\">\n<p data-start=\"755\" data-end=\"805\"><strong data-start=\"755\" data-end=\"777\">L\u1ecdc than ho\u1ea1t t\u00ednh<\/strong>: kh\u1eed m\u00f9i, h\u1ea5p th\u1ee5 kh\u00ed \u0111\u1ed9c<\/p>\n<\/li>\n<li data-start=\"806\" data-end=\"871\">\n<p data-start=\"808\" data-end=\"871\"><strong data-start=\"808\" data-end=\"820\">L\u1ecdc HEPA<\/strong>: lo\u1ea1i b\u1ecf b\u1ee5i si\u00eau m\u1ecbn PM2.5 v\u1edbi hi\u1ec7u su\u1ea5t 99,97%<\/p>\n<\/li>\n<\/ul>\n<p data-start=\"873\" data-end=\"987\">Kh\u00f4ng kh\u00ed \u0111\u01b0\u1ee3c x\u1eed l\u00fd s\u1ea1ch tr\u01b0\u1edbc khi \u0111\u01b0a v\u00e0o ph\u00f2ng, g\u00f3p ph\u1ea7n b\u1ea3o v\u1ec7 h\u1ec7 h\u00f4 h\u1ea5p v\u00e0 n\u00e2ng cao ch\u1ea5t l\u01b0\u1ee3ng s\u1ed1ng m\u1ed7i ng\u00e0y.<\/p>\n<h2 data-start=\"994\" data-end=\"1027\">\ud83d\udd07 V\u1eadn h\u00e0nh si\u00eau \u00eam \u2013 Ch\u1ec9 23dB<\/h2>\n<p data-start=\"1028\" data-end=\"1167\">\u0110\u1ed9 \u1ed3n t\u1ed1i \u0111a 23dB \u2013 g\u1ea7n nh\u01b0 kh\u00f4ng g\u00e2y \u1ea3nh h\u01b0\u1edfng \u0111\u1ebfn m\u00f4i tr\u01b0\u1eddng l\u00e0m vi\u1ec7c v\u00e0 ngh\u1ec9 ng\u01a1i. Ph\u00f9 h\u1ee3p v\u1edbi nh\u1eefng kh\u00f4ng gian y\u00eau c\u1ea7u s\u1ef1 y\u00ean t\u0129nh cao.<\/p>\n<h2 data-start=\"1174\" data-end=\"1210\">\u2b50 S\u1ea3n xu\u1ea5t theo ti\u00eau chu\u1ea9n EU GMP<\/h2>\n<p data-start=\"1211\" data-end=\"1277\">NAVA AIR GO 350 \u0111\u01b0\u1ee3c s\u1ea3n xu\u1ea5t theo ti\u00eau chu\u1ea9n <strong data-start=\"1257\" data-end=\"1267\">EU GMP<\/strong>, \u0111\u1ea3m b\u1ea3o:<\/p>\n<ul data-start=\"1278\" data-end=\"1383\">\n<li data-start=\"1278\" data-end=\"1310\">\n<p data-start=\"1280\" data-end=\"1310\">Ch\u1ea5t l\u01b0\u1ee3ng linh ki\u1ec7n \u0111\u1ed3ng b\u1ed9<\/p>\n<\/li>\n<li data-start=\"1311\" data-end=\"1341\">\n<p data-start=\"1313\" data-end=\"1341\">Hi\u1ec7u su\u1ea5t v\u1eadn h\u00e0nh \u1ed5n \u0111\u1ecbnh<\/p>\n<\/li>\n<li data-start=\"1342\" data-end=\"1383\">\n<p data-start=\"1344\" data-end=\"1383\">\u0110\u1ed9 b\u1ec1n cao, ti\u1ebft ki\u1ec7m chi ph\u00ed l\u00e2u d\u00e0i<\/p>\n<\/li>\n<\/ul>\n<h3 data-start=\"1390\" data-end=\"1414\">\ud83c\udfaf \u1ee8ng d\u1ee5ng l\u00fd t\u01b0\u1edfng<\/h3>\n<p data-start=\"1415\" data-end=\"1532\">\u2714 V\u0103n ph\u00f2ng c\u00f4ng ty<br data-start=\"1434\" data-end=\"1437\" \/>\u2714 Spa, th\u1ea9m m\u1ef9 vi\u1ec7n<br data-start=\"1456\" data-end=\"1459\" \/>\u2714 Ph\u00f2ng kh\u00e1m, trung t\u00e2m t\u01b0 v\u1ea5n<br data-start=\"1489\" data-end=\"1492\" \/>\u2714 C\u0103n h\u1ed9 chung c\u01b0 di\u1ec7n t\u00edch trung b\u00ecnh<\/p>\n<p data-start=\"1534\" data-end=\"1690\" data-is-last-node=\"\" data-is-only-node=\"\"><strong data-start=\"1534\" data-end=\"1690\" data-is-last-node=\"\">NAVA AIR GO 350 kh\u00f4ng ch\u1ec9 cung c\u1ea5p kh\u00ed t\u01b0\u01a1i \u2013 m\u00e0 c\u00f2n ki\u1ebfn t\u1ea1o m\u00f4i tr\u01b0\u1eddng l\u00e0m vi\u1ec7c v\u00e0 sinh ho\u1ea1t chuy\u00ean nghi\u1ec7p, trong l\u00e0nh v\u00e0 b\u1ec1n v\u1eefng theo chu\u1ea9n ch\u00e2u \u00c2u.<\/strong><\/p>\n","protected":false},"excerpt":{"rendered":"<p>Tumblr post-ironic typewriter, sriracha tote bag kogi you probably haven&#8217;t heard of them 8-bit tousled aliquip nostrud fixie ut put a bird on it nulla. Direct trade Banksy Carles pop-up. Marfa authentic High Life veniam.<\/p>\n","protected":false},"featured_media":336,"comment_status":"open","ping_status":"closed","template":"","meta":[],"product_brand":[],"product_cat":[35],"product_tag":[46,47,48,49],"class_list":{"0":"post-182","1":"product","2":"type-product","3":"status-publish","4":"has-post-thumbnail","6":"product_cat-maycapkhituoimotchieu","7":"product_tag-bag","8":"product_tag-classic","9":"product_tag-leather","10":"product_tag-sweden","12":"first","13":"instock","14":"shipping-taxable","15":"product-type-simple"},"jetpack_sharing_enabled":true,"_links":{"self":[{"href":"https:\/\/khituoi.vn\/index.php?rest_route=\/wp\/v2\/product\/182","targetHints":{"allow":["GET"]}}],"collection":[{"href":"https:\/\/khituoi.vn\/index.php?rest_route=\/wp\/v2\/product"}],"about":[{"href":"https:\/\/khituoi.vn\/index.php?rest_route=\/wp\/v2\/types\/product"}],"replies":[{"embeddable":true,"href":"https:\/\/khituoi.vn\/index.php?rest_route=%2Fwp%2Fv2%2Fcomments&post=182"}],"wp:featuredmedia":[{"embeddable":true,"href":"https:\/\/khituoi.vn\/index.php?rest_route=\/wp\/v2\/media\/336"}],"wp:attachment":[{"href":"https:\/\/khituoi.vn\/index.php?rest_route=%2Fwp%2Fv2%2Fmedia&parent=182"}],"wp:term":[{"taxonomy":"product_brand","embeddable":true,"href":"https:\/\/khituoi.vn\/index.php?rest_route=%2Fwp%2Fv2%2Fproduct_brand&post=182"},{"taxonomy":"product_cat","embeddable":true,"href":"https:\/\/khituoi.vn\/index.php?rest_route=%2Fwp%2Fv2%2Fproduct_cat&post=182"},{"taxonomy":"product_tag","embeddable":true,"href":"https:\/\/khituoi.vn\/index.php?rest_route=%2Fwp%2Fv2%2Fproduct_tag&post=182"}],"curies":[{"name":"wp","href":"https:\/\/api.w.org\/{rel}","templated":true}]}}