{"id":183,"date":"2013-08-10T09:31:57","date_gmt":"2013-08-10T09:31:57","guid":{"rendered":"http:\/\/uxthemes.wpengine.com\/?post_type=product&#038;p=328"},"modified":"2026-03-03T03:52:36","modified_gmt":"2026-03-03T03:52:36","slug":"adelia-bag-nypd","status":"publish","type":"product","link":"https:\/\/khituoi.vn\/?product=adelia-bag-nypd","title":{"rendered":"NAVA AIR ERV 500 \u2013 H\u1ec7 th\u1ed1ng c\u1ea5p kh\u00ed t\u01b0\u01a1i c\u00f4ng su\u1ea5t l\u1edbn cho kh\u00f4ng gian 125\u2013170m\u00b2"},"content":{"rendered":"<div class=\"flex h-svh w-screen flex-col\">\n<div class=\"relative z-0 flex min-h-0 w-full flex-1\">\n<div class=\"relative flex min-h-0 w-full flex-1\">\n<div class=\"@container\/main relative flex min-w-0 flex-1 flex-col -translate-y-[calc(env(safe-area-inset-bottom,0px)\/2)] pt-[calc(env(safe-area-inset-bottom,0px)\/2)]\">\n<div class=\"@w-sm\/main:[scrollbar-gutter:stable_both-edges] touch:[scrollbar-width:none] relative flex min-h-0 min-w-0 flex-1 flex-col [scrollbar-gutter:stable] not-print:overflow-x-clip not-print:overflow-y-auto scroll-pt-(--header-height) [--sticky-padding-top:var(--header-height)] has-data-[fixed-header=less-than-xl]:@w-xl\/main:scroll-pt-0 has-data-[fixed-header=less-than-xl]:@w-xl\/main:[--sticky-padding-top:0px] has-data-[fixed-header=less-than-xxl]:@w-2xl\/main:scroll-pt-0 has-data-[fixed-header=less-than-xxl]:@w-2xl\/main:[--sticky-padding-top:0px]\" data-scroll-root=\"\">\n<p>&nbsp;<\/p>\n<div id=\"thread\" class=\"group\/thread flex flex-col min-h-full\">\n<div class=\"composer-parent flex flex-1 flex-col focus-visible:outline-0\" role=\"presentation\">\n<div class=\"relative basis-auto flex-col -mb-(--composer-overlap-px) [--composer-overlap-px:28px] grow flex\">\n<div class=\"flex flex-col text-sm pb-25\">\n<article class=\"text-token-text-primary w-full focus:outline-none [--shadow-height:45px] has-data-writing-block:pointer-events-none has-data-writing-block:-mt-(--shadow-height) has-data-writing-block:pt-(--shadow-height) [&amp;:has([data-writing-block])&gt;*]:pointer-events-auto scroll-mt-[calc(var(--header-height)+min(200px,max(70px,20svh)))]\" dir=\"auto\" tabindex=\"-1\" data-turn-id=\"request-68cfdfb9-1d80-832b-8c9c-e261d7f46320-8\" data-testid=\"conversation-turn-242\" data-scroll-anchor=\"true\" data-turn=\"assistant\">\n<div class=\"text-base my-auto mx-auto pb-10 [--thread-content-margin:--spacing(4)] @w-sm\/main:[--thread-content-margin:--spacing(6)] @w-lg\/main:[--thread-content-margin:--spacing(16)] px-(--thread-content-margin)\">\n<div class=\"[--thread-content-max-width:40rem] @w-lg\/main:[--thread-content-max-width:48rem] mx-auto max-w-(--thread-content-max-width) flex-1 group\/turn-messages focus-visible:outline-hidden relative flex w-full min-w-0 flex-col agent-turn\" tabindex=\"-1\">\n<div class=\"flex max-w-full flex-col grow\">\n<div class=\"min-h-8 text-message relative flex w-full flex-col items-end gap-2 text-start break-words whitespace-normal [.text-message+&amp;]:mt-1\" dir=\"auto\" data-message-author-role=\"assistant\" data-message-id=\"6af6bd3a-dbba-4615-b233-35e59d6fd3d8\" data-message-model-slug=\"gpt-5-2\">\n<div class=\"flex w-full flex-col gap-1 empty:hidden first:pt-[1px]\">\n<div class=\"markdown prose dark:prose-invert w-full wrap-break-word light markdown-new-styling\">\n<p data-start=\"0\" data-end=\"112\"><strong data-start=\"0\" data-end=\"112\"><span class=\"hover:entity-accent entity-underline inline cursor-pointer align-baseline\"><span class=\"whitespace-normal\">NAVA AIR<\/span><\/span> ERV 500 \u2013 H\u1ec7 th\u1ed1ng c\u1ea5p kh\u00ed t\u01b0\u01a1i c\u00f4ng su\u1ea5t l\u1edbn cho kh\u00f4ng gian 125\u2013170m\u00b2<\/strong><\/p>\n<p data-start=\"114\" data-end=\"484\">V\u1edbi nh\u1eefng c\u00f4ng tr\u00ecnh di\u1ec7n t\u00edch l\u1edbn nh\u01b0 bi\u1ec7t th\u1ef1, v\u0103n ph\u00f2ng quy m\u00f4 l\u1edbn, showroom hay khu kinh doanh, vi\u1ec7c \u0111\u1ea3m b\u1ea3o l\u01b0u th\u00f4ng kh\u00f4ng kh\u00ed li\u00ean t\u1ee5c v\u00e0 \u1ed5n \u0111\u1ecbnh l\u00e0 y\u1ebfu t\u1ed1 then ch\u1ed1t \u0111\u1ec3 b\u1ea3o v\u1ec7 s\u1ee9c kh\u1ecfe v\u00e0 n\u00e2ng cao tr\u1ea3i nghi\u1ec7m kh\u00f4ng gian. NAVA AIR ERV 500 \u0111\u01b0\u1ee3c thi\u1ebft k\u1ebf nh\u01b0 m\u1ed9t gi\u1ea3i ph\u00e1p c\u1ea5p kh\u00ed t\u01b0\u01a1i 2 chi\u1ec1u chu\u1ea9n ch\u00e2u \u00c2u, c\u00f4ng su\u1ea5t m\u1ea1nh m\u1ebd, v\u1eadn h\u00e0nh \u00eam \u00e1i v\u00e0 l\u1ecdc s\u1ea1ch chuy\u00ean s\u00e2u.<\/p>\n<h3 data-start=\"491\" data-end=\"545\">\ud83c\udf2c L\u01b0u l\u01b0\u1ee3ng v\u01b0\u1ee3t tr\u1ed9i \u2013 T\u1ed1i \u01b0u cho kh\u00f4ng gian l\u1edbn<\/h3>\n<ul data-start=\"546\" data-end=\"810\">\n<li data-start=\"546\" data-end=\"609\">\n<p data-start=\"548\" data-end=\"609\"><strong data-start=\"548\" data-end=\"573\">L\u01b0u l\u01b0\u1ee3ng gi\u00f3 500m\u00b3\/h<\/strong> \u2013 ph\u00f9 h\u1ee3p cho di\u1ec7n t\u00edch 125\u2013170m\u00b2<\/p>\n<\/li>\n<li data-start=\"610\" data-end=\"705\">\n<p data-start=\"612\" data-end=\"705\"><strong data-start=\"612\" data-end=\"646\">Gi\u1ea3i ph\u00e1p trao \u0111\u1ed5i kh\u00ed 2 chi\u1ec1u<\/strong> \u2013 c\u1ea5p kh\u00ed gi\u00e0u oxy, \u0111\u1ed3ng th\u1eddi lo\u1ea1i b\u1ecf kh\u00ed t\u00f9 \u0111\u1ecdng v\u00e0 CO\u2082<\/p>\n<\/li>\n<li data-start=\"706\" data-end=\"810\">\n<p data-start=\"708\" data-end=\"810\"><strong data-start=\"708\" data-end=\"735\">C\u00f4ng ngh\u1ec7 thu h\u1ed3i nhi\u1ec7t<\/strong> \u2013 c\u00e2n b\u1eb1ng nhi\u1ec7t \u0111\u1ed9, gi\u1ea3m th\u1ea5t tho\u00e1t n\u0103ng l\u01b0\u1ee3ng, ti\u1ebft ki\u1ec7m \u0111i\u1ec7n \u0111i\u1ec1u h\u00f2a<\/p>\n<\/li>\n<\/ul>\n<h3 data-start=\"817\" data-end=\"853\">\ud83c\udf3f H\u1ec7 th\u1ed1ng l\u1ecdc 3 l\u1edbp chuy\u00ean s\u00e2u<\/h3>\n<ul data-start=\"854\" data-end=\"1032\">\n<li data-start=\"854\" data-end=\"899\">\n<p data-start=\"856\" data-end=\"899\"><strong data-start=\"856\" data-end=\"867\">L\u1ecdc th\u00f4<\/strong> \u2013 gi\u1eef l\u1ea1i b\u1ee5i l\u1edbn v\u00e0 t\u1ea1p ch\u1ea5t<\/p>\n<\/li>\n<li data-start=\"900\" data-end=\"957\">\n<p data-start=\"902\" data-end=\"957\"><strong data-start=\"902\" data-end=\"924\">L\u1ecdc than ho\u1ea1t t\u00ednh<\/strong> \u2013 kh\u1eed m\u00f9i, h\u1ea5p th\u1ee5 kh\u00ed \u0111\u1ed9c h\u1ea1i<\/p>\n<\/li>\n<li data-start=\"958\" data-end=\"1032\">\n<p data-start=\"960\" data-end=\"1032\"><strong data-start=\"960\" data-end=\"972\">L\u1ecdc HEPA<\/strong> \u2013 lo\u1ea1i b\u1ecf b\u1ee5i si\u00eau m\u1ecbn PM2.5 v\u1edbi hi\u1ec7u su\u1ea5t l\u00ean \u0111\u1ebfn 99,97%<\/p>\n<\/li>\n<\/ul>\n<p data-start=\"1034\" data-end=\"1152\">Kh\u00f4ng kh\u00ed tr\u01b0\u1edbc khi v\u00e0o ph\u00f2ng \u0111\u01b0\u1ee3c x\u1eed l\u00fd s\u1ea1ch to\u00e0n di\u1ec7n, mang l\u1ea1i m\u00f4i tr\u01b0\u1eddng s\u1ed1ng trong l\u00e0nh v\u00e0 an to\u00e0n cho h\u1ec7 h\u00f4 h\u1ea5p.<\/p>\n<h3 data-start=\"1159\" data-end=\"1200\">\ud83d\udd07 V\u1eadn h\u00e0nh \u00eam \u00e1i \u2013 \u0110\u1ed9 \u1ed3n t\u1ed1i \u0111a 30dB<\/h3>\n<p data-start=\"1201\" data-end=\"1319\">Thi\u1ebft b\u1ecb ho\u1ea1t \u0111\u1ed9ng \u1ed5n \u0111\u1ecbnh v\u1edbi \u0111\u1ed9 \u1ed3n th\u1ea5p, \u0111\u1ea3m b\u1ea3o s\u1ef1 y\u00ean t\u0129nh c\u1ea7n thi\u1ebft cho kh\u00f4ng gian l\u00e0m vi\u1ec7c v\u00e0 sinh ho\u1ea1t cao c\u1ea5p.<\/p>\n<h3 data-start=\"1326\" data-end=\"1365\">\u2b50 Chu\u1ea9n ch\u1ea5t l\u01b0\u1ee3ng Ch\u00e2u \u00c2u (EU GMP)<\/h3>\n<p data-start=\"1366\" data-end=\"1612\">S\u1ea3n ph\u1ea9m \u0111\u01b0\u1ee3c s\u1ea3n xu\u1ea5t theo ti\u00eau chu\u1ea9n ch\u1ea5t l\u01b0\u1ee3ng ch\u00e2u \u00c2u, \u0111\u1ea3m b\u1ea3o \u0111\u1ed9 b\u1ec1n cao, hi\u1ec7u su\u1ea5t \u1ed5n \u0111\u1ecbnh v\u00e0 kh\u1ea3 n\u0103ng v\u1eadn h\u00e0nh l\u00e2u d\u00e0i. Thi\u1ebft k\u1ebf d\u1ea1ng h\u1ed9p k\u1ef9 thu\u1eadt ch\u1eafc ch\u1eafn, d\u1ec5 d\u00e0ng l\u1eafp \u0111\u1eb7t \u00e2m tr\u1ea7n ho\u1eb7c t\u00edch h\u1ee3p v\u00e0o h\u1ec7 th\u1ed1ng th\u00f4ng gi\u00f3 t\u1ed5ng c\u1ee7a c\u00f4ng tr\u00ecnh.<\/p>\n<h3 data-start=\"1619\" data-end=\"1643\">\ud83c\udfaf \u1ee8ng d\u1ee5ng l\u00fd t\u01b0\u1edfng<\/h3>\n<p data-start=\"1644\" data-end=\"1793\">\u2714 Bi\u1ec7t th\u1ef1, nh\u00e0 ph\u1ed1 di\u1ec7n t\u00edch l\u1edbn<br data-start=\"1677\" data-end=\"1680\" \/>\u2714 V\u0103n ph\u00f2ng quy m\u00f4 v\u1eeba v\u00e0 l\u1edbn<br data-start=\"1709\" data-end=\"1712\" \/>\u2714 Showroom, spa, ph\u00f2ng kh\u00e1m<br data-start=\"1739\" data-end=\"1742\" \/>\u2714 Kh\u00f4ng gian kinh doanh c\u1ea7n trao \u0111\u1ed5i kh\u00ed li\u00ean t\u1ee5c<\/p>\n<p data-start=\"1795\" data-end=\"1982\" data-is-last-node=\"\" data-is-only-node=\"\"><strong data-start=\"1795\" data-end=\"1982\" data-is-last-node=\"\">NAVA AIR ERV 500 kh\u00f4ng ch\u1ec9 l\u00e0 thi\u1ebft b\u1ecb th\u00f4ng gi\u00f3 m\u00e0 l\u00e0 h\u1ec7 th\u1ed1ng ki\u1ec3m so\u00e1t ch\u1ea5t l\u01b0\u1ee3ng kh\u00f4ng kh\u00ed to\u00e0n di\u1ec7n \u2013 gi\u1ea3i ph\u00e1p n\u00e2ng t\u1ea7m ti\u00eau chu\u1ea9n s\u1ed1ng v\u00e0 l\u00e0m vi\u1ec7c trong m\u1ecdi c\u00f4ng tr\u00ecnh cao c\u1ea5p.<\/strong><\/p>\n<\/div>\n<\/div>\n<\/div>\n<\/div>\n<\/div>\n<\/div>\n<\/article>\n<\/div>\n<\/div>\n<\/div>\n<\/div>\n<p>&nbsp;<\/p>\n<\/div>\n<\/div>\n<\/div>\n<\/div>\n<\/div>\n","protected":false},"excerpt":{"rendered":"<p>Tumblr post-ironic typewriter, sriracha tote bag kogi you probably haven&#8217;t heard of them 8-bit tousled aliquip nostrud fixie ut put a bird on it nulla. Direct trade Banksy Carles pop-up. Marfa authentic High Life veniam.<\/p>\n<ul>\n<li>List test<\/li>\n<li>Test 2<\/li>\n<\/ul>\n","protected":false},"featured_media":328,"comment_status":"open","ping_status":"closed","template":"","meta":[],"product_brand":[],"product_cat":[45],"product_tag":[46,50,48,51],"class_list":{"0":"post-183","1":"product","2":"type-product","3":"status-publish","4":"has-post-thumbnail","6":"product_cat-maytraodoinhiet","7":"product_tag-bag","8":"product_tag-green","9":"product_tag-leather","10":"product_tag-nypd","12":"first","13":"instock","14":"shipping-taxable","15":"product-type-external"},"jetpack_sharing_enabled":true,"_links":{"self":[{"href":"https:\/\/khituoi.vn\/index.php?rest_route=\/wp\/v2\/product\/183","targetHints":{"allow":["GET"]}}],"collection":[{"href":"https:\/\/khituoi.vn\/index.php?rest_route=\/wp\/v2\/product"}],"about":[{"href":"https:\/\/khituoi.vn\/index.php?rest_route=\/wp\/v2\/types\/product"}],"replies":[{"embeddable":true,"href":"https:\/\/khituoi.vn\/index.php?rest_route=%2Fwp%2Fv2%2Fcomments&post=183"}],"wp:featuredmedia":[{"embeddable":true,"href":"https:\/\/khituoi.vn\/index.php?rest_route=\/wp\/v2\/media\/328"}],"wp:attachment":[{"href":"https:\/\/khituoi.vn\/index.php?rest_route=%2Fwp%2Fv2%2Fmedia&parent=183"}],"wp:term":[{"taxonomy":"product_brand","embeddable":true,"href":"https:\/\/khituoi.vn\/index.php?rest_route=%2Fwp%2Fv2%2Fproduct_brand&post=183"},{"taxonomy":"product_cat","embeddable":true,"href":"https:\/\/khituoi.vn\/index.php?rest_route=%2Fwp%2Fv2%2Fproduct_cat&post=183"},{"taxonomy":"product_tag","embeddable":true,"href":"https:\/\/khituoi.vn\/index.php?rest_route=%2Fwp%2Fv2%2Fproduct_tag&post=183"}],"curies":[{"name":"wp","href":"https:\/\/api.w.org\/{rel}","templated":true}]}}