{"id":184,"date":"2013-08-10T09:30:18","date_gmt":"2013-08-10T09:30:18","guid":{"rendered":"http:\/\/uxthemes.wpengine.com\/?post_type=product&#038;p=325"},"modified":"2026-03-05T03:47:19","modified_gmt":"2026-03-05T03:47:19","slug":"talifa-bag-nypd","status":"publish","type":"product","link":"https:\/\/khituoi.vn\/?product=talifa-bag-nypd","title":{"rendered":"NAVA AIR GO 500 \u2013 Gi\u1ea3i ph\u00e1p c\u1ea5p kh\u00ed t\u01b0\u01a1i c\u00f4ng su\u1ea5t l\u1edbn cho kh\u00f4ng gian 130\u2013179m\u00b2"},"content":{"rendered":"<p data-start=\"0\" data-end=\"112\"><strong data-start=\"0\" data-end=\"112\"><span class=\"hover:entity-accent entity-underline inline cursor-pointer align-baseline\"><span class=\"whitespace-normal\">NAVA AIR<\/span><\/span> GO 500 \u2013 Gi\u1ea3i ph\u00e1p c\u1ea5p kh\u00ed t\u01b0\u01a1i c\u00f4ng su\u1ea5t l\u1edbn cho kh\u00f4ng gian 130\u2013179m\u00b2<\/strong><\/p>\n<p data-start=\"114\" data-end=\"405\">V\u1edbi nh\u1eefng kh\u00f4ng gian kinh doanh, v\u0103n ph\u00f2ng ho\u1eb7c c\u0103n h\u1ed9 di\u1ec7n t\u00edch l\u1edbn, nhu c\u1ea7u l\u01b0u th\u00f4ng kh\u00f4ng kh\u00ed kh\u00f4ng ch\u1ec9 d\u1eebng l\u1ea1i \u1edf \u201c\u0111\u1ee7 d\u00f9ng\u201d m\u00e0 ph\u1ea3i \u0111\u1ea3m b\u1ea3o \u1ed5n \u0111\u1ecbnh \u2013 s\u1ea1ch s\u00e2u \u2013 v\u1eadn h\u00e0nh b\u1ec1n b\u1ec9. NAVA AIR GO 500 \u0111\u01b0\u1ee3c thi\u1ebft k\u1ebf \u0111\u1ec3 \u0111\u00e1p \u1ee9ng y\u00eau c\u1ea7u \u0111\u00f3, mang l\u1ea1i m\u00f4i tr\u01b0\u1eddng trong l\u00e0nh theo ti\u00eau chu\u1ea9n ch\u00e2u \u00c2u.<\/p>\n<h2 data-start=\"412\" data-end=\"460\">\ud83c\udf2c L\u01b0u l\u01b0\u1ee3ng 500m\u00b3\/h \u2013 Hi\u1ec7u qu\u1ea3 cho 130\u2013179m\u00b2<\/h2>\n<ul data-start=\"461\" data-end=\"650\">\n<li data-start=\"461\" data-end=\"516\">\n<p data-start=\"463\" data-end=\"516\">Cung c\u1ea5p l\u01b0\u1ee3ng kh\u00ed t\u01b0\u01a1i d\u1ed3i d\u00e0o cho kh\u00f4ng gian r\u1ed9ng<\/p>\n<\/li>\n<li data-start=\"517\" data-end=\"570\">\n<p data-start=\"519\" data-end=\"570\">Gi\u1ea3m t\u00edch t\u1ee5 CO\u2082, m\u00f9i \u1ea9m m\u1ed1c v\u00e0 kh\u00f4ng kh\u00ed t\u00f9 \u0111\u1ecdng<\/p>\n<\/li>\n<li data-start=\"571\" data-end=\"650\">\n<p data-start=\"573\" data-end=\"650\">Duy tr\u00ec m\u00f4i tr\u01b0\u1eddng th\u00f4ng tho\u00e1ng, n\u00e2ng cao tr\u1ea3i nghi\u1ec7m l\u00e0m vi\u1ec7c v\u00e0 sinh ho\u1ea1t<\/p>\n<\/li>\n<\/ul>\n<p data-start=\"652\" data-end=\"750\">Ph\u00f9 h\u1ee3p v\u1edbi v\u0103n ph\u00f2ng c\u00f4ng ty, showroom, spa cao c\u1ea5p, trung t\u00e2m d\u1ecbch v\u1ee5 ho\u1eb7c c\u0103n h\u1ed9 di\u1ec7n t\u00edch l\u1edbn.<\/p>\n<h2 data-start=\"757\" data-end=\"803\">\ud83c\udf3f H\u1ec7 th\u1ed1ng l\u1ecdc 3 c\u1ea5p \u2013 L\u1ecdc s\u1ea1ch \u0111\u1ebfn 99,97%<\/h2>\n<p data-start=\"804\" data-end=\"858\">NAVA AIR GO 500 \u0111\u01b0\u1ee3c trang b\u1ecb h\u1ec7 th\u1ed1ng l\u1ecdc chuy\u00ean s\u00e2u:<\/p>\n<ul data-start=\"859\" data-end=\"1033\">\n<li data-start=\"859\" data-end=\"902\">\n<p data-start=\"861\" data-end=\"902\"><strong data-start=\"861\" data-end=\"872\">L\u1ecdc th\u00f4<\/strong>: gi\u1eef l\u1ea1i b\u1ee5i l\u1edbn, c\u00f4n tr\u00f9ng<\/p>\n<\/li>\n<li data-start=\"903\" data-end=\"959\">\n<p data-start=\"905\" data-end=\"959\"><strong data-start=\"905\" data-end=\"927\">L\u1ecdc than ho\u1ea1t t\u00ednh<\/strong>: kh\u1eed m\u00f9i, h\u1ea5p th\u1ee5 kh\u00ed \u0111\u1ed9c h\u1ea1i<\/p>\n<\/li>\n<li data-start=\"960\" data-end=\"1033\">\n<p data-start=\"962\" data-end=\"1033\"><strong data-start=\"962\" data-end=\"974\">L\u1ecdc HEPA<\/strong>: lo\u1ea1i b\u1ecf b\u1ee5i si\u00eau m\u1ecbn PM2.5 v\u1edbi hi\u1ec7u su\u1ea5t l\u00ean t\u1edbi 99,97%<\/p>\n<\/li>\n<\/ul>\n<p data-start=\"1035\" data-end=\"1156\">Kh\u00f4ng kh\u00ed tr\u01b0\u1edbc khi \u0111\u01b0a v\u00e0o kh\u00f4ng gian \u0111\u00e3 \u0111\u01b0\u1ee3c x\u1eed l\u00fd s\u1ea1ch t\u1ed1i \u0111a, g\u00f3p ph\u1ea7n b\u1ea3o v\u1ec7 s\u1ee9c kh\u1ecfe h\u00f4 h\u1ea5p v\u00e0 gi\u1ea3m nguy c\u01a1 d\u1ecb \u1ee9ng.<\/p>\n<h2 data-start=\"1163\" data-end=\"1200\">\ud83d\udd07 V\u1eadn h\u00e0nh \u00eam \u00e1i \u2013 \u0110\u1ed9 \u1ed3n ch\u1ec9 26dB<\/h2>\n<p data-start=\"1201\" data-end=\"1342\">Ho\u1ea1t \u0111\u1ed9ng \u1ed5n \u0111\u1ecbnh v\u1edbi \u0111\u1ed9 \u1ed3n t\u1ed1i \u0111a 26dB, \u0111\u1ea3m b\u1ea3o s\u1ef1 y\u00ean t\u0129nh c\u1ea7n thi\u1ebft cho m\u00f4i tr\u01b0\u1eddng l\u00e0m vi\u1ec7c chuy\u00ean nghi\u1ec7p v\u00e0 kh\u00f4ng gian ngh\u1ec9 ng\u01a1i cao c\u1ea5p.<\/p>\n<h2 data-start=\"1349\" data-end=\"1385\">\u2b50 S\u1ea3n xu\u1ea5t theo ti\u00eau chu\u1ea9n EU GMP<\/h2>\n<p data-start=\"1386\" data-end=\"1443\">GO 500 \u0111\u01b0\u1ee3c s\u1ea3n xu\u1ea5t theo ti\u00eau chu\u1ea9n <strong data-start=\"1423\" data-end=\"1433\">EU GMP<\/strong>, \u0111\u1ea3m b\u1ea3o:<\/p>\n<ul data-start=\"1444\" data-end=\"1542\">\n<li data-start=\"1444\" data-end=\"1472\">\n<p data-start=\"1446\" data-end=\"1472\">Linh ki\u1ec7n ch\u1ea5t l\u01b0\u1ee3ng cao<\/p>\n<\/li>\n<li data-start=\"1473\" data-end=\"1502\">\n<p data-start=\"1475\" data-end=\"1502\">Hi\u1ec7u su\u1ea5t \u1ed5n \u0111\u1ecbnh l\u00e2u d\u00e0i<\/p>\n<\/li>\n<li data-start=\"1503\" data-end=\"1542\">\n<p data-start=\"1505\" data-end=\"1542\">\u0110\u1ed9 b\u1ec1n cao, t\u1ed1i \u01b0u chi ph\u00ed v\u1eadn h\u00e0nh<\/p>\n<\/li>\n<\/ul>\n<h3 data-start=\"1549\" data-end=\"1609\">\ud83c\udfaf NAVA AIR GO 500 \u2013 Ki\u1ebfn t\u1ea1o kh\u00f4ng gian chu\u1ea9n s\u1ed1ng xanh<\/h3>\n<p data-start=\"1610\" data-end=\"1781\" data-is-last-node=\"\" data-is-only-node=\"\">Kh\u00f4ng ch\u1ec9 \u0111\u01a1n thu\u1ea7n l\u00e0 m\u00e1y c\u1ea5p kh\u00ed t\u01b0\u01a1i, GO 500 l\u00e0 gi\u1ea3i ph\u00e1p ki\u1ec3m so\u00e1t ch\u1ea5t l\u01b0\u1ee3ng kh\u00f4ng kh\u00ed to\u00e0n di\u1ec7n, gi\u00fap m\u1ed7i c\u00f4ng tr\u00ecnh n\u00e2ng t\u1ea7m ti\u00eau chu\u1ea9n s\u1ed1ng v\u00e0 kinh doanh b\u1ec1n v\u1eefng.<\/p>\n","protected":false},"excerpt":{"rendered":"<p>Tumblr post-ironic typewriter, sriracha tote bag kogi you probably haven&#8217;t heard of them 8-bit tousled aliquip nostrud fixie ut put a bird on it nulla. Direct trade Banksy Carles pop-up. Marfa authentic High Life veniam.<\/p>\n","protected":false},"featured_media":337,"comment_status":"open","ping_status":"closed","template":"","meta":[],"product_brand":[],"product_cat":[35],"product_tag":[46,48,51],"class_list":{"0":"post-184","1":"product","2":"type-product","3":"status-publish","4":"has-post-thumbnail","6":"product_cat-maycapkhituoimotchieu","7":"product_tag-bag","8":"product_tag-leather","9":"product_tag-nypd","11":"first","12":"instock","13":"shipping-taxable","14":"product-type-simple"},"jetpack_sharing_enabled":true,"_links":{"self":[{"href":"https:\/\/khituoi.vn\/index.php?rest_route=\/wp\/v2\/product\/184","targetHints":{"allow":["GET"]}}],"collection":[{"href":"https:\/\/khituoi.vn\/index.php?rest_route=\/wp\/v2\/product"}],"about":[{"href":"https:\/\/khituoi.vn\/index.php?rest_route=\/wp\/v2\/types\/product"}],"replies":[{"embeddable":true,"href":"https:\/\/khituoi.vn\/index.php?rest_route=%2Fwp%2Fv2%2Fcomments&post=184"}],"wp:featuredmedia":[{"embeddable":true,"href":"https:\/\/khituoi.vn\/index.php?rest_route=\/wp\/v2\/media\/337"}],"wp:attachment":[{"href":"https:\/\/khituoi.vn\/index.php?rest_route=%2Fwp%2Fv2%2Fmedia&parent=184"}],"wp:term":[{"taxonomy":"product_brand","embeddable":true,"href":"https:\/\/khituoi.vn\/index.php?rest_route=%2Fwp%2Fv2%2Fproduct_brand&post=184"},{"taxonomy":"product_cat","embeddable":true,"href":"https:\/\/khituoi.vn\/index.php?rest_route=%2Fwp%2Fv2%2Fproduct_cat&post=184"},{"taxonomy":"product_tag","embeddable":true,"href":"https:\/\/khituoi.vn\/index.php?rest_route=%2Fwp%2Fv2%2Fproduct_tag&post=184"}],"curies":[{"name":"wp","href":"https:\/\/api.w.org\/{rel}","templated":true}]}}