{"id":185,"date":"2013-08-10T09:26:37","date_gmt":"2013-08-10T09:26:37","guid":{"rendered":"http:\/\/uxthemes.wpengine.com\/?post_type=product&#038;p=319"},"modified":"2026-03-03T03:58:49","modified_gmt":"2026-03-03T03:58:49","slug":"alanya-braided-leather","status":"publish","type":"product","link":"https:\/\/khituoi.vn\/?product=alanya-braided-leather","title":{"rendered":"NAVA AIR ERV 1000 \u2013 Chu\u1ea9n ch\u00e2u \u00c2u cho kh\u00f4ng gian s\u1ed1ng \u0111\u1eb3ng c\u1ea5p"},"content":{"rendered":"<article class=\"text-token-text-primary w-full focus:outline-none [--shadow-height:45px] has-data-writing-block:pointer-events-none has-data-writing-block:-mt-(--shadow-height) has-data-writing-block:pt-(--shadow-height) [&amp;:has([data-writing-block])&gt;*]:pointer-events-auto scroll-mt-(--header-height)\" dir=\"auto\" tabindex=\"-1\" data-turn-id=\"a1c37116-42c0-4a99-bbcf-29e100993a88\" data-testid=\"conversation-turn-245\" data-scroll-anchor=\"false\" data-turn=\"user\"><\/article>\n<article class=\"text-token-text-primary w-full focus:outline-none [--shadow-height:45px] has-data-writing-block:pointer-events-none has-data-writing-block:-mt-(--shadow-height) has-data-writing-block:pt-(--shadow-height) [&amp;:has([data-writing-block])&gt;*]:pointer-events-auto scroll-mt-[calc(var(--header-height)+min(200px,max(70px,20svh)))]\" dir=\"auto\" tabindex=\"-1\" data-turn-id=\"request-68cfdfb9-1d80-832b-8c9c-e261d7f46320-10\" data-testid=\"conversation-turn-246\" data-scroll-anchor=\"true\" data-turn=\"assistant\">\n<div class=\"text-base my-auto mx-auto pb-10 [--thread-content-margin:--spacing(4)] @w-sm\/main:[--thread-content-margin:--spacing(6)] @w-lg\/main:[--thread-content-margin:--spacing(16)] px-(--thread-content-margin)\">\n<div class=\"[--thread-content-max-width:40rem] @w-lg\/main:[--thread-content-max-width:48rem] mx-auto max-w-(--thread-content-max-width) flex-1 group\/turn-messages focus-visible:outline-hidden relative flex w-full min-w-0 flex-col agent-turn\" tabindex=\"-1\">\n<div class=\"flex max-w-full flex-col grow\">\n<div class=\"min-h-8 text-message relative flex w-full flex-col items-end gap-2 text-start break-words whitespace-normal [.text-message+&amp;]:mt-1\" dir=\"auto\" data-message-author-role=\"assistant\" data-message-id=\"1cb9bbe4-04d1-4d25-aa2a-88cc7ffcbdc3\" data-message-model-slug=\"gpt-5-2\">\n<div class=\"flex w-full flex-col gap-1 empty:hidden first:pt-[1px]\">\n<div class=\"markdown prose dark:prose-invert w-full wrap-break-word light markdown-new-styling\">\n<p data-start=\"0\" data-end=\"95\"><strong data-start=\"0\" data-end=\"95\"><span class=\"hover:entity-accent entity-underline inline cursor-pointer align-baseline\"><span class=\"whitespace-normal\">NAVA AIR<\/span><\/span> ERV 1000 \u2013 Chu\u1ea9n ch\u00e2u \u00c2u cho kh\u00f4ng gian s\u1ed1ng \u0111\u1eb3ng c\u1ea5p<\/strong><\/p>\n<p data-start=\"97\" data-end=\"424\">Trong b\u1ed1i c\u1ea3nh kh\u00f4ng kh\u00ed \u0111\u00f4 th\u1ecb ng\u00e0y c\u00e0ng \u00f4 nhi\u1ec5m, m\u1ed9t h\u1ec7 th\u1ed1ng c\u1ea5p kh\u00ed t\u01b0\u01a1i ch\u1ea5t l\u01b0\u1ee3ng cao kh\u00f4ng c\u00f2n l\u00e0 l\u1ef1a ch\u1ecdn \u2013 m\u00e0 l\u00e0 ti\u00eau chu\u1ea9n b\u1eaft bu\u1ed9c cho nh\u1eefng c\u00f4ng tr\u00ecnh hi\u1ec7n \u0111\u1ea1i. NAVA AIR ERV 1000 ra \u0111\u1eddi nh\u1eb1m mang \u0111\u1ebfn gi\u1ea3i ph\u00e1p trao \u0111\u1ed5i kh\u00ed to\u00e0n di\u1ec7n, v\u1eadn h\u00e0nh b\u1ec1n b\u1ec9 theo chu\u1ea9n ch\u00e2u \u00c2u, \u0111\u00e1p \u1ee9ng nhu c\u1ea7u cho kh\u00f4ng gian di\u1ec7n t\u00edch l\u1edbn.<\/p>\n<h2 data-start=\"431\" data-end=\"474\">\ud83c\udf2c C\u00f4ng su\u1ea5t m\u1ea1nh m\u1ebd \u2013 Ph\u00f9 h\u1ee3p 220\u2013260m\u00b2<\/h2>\n<ul data-start=\"475\" data-end=\"672\">\n<li data-start=\"475\" data-end=\"505\">\n<p data-start=\"477\" data-end=\"505\"><strong data-start=\"477\" data-end=\"503\">L\u01b0u l\u01b0\u1ee3ng gi\u00f3 1000m\u00b3\/h<\/strong><\/p>\n<\/li>\n<li data-start=\"506\" data-end=\"586\">\n<p data-start=\"508\" data-end=\"586\">\u0110\u00e1p \u1ee9ng hi\u1ec7u qu\u1ea3 cho bi\u1ec7t th\u1ef1, penthouse, v\u0103n ph\u00f2ng l\u1edbn, showroom, nh\u00e0 h\u00e0ng\u2026<\/p>\n<\/li>\n<li data-start=\"587\" data-end=\"672\">\n<p data-start=\"589\" data-end=\"672\">\u0110\u1ea3m b\u1ea3o l\u01b0u th\u00f4ng kh\u00ed li\u00ean t\u1ee5c, duy tr\u00ec n\u1ed3ng \u0111\u1ed9 oxy l\u00fd t\u01b0\u1edfng trong kh\u00f4ng gian k\u00edn<\/p>\n<\/li>\n<\/ul>\n<h2 data-start=\"679\" data-end=\"734\">\ud83d\udd01 Gi\u1ea3i ph\u00e1p 2 chi\u1ec1u \u2013 C\u1ea5p kh\u00ed t\u01b0\u01a1i &amp; trao \u0111\u1ed5i nhi\u1ec7t<\/h2>\n<p data-start=\"735\" data-end=\"769\">H\u1ec7 th\u1ed1ng ho\u1ea1t \u0111\u1ed9ng theo nguy\u00ean l\u00fd:<\/p>\n<ul data-start=\"770\" data-end=\"1005\">\n<li data-start=\"770\" data-end=\"812\">\n<p data-start=\"772\" data-end=\"812\">C\u1ea5p kh\u00ed s\u1ea1ch t\u1eeb b\u00ean ngo\u00e0i v\u00e0o kh\u00f4ng gian<\/p>\n<\/li>\n<li data-start=\"813\" data-end=\"871\">\n<p data-start=\"815\" data-end=\"871\">\u0110\u1ed3ng th\u1eddi th\u1ea3i kh\u00ed t\u00f9 \u0111\u1ecdng, CO\u2082, m\u00f9i kh\u00f3 ch\u1ecbu ra ngo\u00e0i<\/p>\n<\/li>\n<li data-start=\"872\" data-end=\"1005\">\n<p data-start=\"874\" data-end=\"1005\"><strong data-start=\"874\" data-end=\"911\">T\u00edch h\u1ee3p c\u00f4ng ngh\u1ec7 trao \u0111\u1ed5i nhi\u1ec7t<\/strong>, gi\u00fap c\u00e2n b\u1eb1ng nhi\u1ec7t \u0111\u1ed9 lu\u1ed3ng kh\u00ed v\u00e0o \u2013 gi\u1ea3m th\u1ea5t tho\u00e1t n\u0103ng l\u01b0\u1ee3ng, t\u1ed1i \u01b0u chi ph\u00ed \u0111i\u1ec1u h\u00f2a<\/p>\n<\/li>\n<\/ul>\n<h2 data-start=\"1012\" data-end=\"1050\">\ud83c\udf3f L\u1ecdc kh\u00ed 3 c\u1ea5p \u2013 B\u1ea3o v\u1ec7 to\u00e0n di\u1ec7n<\/h2>\n<ul data-start=\"1051\" data-end=\"1221\">\n<li data-start=\"1051\" data-end=\"1090\">\n<p data-start=\"1053\" data-end=\"1090\"><strong data-start=\"1053\" data-end=\"1064\">L\u1ecdc th\u00f4<\/strong>: gi\u1eef b\u1ee5i l\u1edbn, c\u00f4n tr\u00f9ng<\/p>\n<\/li>\n<li data-start=\"1091\" data-end=\"1143\">\n<p data-start=\"1093\" data-end=\"1143\"><strong data-start=\"1093\" data-end=\"1115\">L\u1ecdc than ho\u1ea1t t\u00ednh<\/strong>: kh\u1eed m\u00f9i, h\u1ea5p th\u1ee5 kh\u00ed \u0111\u1ed9c<\/p>\n<\/li>\n<li data-start=\"1144\" data-end=\"1221\">\n<p data-start=\"1146\" data-end=\"1221\"><strong data-start=\"1146\" data-end=\"1158\">L\u1ecdc HEPA<\/strong>: lo\u1ea1i b\u1ecf b\u1ee5i si\u00eau m\u1ecbn PM2.5 v\u1edbi hi\u1ec7u su\u1ea5t l\u00ean \u0111\u1ebfn <strong data-start=\"1209\" data-end=\"1219\">99,97%<\/strong><\/p>\n<\/li>\n<\/ul>\n<p data-start=\"1223\" data-end=\"1325\">Kh\u00f4ng kh\u00ed tr\u01b0\u1edbc khi \u0111\u01b0a v\u00e0o nh\u00e0 \u0111\u01b0\u1ee3c x\u1eed l\u00fd s\u1ea1ch s\u00e2u, gi\u1ea3m nguy c\u01a1 d\u1ecb \u1ee9ng, vi\u00eam xoang, c\u00e1c b\u1ec7nh h\u00f4 h\u1ea5p.<\/p>\n<h2 data-start=\"1332\" data-end=\"1363\">\ud83d\udd07 V\u1eadn h\u00e0nh \u00eam \u00e1i \u2013 Ch\u1ec9 37dB<\/h2>\n<p data-start=\"1364\" data-end=\"1480\">\u0110\u1ed9 \u1ed3n t\u1ed1i \u0111a ch\u1ec9 37dB \u2013 y\u00ean t\u0129nh h\u01a1n c\u1ea3 ti\u1ebfng l\u00e1 r\u01a1i, \u0111\u1ea3m b\u1ea3o kh\u00f4ng \u1ea3nh h\u01b0\u1edfng \u0111\u1ebfn sinh ho\u1ea1t, ngh\u1ec9 ng\u01a1i hay l\u00e0m vi\u1ec7c.<\/p>\n<h2 data-start=\"1487\" data-end=\"1525\">\u2b50 Chu\u1ea9n ch\u1ea5t l\u01b0\u1ee3ng ch\u00e2u \u00c2u \u2013 EU GMP<\/h2>\n<p data-start=\"1526\" data-end=\"1589\">S\u1ea3n xu\u1ea5t theo ti\u00eau chu\u1ea9n <strong data-start=\"1551\" data-end=\"1561\">EU GMP<\/strong>, NAVA AIR ERV 1000 \u0111\u1ea3m b\u1ea3o:<\/p>\n<ul data-start=\"1590\" data-end=\"1692\">\n<li data-start=\"1590\" data-end=\"1611\">\n<p data-start=\"1592\" data-end=\"1611\">Linh ki\u1ec7n cao c\u1ea5p<\/p>\n<\/li>\n<li data-start=\"1612\" data-end=\"1632\">\n<p data-start=\"1614\" data-end=\"1632\">\u0110\u1ed9 b\u1ec1n v\u01b0\u1ee3t tr\u1ed9i<\/p>\n<\/li>\n<li data-start=\"1633\" data-end=\"1662\">\n<p data-start=\"1635\" data-end=\"1662\">Hi\u1ec7u su\u1ea5t \u1ed5n \u0111\u1ecbnh l\u00e2u d\u00e0i<\/p>\n<\/li>\n<li data-start=\"1663\" data-end=\"1692\">\n<p data-start=\"1665\" data-end=\"1692\">An to\u00e0n cho ng\u01b0\u1eddi s\u1eed d\u1ee5ng<\/p>\n<\/li>\n<\/ul>\n<h3 data-start=\"1699\" data-end=\"1757\">\ud83c\udfaf NAVA AIR ERV 1000 \u2013 Kh\u00f4ng ch\u1ec9 l\u00e0 m\u00e1y c\u1ea5p kh\u00ed t\u01b0\u01a1i<\/h3>\n<p data-start=\"1758\" data-end=\"1898\">M\u00e0 l\u00e0 h\u1ec7 th\u1ed1ng ki\u1ec3m so\u00e1t ch\u1ea5t l\u01b0\u1ee3ng kh\u00f4ng kh\u00ed chuy\u00ean nghi\u1ec7p, n\u00e2ng t\u1ea7m ti\u00eau chu\u1ea9n s\u1ed1ng cho nh\u1eefng c\u00f4ng tr\u00ecnh hi\u1ec7n \u0111\u1ea1i, sang tr\u1ecdng v\u00e0 b\u1ec1n v\u1eefng.<\/p>\n<p data-start=\"1900\" data-end=\"1955\" data-is-last-node=\"\" data-is-only-node=\"\"><strong data-start=\"1900\" data-end=\"1955\" data-is-last-node=\"\">H\u00edt th\u1edf s\u1ea1ch h\u01a1n m\u1ed7i ph\u00fat \u2013 s\u1ed1ng kh\u1ecfe h\u01a1n m\u1ed7i ng\u00e0y.<\/strong><\/p>\n<\/div>\n<\/div>\n<\/div>\n<\/div>\n<\/div>\n<\/div>\n<\/article>\n","protected":false},"excerpt":{"rendered":"<p>Tumblr post-ironic typewriter, sriracha tote bag kogi you probably haven&#8217;t heard of them 8-bit tousled aliquip nostrud fixie ut put a bird on it nulla. Direct trade Banksy Carles pop-up. Marfa authentic High Life veniam.<\/p>\n","protected":false},"featured_media":331,"comment_status":"open","ping_status":"closed","template":"","meta":[],"product_brand":[],"product_cat":[45],"product_tag":[46,52,53],"class_list":{"0":"post-185","1":"product","2":"type-product","3":"status-publish","4":"has-post-thumbnail","6":"product_cat-maytraodoinhiet","7":"product_tag-bag","8":"product_tag-converse","9":"product_tag-rock-chick","11":"first","12":"instock","13":"shipping-taxable","14":"product-type-simple"},"jetpack_sharing_enabled":true,"_links":{"self":[{"href":"https:\/\/khituoi.vn\/index.php?rest_route=\/wp\/v2\/product\/185","targetHints":{"allow":["GET"]}}],"collection":[{"href":"https:\/\/khituoi.vn\/index.php?rest_route=\/wp\/v2\/product"}],"about":[{"href":"https:\/\/khituoi.vn\/index.php?rest_route=\/wp\/v2\/types\/product"}],"replies":[{"embeddable":true,"href":"https:\/\/khituoi.vn\/index.php?rest_route=%2Fwp%2Fv2%2Fcomments&post=185"}],"wp:featuredmedia":[{"embeddable":true,"href":"https:\/\/khituoi.vn\/index.php?rest_route=\/wp\/v2\/media\/331"}],"wp:attachment":[{"href":"https:\/\/khituoi.vn\/index.php?rest_route=%2Fwp%2Fv2%2Fmedia&parent=185"}],"wp:term":[{"taxonomy":"product_brand","embeddable":true,"href":"https:\/\/khituoi.vn\/index.php?rest_route=%2Fwp%2Fv2%2Fproduct_brand&post=185"},{"taxonomy":"product_cat","embeddable":true,"href":"https:\/\/khituoi.vn\/index.php?rest_route=%2Fwp%2Fv2%2Fproduct_cat&post=185"},{"taxonomy":"product_tag","embeddable":true,"href":"https:\/\/khituoi.vn\/index.php?rest_route=%2Fwp%2Fv2%2Fproduct_tag&post=185"}],"curies":[{"name":"wp","href":"https:\/\/api.w.org\/{rel}","templated":true}]}}