{"id":186,"date":"2013-08-10T09:24:18","date_gmt":"2013-08-10T09:24:18","guid":{"rendered":"http:\/\/uxthemes.wpengine.com\/?post_type=product&#038;p=316"},"modified":"2026-03-05T03:45:44","modified_gmt":"2026-03-05T03:45:44","slug":"small-fortune-bag-converse","status":"publish","type":"product","link":"https:\/\/khituoi.vn\/?product=small-fortune-bag-converse","title":{"rendered":"NAVA AIR GO 800 \u2013 Gi\u1ea3i ph\u00e1p c\u1ea5p kh\u00ed t\u01b0\u01a1i c\u00f4ng su\u1ea5t l\u1edbn cho kh\u00f4ng gian 200\u2013285m\u00b2"},"content":{"rendered":"<article class=\"text-token-text-primary w-full focus:outline-none [--shadow-height:45px] has-data-writing-block:pointer-events-none has-data-writing-block:-mt-(--shadow-height) has-data-writing-block:pt-(--shadow-height) [&amp;:has([data-writing-block])&gt;*]:pointer-events-auto scroll-mt-(--header-height)\" dir=\"auto\" tabindex=\"-1\" data-turn-id=\"ae3b0446-11b5-4288-822d-54a47eb1234d\" data-testid=\"conversation-turn-253\" data-scroll-anchor=\"false\" data-turn=\"user\"><\/article>\n<article class=\"text-token-text-primary w-full focus:outline-none [--shadow-height:45px] has-data-writing-block:pointer-events-none has-data-writing-block:-mt-(--shadow-height) has-data-writing-block:pt-(--shadow-height) [&amp;:has([data-writing-block])&gt;*]:pointer-events-auto scroll-mt-[calc(var(--header-height)+min(200px,max(70px,20svh)))]\" dir=\"auto\" tabindex=\"-1\" data-turn-id=\"request-68cfdfb9-1d80-832b-8c9c-e261d7f46320-14\" data-testid=\"conversation-turn-254\" data-scroll-anchor=\"true\" data-turn=\"assistant\">\n<div class=\"text-base my-auto mx-auto pb-10 [--thread-content-margin:--spacing(4)] @w-sm\/main:[--thread-content-margin:--spacing(6)] @w-lg\/main:[--thread-content-margin:--spacing(16)] px-(--thread-content-margin)\">\n<div class=\"[--thread-content-max-width:40rem] @w-lg\/main:[--thread-content-max-width:48rem] mx-auto max-w-(--thread-content-max-width) flex-1 group\/turn-messages focus-visible:outline-hidden relative flex w-full min-w-0 flex-col agent-turn\" tabindex=\"-1\">\n<div class=\"flex max-w-full flex-col grow\">\n<div class=\"min-h-8 text-message relative flex w-full flex-col items-end gap-2 text-start break-words whitespace-normal [.text-message+&amp;]:mt-1\" dir=\"auto\" data-message-author-role=\"assistant\" data-message-id=\"fde46159-f5fc-427f-8f34-77380cfddae4\" data-message-model-slug=\"gpt-5-2\">\n<div class=\"flex w-full flex-col gap-1 empty:hidden first:pt-[1px]\">\n<div class=\"markdown prose dark:prose-invert w-full wrap-break-word light markdown-new-styling\">\n<p data-start=\"0\" data-end=\"112\"><strong data-start=\"0\" data-end=\"112\"><span class=\"hover:entity-accent entity-underline inline cursor-pointer align-baseline\"><span class=\"whitespace-normal\">NAVA AIR<\/span><\/span> GO 800 \u2013 Gi\u1ea3i ph\u00e1p c\u1ea5p kh\u00ed t\u01b0\u01a1i c\u00f4ng su\u1ea5t l\u1edbn cho kh\u00f4ng gian 200\u2013285m\u00b2<\/strong><\/p>\n<p data-start=\"114\" data-end=\"469\">Trong nh\u1eefng kh\u00f4ng gian r\u1ed9ng nh\u01b0 bi\u1ec7t th\u1ef1, v\u0103n ph\u00f2ng l\u1edbn, trung t\u00e2m d\u1ecbch v\u1ee5 hay showroom cao c\u1ea5p, vi\u1ec7c \u0111\u1ea3m b\u1ea3o l\u01b0u th\u00f4ng kh\u00ed \u1ed5n \u0111\u1ecbnh v\u00e0 s\u1ea1ch s\u00e2u l\u00e0 y\u1ebfu t\u1ed1 then ch\u1ed1t \u0111\u1ec3 n\u00e2ng cao ch\u1ea5t l\u01b0\u1ee3ng s\u1ed1ng v\u00e0 hi\u1ec7u qu\u1ea3 v\u1eadn h\u00e0nh. NAVA AIR GO 800 \u0111\u01b0\u1ee3c thi\u1ebft k\u1ebf chuy\u00ean bi\u1ec7t cho c\u00e1c c\u00f4ng tr\u00ecnh di\u1ec7n t\u00edch l\u1edbn, mang \u0111\u1ebfn gi\u1ea3i ph\u00e1p kh\u00ed t\u01b0\u01a1i m\u1ea1nh m\u1ebd, b\u1ec1n b\u1ec9 v\u00e0 \u0111\u1ea1t chu\u1ea9n ch\u00e2u \u00c2u.<\/p>\n<h2 data-start=\"476\" data-end=\"534\">\ud83c\udf2c L\u01b0u l\u01b0\u1ee3ng 800m\u00b3\/h \u2013 Hi\u1ec7u qu\u1ea3 v\u01b0\u1ee3t tr\u1ed9i cho 200\u2013285m\u00b2<\/h2>\n<ul data-start=\"535\" data-end=\"692\">\n<li data-start=\"535\" data-end=\"582\">\n<p data-start=\"537\" data-end=\"582\">Cung c\u1ea5p l\u01b0\u1ee3ng kh\u00ed t\u01b0\u01a1i d\u1ed3i d\u00e0o v\u00e0 li\u00ean t\u1ee5c<\/p>\n<\/li>\n<li data-start=\"583\" data-end=\"630\">\n<p data-start=\"585\" data-end=\"630\">Gi\u1ea3m t\u00edch t\u1ee5 CO\u2082, lo\u1ea1i b\u1ecf kh\u00f4ng kh\u00ed t\u00f9 \u0111\u1ecdng<\/p>\n<\/li>\n<li data-start=\"631\" data-end=\"692\">\n<p data-start=\"633\" data-end=\"692\">Duy tr\u00ec m\u00f4i tr\u01b0\u1eddng th\u00f4ng tho\u00e1ng cho kh\u00f4ng gian \u0111\u00f4ng ng\u01b0\u1eddi<\/p>\n<\/li>\n<\/ul>\n<p data-start=\"694\" data-end=\"793\">Ph\u00f9 h\u1ee3p v\u1edbi bi\u1ec7t th\u1ef1, v\u0103n ph\u00f2ng \u0111a ph\u00f2ng ban, spa cao c\u1ea5p, nh\u00e0 h\u00e0ng ho\u1eb7c khu kinh doanh quy m\u00f4 l\u1edbn.<\/p>\n<h2 data-start=\"800\" data-end=\"846\">\ud83c\udf3f H\u1ec7 th\u1ed1ng l\u1ecdc 3 c\u1ea5p \u2013 L\u1ecdc s\u1ea1ch \u0111\u1ebfn 99,97%<\/h2>\n<p data-start=\"847\" data-end=\"896\">GO 800 \u0111\u01b0\u1ee3c trang b\u1ecb h\u1ec7 th\u1ed1ng l\u1ecdc kh\u00ed chuy\u00ean s\u00e2u:<\/p>\n<ul data-start=\"897\" data-end=\"1072\">\n<li data-start=\"897\" data-end=\"941\">\n<p data-start=\"899\" data-end=\"941\"><strong data-start=\"899\" data-end=\"910\">L\u1ecdc th\u00f4<\/strong>: lo\u1ea1i b\u1ecf b\u1ee5i l\u1edbn v\u00e0 t\u1ea1p ch\u1ea5t<\/p>\n<\/li>\n<li data-start=\"942\" data-end=\"998\">\n<p data-start=\"944\" data-end=\"998\"><strong data-start=\"944\" data-end=\"966\">L\u1ecdc than ho\u1ea1t t\u00ednh<\/strong>: kh\u1eed m\u00f9i, h\u1ea5p th\u1ee5 kh\u00ed \u0111\u1ed9c h\u1ea1i<\/p>\n<\/li>\n<li data-start=\"999\" data-end=\"1072\">\n<p data-start=\"1001\" data-end=\"1072\"><strong data-start=\"1001\" data-end=\"1013\">L\u1ecdc HEPA<\/strong>: lo\u1ea1i b\u1ecf b\u1ee5i si\u00eau m\u1ecbn PM2.5 v\u1edbi hi\u1ec7u su\u1ea5t l\u00ean \u0111\u1ebfn 99,97%<\/p>\n<\/li>\n<\/ul>\n<p data-start=\"1074\" data-end=\"1177\">Kh\u00f4ng kh\u00ed tr\u01b0\u1edbc khi \u0111\u01b0a v\u00e0o kh\u00f4ng gian \u0111\u01b0\u1ee3c x\u1eed l\u00fd s\u1ea1ch t\u1ed1i \u0111a, g\u00f3p ph\u1ea7n b\u1ea3o v\u1ec7 s\u1ee9c kh\u1ecfe h\u00f4 h\u1ea5p l\u00e2u d\u00e0i.<\/p>\n<h2 data-start=\"1184\" data-end=\"1221\">\ud83d\udd07 V\u1eadn h\u00e0nh \u00eam \u00e1i \u2013 \u0110\u1ed9 \u1ed3n ch\u1ec9 28dB<\/h2>\n<p data-start=\"1222\" data-end=\"1362\">D\u00f9 s\u1edf h\u1eefu c\u00f4ng su\u1ea5t l\u1edbn, thi\u1ebft b\u1ecb v\u1eabn duy tr\u00ec \u0111\u1ed9 \u1ed3n t\u1ed1i \u0111a 28dB, \u0111\u1ea3m b\u1ea3o s\u1ef1 y\u00ean t\u0129nh c\u1ea7n thi\u1ebft cho m\u00f4i tr\u01b0\u1eddng l\u00e0m vi\u1ec7c v\u00e0 sinh ho\u1ea1t cao c\u1ea5p.<\/p>\n<h2 data-start=\"1369\" data-end=\"1405\">\u2b50 S\u1ea3n xu\u1ea5t theo ti\u00eau chu\u1ea9n EU GMP<\/h2>\n<p data-start=\"1406\" data-end=\"1472\">NAVA AIR GO 800 \u0111\u01b0\u1ee3c s\u1ea3n xu\u1ea5t theo ti\u00eau chu\u1ea9n <strong data-start=\"1452\" data-end=\"1462\">EU GMP<\/strong>, \u0111\u1ea3m b\u1ea3o:<\/p>\n<ul data-start=\"1473\" data-end=\"1573\">\n<li data-start=\"1473\" data-end=\"1505\">\n<p data-start=\"1475\" data-end=\"1505\">Ch\u1ea5t l\u01b0\u1ee3ng linh ki\u1ec7n \u0111\u1ed3ng b\u1ed9<\/p>\n<\/li>\n<li data-start=\"1506\" data-end=\"1538\">\n<p data-start=\"1508\" data-end=\"1538\">\u0110\u1ed9 b\u1ec1n cao, v\u1eadn h\u00e0nh \u1ed5n \u0111\u1ecbnh<\/p>\n<\/li>\n<li data-start=\"1539\" data-end=\"1573\">\n<p data-start=\"1541\" data-end=\"1573\">T\u1ed1i \u01b0u chi ph\u00ed s\u1eed d\u1ee5ng l\u00e2u d\u00e0i<\/p>\n<\/li>\n<\/ul>\n<h3 data-start=\"1580\" data-end=\"1653\">\ud83c\udfaf NAVA AIR GO 800 \u2013 N\u00e2ng t\u1ea7m ti\u00eau chu\u1ea9n kh\u00f4ng kh\u00ed cho c\u00f4ng tr\u00ecnh l\u1edbn<\/h3>\n<p data-start=\"1654\" data-end=\"1838\" data-is-last-node=\"\" data-is-only-node=\"\">Kh\u00f4ng ch\u1ec9 l\u00e0 m\u00e1y c\u1ea5p kh\u00ed t\u01b0\u01a1i, GO 800 l\u00e0 gi\u1ea3i ph\u00e1p ki\u1ec3m so\u00e1t ch\u1ea5t l\u01b0\u1ee3ng kh\u00f4ng kh\u00ed to\u00e0n di\u1ec7n, gi\u00fap m\u1ed7i c\u00f4ng tr\u00ecnh \u0111\u1ea1t chu\u1ea9n s\u1ed1ng xanh, chuy\u00ean nghi\u1ec7p v\u00e0 b\u1ec1n v\u1eefng theo ti\u00eau chu\u1ea9n ch\u00e2u \u00c2u.<\/p>\n<\/div>\n<\/div>\n<\/div>\n<\/div>\n<\/div>\n<\/div>\n<\/article>\n","protected":false},"excerpt":{"rendered":"<p>Tumblr post-ironic typewriter, sriracha tote bag kogi you probably haven&#8217;t heard of them 8-bit tousled aliquip nostrud fixie ut put a bird on it nulla. Direct trade Banksy Carles pop-up. Marfa authentic High Life veniam.<\/p>\n","protected":false},"featured_media":338,"comment_status":"open","ping_status":"closed","template":"","meta":[],"product_brand":[],"product_cat":[35],"product_tag":[46,52,53],"class_list":{"0":"post-186","1":"product","2":"type-product","3":"status-publish","4":"has-post-thumbnail","6":"product_cat-maycapkhituoimotchieu","7":"product_tag-bag","8":"product_tag-converse","9":"product_tag-rock-chick","11":"first","12":"instock","13":"shipping-taxable","14":"product-type-simple"},"jetpack_sharing_enabled":true,"_links":{"self":[{"href":"https:\/\/khituoi.vn\/index.php?rest_route=\/wp\/v2\/product\/186","targetHints":{"allow":["GET"]}}],"collection":[{"href":"https:\/\/khituoi.vn\/index.php?rest_route=\/wp\/v2\/product"}],"about":[{"href":"https:\/\/khituoi.vn\/index.php?rest_route=\/wp\/v2\/types\/product"}],"replies":[{"embeddable":true,"href":"https:\/\/khituoi.vn\/index.php?rest_route=%2Fwp%2Fv2%2Fcomments&post=186"}],"wp:featuredmedia":[{"embeddable":true,"href":"https:\/\/khituoi.vn\/index.php?rest_route=\/wp\/v2\/media\/338"}],"wp:attachment":[{"href":"https:\/\/khituoi.vn\/index.php?rest_route=%2Fwp%2Fv2%2Fmedia&parent=186"}],"wp:term":[{"taxonomy":"product_brand","embeddable":true,"href":"https:\/\/khituoi.vn\/index.php?rest_route=%2Fwp%2Fv2%2Fproduct_brand&post=186"},{"taxonomy":"product_cat","embeddable":true,"href":"https:\/\/khituoi.vn\/index.php?rest_route=%2Fwp%2Fv2%2Fproduct_cat&post=186"},{"taxonomy":"product_tag","embeddable":true,"href":"https:\/\/khituoi.vn\/index.php?rest_route=%2Fwp%2Fv2%2Fproduct_tag&post=186"}],"curies":[{"name":"wp","href":"https:\/\/api.w.org\/{rel}","templated":true}]}}