{"id":187,"date":"2013-08-10T09:16:03","date_gmt":"2013-08-10T09:16:03","guid":{"rendered":"http:\/\/uxthemes.wpengine.com\/product\/daisy-bag-sonia-by-sonia-rykiel\/"},"modified":"2026-04-06T08:35:48","modified_gmt":"2026-04-06T08:35:48","slug":"daisy-bag-sonia-by-sonia-rykiel","status":"publish","type":"product","link":"https:\/\/khituoi.vn\/?product=daisy-bag-sonia-by-sonia-rykiel","title":{"rendered":"NAVA AIR ERV FLIP"},"content":{"rendered":"<p data-start=\"0\" data-end=\"111\"><strong data-start=\"0\" data-end=\"111\"><span class=\"hover:entity-accent entity-underline inline cursor-pointer align-baseline\"><span class=\"whitespace-normal\">NAVA AIR<\/span><\/span> ERV FLIP \u2013 Gi\u1ea3i ph\u00e1p kh\u00ed t\u01b0\u01a1i th\u00f4ng minh cho ph\u00f2ng nh\u1ecf<\/strong><\/p>\n<p data-start=\"113\" data-end=\"461\">NAVA AIR ERV FLIP l\u00e0 d\u00f2ng m\u00e1y c\u1ea5p kh\u00ed t\u01b0\u01a1i g\u1eafn t\u01b0\u1eddng 2 chi\u1ec1u nh\u1ecf g\u1ecdn, \u0111\u01b0\u1ee3c thi\u1ebft k\u1ebf t\u1ed1i \u01b0u cho ph\u00f2ng ng\u1ee7, ph\u00f2ng l\u00e0m vi\u1ec7c ho\u1eb7c kh\u00f4ng gian di\u1ec7n t\u00edch t\u1eeb 10\u201320m\u00b2. Thi\u1ebft b\u1ecb kh\u00f4ng ch\u1ec9 c\u1ea5p kh\u00ed t\u01b0\u01a1i gi\u00e0u oxy li\u00ean t\u1ee5c m\u00e0 c\u00f2n thu h\u1ed3i nhi\u1ec7t v\u00e0 l\u1ecdc s\u1ea1ch kh\u00f4ng kh\u00ed tr\u01b0\u1edbc khi \u0111\u01b0a v\u00e0o trong ph\u00f2ng, gi\u00fap kh\u00f4ng gian lu\u00f4n trong l\u00e0nh, d\u1ec5 ch\u1ecbu v\u00e0 ti\u1ebft ki\u1ec7m n\u0103ng l\u01b0\u1ee3ng.<\/p>\n<p data-start=\"113\" data-end=\"461\"><img loading=\"lazy\" decoding=\"async\" class=\"alignnone size-full wp-image-478\" src=\"https:\/\/khituoi.vn\/wp-content\/uploads\/2013\/08\/Anh-man-hinh-2026-04-05-luc-10.36.23.png\" alt=\"\" width=\"290\" height=\"198\" \/><\/p>\n<h3 data-start=\"463\" data-end=\"525\">\ud83c\udf3f Kh\u00f4ng kh\u00ed s\u1ea1ch \u2013 v\u1eadn h\u00e0nh th\u00f4ng minh \u2013 t\u1ed1i \u01b0u ti\u1ec7n nghi<\/h3>\n<ul data-start=\"526\" data-end=\"985\">\n<li data-start=\"526\" data-end=\"613\">\n<p data-start=\"528\" data-end=\"613\"><strong data-start=\"528\" data-end=\"552\">L\u01b0u l\u01b0\u1ee3ng gi\u00f3 60m\u00b3\/h<\/strong> \u2013 \u0111\u1ea3m b\u1ea3o trao \u0111\u1ed5i kh\u00f4ng kh\u00ed hi\u1ec7u qu\u1ea3 cho ph\u00f2ng nh\u1ecf v\u00e0 v\u1eeba<\/p>\n<\/li>\n<li data-start=\"614\" data-end=\"699\">\n<p data-start=\"616\" data-end=\"699\"><strong data-start=\"616\" data-end=\"647\">Gi\u1ea3i ph\u00e1p 2 chi\u1ec1u to\u00e0n di\u1ec7n<\/strong> \u2013 v\u1eeba c\u1ea5p kh\u00ed t\u01b0\u01a1i, v\u1eeba th\u1ea3i kh\u00ed t\u00f9 \u0111\u1ecdng ra ngo\u00e0i<\/p>\n<\/li>\n<li data-start=\"700\" data-end=\"782\">\n<p data-start=\"702\" data-end=\"782\"><strong data-start=\"702\" data-end=\"730\">Thu h\u1ed3i nhi\u1ec7t th\u00f4ng minh<\/strong> \u2013 h\u1ea1n ch\u1ebf th\u1ea5t tho\u00e1t nhi\u1ec7t, gi\u1ea3m t\u1ea3i cho \u0111i\u1ec1u h\u00f2a<\/p>\n<\/li>\n<li data-start=\"783\" data-end=\"856\">\n<p data-start=\"785\" data-end=\"856\"><strong data-start=\"785\" data-end=\"813\">\u0110\u1ed9 \u1ed3n si\u00eau th\u1ea5p ch\u1ec9 25dB<\/strong> \u2013 v\u1eadn h\u00e0nh \u00eam \u00e1i, l\u00fd t\u01b0\u1edfng cho ph\u00f2ng ng\u1ee7<\/p>\n<\/li>\n<li data-start=\"857\" data-end=\"926\">\n<p data-start=\"859\" data-end=\"926\"><strong data-start=\"859\" data-end=\"892\">3 c\u1ea5p l\u1ecdc + b\u1ed9 trao \u0111\u1ed5i nhi\u1ec7t<\/strong> \u2013 l\u1ecdc s\u1ea1ch kh\u00f4ng kh\u00ed \u0111\u1ebfn 99,97%<\/p>\n<\/li>\n<li data-start=\"927\" data-end=\"985\">\n<p data-start=\"929\" data-end=\"985\"><strong data-start=\"929\" data-end=\"952\">\u0110i\u1ec1u khi\u1ec3n ti\u1ec7n l\u1ee3i<\/strong> \u2013 remote v\u00e0 k\u1ebft n\u1ed1i th\u00f4ng minh<\/p>\n<\/li>\n<\/ul>\n<h3 data-start=\"987\" data-end=\"1037\">\u2b50 Thi\u1ebft k\u1ebf nh\u1ecf g\u1ecdn \u2013 hi\u1ec7u su\u1ea5t chu\u1ea9n ch\u00e2u \u00c2u<\/h3>\n<p><img loading=\"lazy\" decoding=\"async\" class=\"size-medium wp-image-476 alignnone\" src=\"https:\/\/khituoi.vn\/wp-content\/uploads\/2013\/08\/z7692898447537_c3da98477fe48aa791dc6bba0351422a-sao-chep-204x400.jpg\" alt=\"\" width=\"204\" height=\"400\" srcset=\"https:\/\/khituoi.vn\/wp-content\/uploads\/2013\/08\/z7692898447537_c3da98477fe48aa791dc6bba0351422a-sao-chep-204x400.jpg 204w, https:\/\/khituoi.vn\/wp-content\/uploads\/2013\/08\/z7692898447537_c3da98477fe48aa791dc6bba0351422a-sao-chep-407x800.jpg 407w, https:\/\/khituoi.vn\/wp-content\/uploads\/2013\/08\/z7692898447537_c3da98477fe48aa791dc6bba0351422a-sao-chep-768x1509.jpg 768w, https:\/\/khituoi.vn\/wp-content\/uploads\/2013\/08\/z7692898447537_c3da98477fe48aa791dc6bba0351422a-sao-chep-782x1536.jpg 782w, https:\/\/khituoi.vn\/wp-content\/uploads\/2013\/08\/z7692898447537_c3da98477fe48aa791dc6bba0351422a-sao-chep-600x1179.jpg 600w, https:\/\/khituoi.vn\/wp-content\/uploads\/2013\/08\/z7692898447537_c3da98477fe48aa791dc6bba0351422a-sao-chep.jpg 790w\" sizes=\"auto, (max-width: 204px) 100vw, 204px\" \/><\/p>\n<p data-start=\"1038\" data-end=\"1257\">M\u00e1y \u0111\u01b0\u1ee3c thi\u1ebft k\u1ebf hi\u1ec7n \u0111\u1ea1i, l\u1eafp \u0111\u1eb7t g\u1ecdn g\u00e0ng tr\u00ean t\u01b0\u1eddng, ph\u00f9 h\u1ee3p v\u1edbi nhi\u1ec1u phong c\u00e1ch n\u1ed9i th\u1ea5t. H\u1ec7 th\u1ed1ng v\u1eadn h\u00e0nh b\u1ec1n b\u1ec9 theo ti\u00eau chu\u1ea9n ch\u1ea5t l\u01b0\u1ee3ng ch\u00e2u \u00c2u, mang \u0111\u1ebfn hi\u1ec7u qu\u1ea3 \u1ed5n \u0111\u1ecbnh v\u00e0 an t\u00e2m l\u00e2u d\u00e0i cho ng\u01b0\u1eddi s\u1eed d\u1ee5ng.<\/p>\n<h3 data-start=\"1259\" data-end=\"1279\">\ud83d\udca1 L\u00fd t\u01b0\u1edfng cho:<\/h3>\n<p data-start=\"1280\" data-end=\"1421\">\u2714 Ph\u00f2ng ng\u1ee7 ri\u00eang<br data-start=\"1297\" data-end=\"1300\" \/>\u2714 Ph\u00f2ng l\u00e0m vi\u1ec7c c\u00e1 nh\u00e2n<br data-start=\"1324\" data-end=\"1327\" \/>\u2714 C\u0103n h\u1ed9 nh\u1ecf c\u1ea7n trao \u0111\u1ed5i kh\u00ed li\u00ean t\u1ee5c<br data-start=\"1365\" data-end=\"1368\" \/>\u2714 Kh\u00f4ng gian c\u1ea7n y\u00ean t\u0129nh v\u00e0 kh\u00f4ng kh\u00ed s\u1ea1ch \u1ed5n \u0111\u1ecbnh<\/p>\n<p data-start=\"1423\" data-end=\"1618\" data-is-last-node=\"\" data-is-only-node=\"\"><strong data-start=\"1423\" data-end=\"1618\" data-is-last-node=\"\">NAVA AIR ERV FLIP kh\u00f4ng ch\u1ec9 l\u00e0 thi\u1ebft b\u1ecb th\u00f4ng gi\u00f3 \u2014 m\u00e0 l\u00e0 gi\u1ea3i ph\u00e1p n\u00e2ng cao ch\u1ea5t l\u01b0\u1ee3ng s\u1ed1ng m\u1ed7i ng\u00e0y, gi\u00fap b\u1ea1n h\u00edt th\u1edf b\u1ea7u kh\u00f4ng kh\u00ed s\u1ea1ch, t\u01b0\u01a1i v\u00e0 d\u1ec5 ch\u1ecbu ngay trong ch\u00ednh ng\u00f4i nh\u00e0 c\u1ee7a m\u00ecnh.<\/strong><\/p>\n","protected":false},"excerpt":{"rendered":"<p>Tumblr post-ironic typewriter, sriracha tote bag kogi you probably haven&#8217;t heard of them 8-bit tousled aliquip nostrud fixie ut put a bird on it nulla. Direct trade Banksy Carles pop-up. Marfa authentic High Life veniam.<\/p>\n","protected":false},"featured_media":318,"comment_status":"open","ping_status":"closed","template":"","meta":[],"product_brand":[],"product_cat":[15],"product_tag":[],"class_list":{"0":"post-187","1":"product","2":"type-product","3":"status-publish","4":"has-post-thumbnail","6":"product_cat-maygantuong","8":"first","9":"instock","10":"shipping-taxable","11":"product-type-simple"},"jetpack_sharing_enabled":true,"_links":{"self":[{"href":"https:\/\/khituoi.vn\/index.php?rest_route=\/wp\/v2\/product\/187","targetHints":{"allow":["GET"]}}],"collection":[{"href":"https:\/\/khituoi.vn\/index.php?rest_route=\/wp\/v2\/product"}],"about":[{"href":"https:\/\/khituoi.vn\/index.php?rest_route=\/wp\/v2\/types\/product"}],"replies":[{"embeddable":true,"href":"https:\/\/khituoi.vn\/index.php?rest_route=%2Fwp%2Fv2%2Fcomments&post=187"}],"wp:featuredmedia":[{"embeddable":true,"href":"https:\/\/khituoi.vn\/index.php?rest_route=\/wp\/v2\/media\/318"}],"wp:attachment":[{"href":"https:\/\/khituoi.vn\/index.php?rest_route=%2Fwp%2Fv2%2Fmedia&parent=187"}],"wp:term":[{"taxonomy":"product_brand","embeddable":true,"href":"https:\/\/khituoi.vn\/index.php?rest_route=%2Fwp%2Fv2%2Fproduct_brand&post=187"},{"taxonomy":"product_cat","embeddable":true,"href":"https:\/\/khituoi.vn\/index.php?rest_route=%2Fwp%2Fv2%2Fproduct_cat&post=187"},{"taxonomy":"product_tag","embeddable":true,"href":"https:\/\/khituoi.vn\/index.php?rest_route=%2Fwp%2Fv2%2Fproduct_tag&post=187"}],"curies":[{"name":"wp","href":"https:\/\/api.w.org\/{rel}","templated":true}]}}